{"id":1824,"date":"2016-11-16T17:07:42","date_gmt":"2016-11-16T17:07:42","guid":{"rendered":"https:\/\/www.euroretol.com\/empresa-de-retolacio-publicitaria-i-impressio-digital\/"},"modified":"2023-08-04T11:26:08","modified_gmt":"2023-08-04T11:26:08","slug":"rotulacio-publicitaria-bcn","status":"publish","type":"page","link":"https:\/\/www.euroretol.com\/ca\/rotulacio-publicitaria-bcn\/","title":{"rendered":"Qui som"},"content":{"rendered":"<div class=\"img-cabecera full-width\"><img decoding=\"async\" src=\"https:\/\/www.euroretol.com\/wp-content\/uploads\/2023\/07\/cabecera-1.jpg\" title=\"Fabricaci\u00f3 de r\u00e8tols i elements publicitaris\" alt=\"R\u00e8tols i elements de publicitat\"><\/div>\n<h1 class=\"titulo-con-cabecera\">Empresa de retolaci\u00f3 publicit\u00e0ria i impressi\u00f3 digital<\/h1>\n<h2>R\u00e8tols, retolaci\u00f3 i publicitat<\/h2>\n<div class=\"columnas\">\n<div class=\"columna1\">\n<p>A Euro Retol posem a la vostra disposici\u00f3 la nostra experi\u00e8ncia personal de m\u00e9s de 25 anys en els sectors en creixement de la <strong>retolaci\u00f3 publicit\u00e0ria<\/strong> i <strong>impressi\u00f3 digital<\/strong>, evolucionant dia a dia amb la tecnologia d&#8217;avantguarda m\u00e9s avan\u00e7ada i sofisticada del mercat, per poder oferir als nostres clients serveis d&#8217;alta qualitat amb els dissenys m\u00e9s elegants i punters.<\/p>\n<p class=\"txt-destacar\">Aix\u00f2 \u00e9s una part del que Euro Retol pot oferir a la seva empresa per realitzar la seva <strong>imatge corporativa<\/strong> i <strong>publicitat<\/strong> d&#8217;acord amb els temps actuals.<\/p>\n<\/div>\n<div class=\"columna2\">\n<div class=\"img-empresa\"><img decoding=\"async\" src=\"https:\/\/www.euroretol.com\/wp-content\/uploads\/2023\/04\/empresa-rotulos-euroretols.jpg\" title=\"R\u00e8tols, retolaci\u00f3 i elements de publicitat\" alt=\"R\u00e8tols, retolaci\u00f3 i publicitat\"><\/div>\n<\/div>\n<\/div>\n<div class=\"limpio\"><\/div>\n<p>El nostre personal est\u00e0 format per personal dedicat al sector de la <strong>retolaci\u00f3 a Barcelona<\/strong> des de fa m\u00e9s de 25 anys. Assegurem terminis de lliurament amb rigor, acabats de qualitat i amb la m\u00e0xima garantia.<\/p>\n<div class=\"presupuestos animated slideInUp duration2 eds-on-scroll\">\n<p class=\"destacado\">Si voleu consultar pressupostos no dubteu a contactar amb nosaltres.<\/p>\n<p class=\"destacado2\"><a class=\"enlace\" href=\"https:\/\/www.euroretol.com\/ca\/contacte-amb-euroretol\/\" title=\"Pressupost r\u00e8tols, impressi\u00f3 digital i elements de publicitat\">Pressupost sense comprom\u00eds!<\/a><\/p>\n<p class=\"destacado3\">Contacteu amb nosaltres i porteu-nos el vostre projecte,<br \/> nosaltres ens encarreguem de fer-ho realitat en un temps r\u00e8cord.<\/p>\n<\/div>\n","protected":false},"excerpt":{"rendered":"<p>Empresa de retolaci\u00f3 publicit\u00e0ria i impressi\u00f3 digital R\u00e8tols, retolaci\u00f3 i publicitat A Euro Retol posem a la vostra disposici\u00f3 la nostra experi\u00e8ncia personal de m\u00e9s de 25 anys en els sectors en creixement de la retolaci\u00f3 publicit\u00e0ria i impressi\u00f3 digital, evolucionant dia a dia amb la tecnologia d&#8217;avantguarda m\u00e9s avan\u00e7ada i sofisticada del mercat, per [&hellip;]<\/p>\n","protected":false},"author":2,"featured_media":0,"parent":0,"menu_order":0,"comment_status":"closed","ping_status":"closed","template":"","meta":{"site-sidebar-layout":"default","site-content-layout":"default","ast-site-content-layout":"","site-content-style":"default","site-sidebar-style":"default","ast-global-header-display":"","ast-banner-title-visibility":"","ast-main-header-display":"","ast-hfb-above-header-display":"","ast-hfb-below-header-display":"","ast-hfb-mobile-header-display":"","site-post-title":"disabled","ast-breadcrumbs-content":"","ast-featured-img":"","footer-sml-layout":"","theme-transparent-header-meta":"default","adv-header-id-meta":"","stick-header-meta":"","header-above-stick-meta":"","header-main-stick-meta":"","header-below-stick-meta":"","astra-migrate-meta-layouts":"default","ast-page-background-enabled":"default","ast-page-background-meta":{"desktop":{"background-color":"var(--ast-global-color-4)","background-image":"","background-repeat":"repeat","background-position":"center center","background-size":"auto","background-attachment":"scroll","background-type":"","background-media":"","overlay-type":"","overlay-color":"","overlay-opacity":"","overlay-gradient":""},"tablet":{"background-color":"","background-image":"","background-repeat":"repeat","background-position":"center center","background-size":"auto","background-attachment":"scroll","background-type":"","background-media":"","overlay-type":"","overlay-color":"","overlay-opacity":"","overlay-gradient":""},"mobile":{"background-color":"","background-image":"","background-repeat":"repeat","background-position":"center center","background-size":"auto","background-attachment":"scroll","background-type":"","background-media":"","overlay-type":"","overlay-color":"","overlay-opacity":"","overlay-gradient":""}},"ast-content-background-meta":{"desktop":{"background-color":"var(--ast-global-color-5)","background-image":"","background-repeat":"repeat","background-position":"center center","background-size":"auto","background-attachment":"scroll","background-type":"","background-media":"","overlay-type":"","overlay-color":"","overlay-opacity":"","overlay-gradient":""},"tablet":{"background-color":"var(--ast-global-color-5)","background-image":"","background-repeat":"repeat","background-position":"center center","background-size":"auto","background-attachment":"scroll","background-type":"","background-media":"","overlay-type":"","overlay-color":"","overlay-opacity":"","overlay-gradient":""},"mobile":{"background-color":"var(--ast-global-color-5)","background-image":"","background-repeat":"repeat","background-position":"center center","background-size":"auto","background-attachment":"scroll","background-type":"","background-media":"","overlay-type":"","overlay-color":"","overlay-opacity":"","overlay-gradient":""}},"footnotes":""},"class_list":["post-1824","page","type-page","status-publish","hentry"],"yoast_head":"<!-- This site is optimized with the Yoast SEO plugin v27.0 - https:\/\/yoast.com\/product\/yoast-seo-wordpress\/ -->\n<title>Fabricaci\u00f3 de r\u00e8tols i elements de publicitat per a empreses<\/title>\n<meta name=\"description\" content=\"Empresa de fabricaci\u00f3 de r\u00e8tols i productes de publicitat o informaci\u00f3 d&#039;empreses i esdeveniments, retolaci\u00f3 de vehicles, tanques i pancartes\" \/>\n<meta name=\"robots\" content=\"index, follow, max-snippet:-1, max-image-preview:large, max-video-preview:-1\" \/>\n<link rel=\"canonical\" href=\"https:\/\/www.euroretol.com\/ca\/rotulacio-publicitaria-bcn\/\" \/>\n<meta property=\"og:locale\" content=\"ca_ES\" \/>\n<meta property=\"og:type\" content=\"article\" \/>\n<meta property=\"og:title\" content=\"Fabricaci\u00f3 de r\u00e8tols i elements de publicitat per a empreses\" \/>\n<meta property=\"og:description\" content=\"Empresa de fabricaci\u00f3 de r\u00e8tols i productes de publicitat o informaci\u00f3 d&#039;empreses i esdeveniments, retolaci\u00f3 de vehicles, tanques i pancartes\" \/>\n<meta property=\"og:url\" content=\"https:\/\/www.euroretol.com\/ca\/rotulacio-publicitaria-bcn\/\" \/>\n<meta property=\"og:site_name\" content=\"Euroretol - R\u00e8tols, publicitat i impressi\u00f3 digital\" \/>\n<meta property=\"article:modified_time\" content=\"2023-08-04T11:26:08+00:00\" \/>\n<meta property=\"og:image\" content=\"https:\/\/www.euroretol.com\/wp-content\/uploads\/2023\/07\/cabecera-1.jpg\" \/>\n<meta name=\"twitter:label1\" content=\"Temps estimat de lectura\" \/>\n\t<meta name=\"twitter:data1\" content=\"2 minuts\" \/>\n<script type=\"application\/ld+json\" class=\"yoast-schema-graph\">{\"@context\":\"https:\/\/schema.org\",\"@graph\":[{\"@type\":\"WebPage\",\"@id\":\"https:\/\/www.euroretol.com\/ca\/rotulacio-publicitaria-bcn\/\",\"url\":\"https:\/\/www.euroretol.com\/ca\/rotulacio-publicitaria-bcn\/\",\"name\":\"Fabricaci\u00f3 de r\u00e8tols i elements de publicitat per a empreses\",\"isPartOf\":{\"@id\":\"https:\/\/www.euroretol.com\/ca\/#website\"},\"primaryImageOfPage\":{\"@id\":\"https:\/\/www.euroretol.com\/ca\/rotulacio-publicitaria-bcn\/#primaryimage\"},\"image\":{\"@id\":\"https:\/\/www.euroretol.com\/ca\/rotulacio-publicitaria-bcn\/#primaryimage\"},\"thumbnailUrl\":\"https:\/\/www.euroretol.com\/wp-content\/uploads\/2023\/07\/cabecera-1.jpg\",\"datePublished\":\"2016-11-16T17:07:42+00:00\",\"dateModified\":\"2023-08-04T11:26:08+00:00\",\"description\":\"Empresa de fabricaci\u00f3 de r\u00e8tols i productes de publicitat o informaci\u00f3 d'empreses i esdeveniments, retolaci\u00f3 de vehicles, tanques i pancartes\",\"inLanguage\":\"ca\",\"potentialAction\":[{\"@type\":\"ReadAction\",\"target\":[\"https:\/\/www.euroretol.com\/ca\/rotulacio-publicitaria-bcn\/\"]}]},{\"@type\":\"ImageObject\",\"inLanguage\":\"ca\",\"@id\":\"https:\/\/www.euroretol.com\/ca\/rotulacio-publicitaria-bcn\/#primaryimage\",\"url\":\"https:\/\/www.euroretol.com\/wp-content\/uploads\/2023\/07\/cabecera-1.jpg\",\"contentUrl\":\"https:\/\/www.euroretol.com\/wp-content\/uploads\/2023\/07\/cabecera-1.jpg\"},{\"@type\":\"WebSite\",\"@id\":\"https:\/\/www.euroretol.com\/ca\/#website\",\"url\":\"https:\/\/www.euroretol.com\/ca\/\",\"name\":\"Euroretol - R\u00e8tols, publicitat i impressi\u00f3 digital\",\"description\":\"Serveis de rotulaci\u00f3\",\"publisher\":{\"@id\":\"https:\/\/www.euroretol.com\/ca\/#organization\"},\"potentialAction\":[{\"@type\":\"SearchAction\",\"target\":{\"@type\":\"EntryPoint\",\"urlTemplate\":\"https:\/\/www.euroretol.com\/ca\/?s={search_term_string}\"},\"query-input\":{\"@type\":\"PropertyValueSpecification\",\"valueRequired\":true,\"valueName\":\"search_term_string\"}}],\"inLanguage\":\"ca\"},{\"@type\":\"Organization\",\"@id\":\"https:\/\/www.euroretol.com\/ca\/#organization\",\"name\":\"Euroretol - R\u00e8tols, publicitat i impressi\u00f3 digital\",\"url\":\"https:\/\/www.euroretol.com\/ca\/\",\"logo\":{\"@type\":\"ImageObject\",\"inLanguage\":\"ca\",\"@id\":\"https:\/\/www.euroretol.com\/ca\/#\/schema\/logo\/image\/\",\"url\":\"https:\/\/www.euroretol.com\/wp-content\/uploads\/2024\/02\/euroretol-420x120-2.png\",\"contentUrl\":\"https:\/\/www.euroretol.com\/wp-content\/uploads\/2024\/02\/euroretol-420x120-2.png\",\"width\":420,\"height\":120,\"caption\":\"Euroretol - R\u00e8tols, publicitat i impressi\u00f3 digital\"},\"image\":{\"@id\":\"https:\/\/www.euroretol.com\/ca\/#\/schema\/logo\/image\/\"}}]}<\/script>\n<!-- \/ Yoast SEO plugin. -->","yoast_head_json":{"title":"Fabricaci\u00f3 de r\u00e8tols i elements de publicitat per a empreses","description":"Empresa de fabricaci\u00f3 de r\u00e8tols i productes de publicitat o informaci\u00f3 d'empreses i esdeveniments, retolaci\u00f3 de vehicles, tanques i pancartes","robots":{"index":"index","follow":"follow","max-snippet":"max-snippet:-1","max-image-preview":"max-image-preview:large","max-video-preview":"max-video-preview:-1"},"canonical":"https:\/\/www.euroretol.com\/ca\/rotulacio-publicitaria-bcn\/","og_locale":"ca_ES","og_type":"article","og_title":"Fabricaci\u00f3 de r\u00e8tols i elements de publicitat per a empreses","og_description":"Empresa de fabricaci\u00f3 de r\u00e8tols i productes de publicitat o informaci\u00f3 d'empreses i esdeveniments, retolaci\u00f3 de vehicles, tanques i pancartes","og_url":"https:\/\/www.euroretol.com\/ca\/rotulacio-publicitaria-bcn\/","og_site_name":"Euroretol - R\u00e8tols, publicitat i impressi\u00f3 digital","article_modified_time":"2023-08-04T11:26:08+00:00","og_image":[{"url":"https:\/\/www.euroretol.com\/wp-content\/uploads\/2023\/07\/cabecera-1.jpg","type":"","width":"","height":""}],"twitter_misc":{"Temps estimat de lectura":"2 minuts"},"schema":{"@context":"https:\/\/schema.org","@graph":[{"@type":"WebPage","@id":"https:\/\/www.euroretol.com\/ca\/rotulacio-publicitaria-bcn\/","url":"https:\/\/www.euroretol.com\/ca\/rotulacio-publicitaria-bcn\/","name":"Fabricaci\u00f3 de r\u00e8tols i elements de publicitat per a empreses","isPartOf":{"@id":"https:\/\/www.euroretol.com\/ca\/#website"},"primaryImageOfPage":{"@id":"https:\/\/www.euroretol.com\/ca\/rotulacio-publicitaria-bcn\/#primaryimage"},"image":{"@id":"https:\/\/www.euroretol.com\/ca\/rotulacio-publicitaria-bcn\/#primaryimage"},"thumbnailUrl":"https:\/\/www.euroretol.com\/wp-content\/uploads\/2023\/07\/cabecera-1.jpg","datePublished":"2016-11-16T17:07:42+00:00","dateModified":"2023-08-04T11:26:08+00:00","description":"Empresa de fabricaci\u00f3 de r\u00e8tols i productes de publicitat o informaci\u00f3 d'empreses i esdeveniments, retolaci\u00f3 de vehicles, tanques i pancartes","inLanguage":"ca","potentialAction":[{"@type":"ReadAction","target":["https:\/\/www.euroretol.com\/ca\/rotulacio-publicitaria-bcn\/"]}]},{"@type":"ImageObject","inLanguage":"ca","@id":"https:\/\/www.euroretol.com\/ca\/rotulacio-publicitaria-bcn\/#primaryimage","url":"https:\/\/www.euroretol.com\/wp-content\/uploads\/2023\/07\/cabecera-1.jpg","contentUrl":"https:\/\/www.euroretol.com\/wp-content\/uploads\/2023\/07\/cabecera-1.jpg"},{"@type":"WebSite","@id":"https:\/\/www.euroretol.com\/ca\/#website","url":"https:\/\/www.euroretol.com\/ca\/","name":"Euroretol - R\u00e8tols, publicitat i impressi\u00f3 digital","description":"Serveis de rotulaci\u00f3","publisher":{"@id":"https:\/\/www.euroretol.com\/ca\/#organization"},"potentialAction":[{"@type":"SearchAction","target":{"@type":"EntryPoint","urlTemplate":"https:\/\/www.euroretol.com\/ca\/?s={search_term_string}"},"query-input":{"@type":"PropertyValueSpecification","valueRequired":true,"valueName":"search_term_string"}}],"inLanguage":"ca"},{"@type":"Organization","@id":"https:\/\/www.euroretol.com\/ca\/#organization","name":"Euroretol - R\u00e8tols, publicitat i impressi\u00f3 digital","url":"https:\/\/www.euroretol.com\/ca\/","logo":{"@type":"ImageObject","inLanguage":"ca","@id":"https:\/\/www.euroretol.com\/ca\/#\/schema\/logo\/image\/","url":"https:\/\/www.euroretol.com\/wp-content\/uploads\/2024\/02\/euroretol-420x120-2.png","contentUrl":"https:\/\/www.euroretol.com\/wp-content\/uploads\/2024\/02\/euroretol-420x120-2.png","width":420,"height":120,"caption":"Euroretol - R\u00e8tols, publicitat i impressi\u00f3 digital"},"image":{"@id":"https:\/\/www.euroretol.com\/ca\/#\/schema\/logo\/image\/"}}]}},"_links":{"self":[{"href":"https:\/\/www.euroretol.com\/ca\/wp-json\/wp\/v2\/pages\/1824","targetHints":{"allow":["GET"]}}],"collection":[{"href":"https:\/\/www.euroretol.com\/ca\/wp-json\/wp\/v2\/pages"}],"about":[{"href":"https:\/\/www.euroretol.com\/ca\/wp-json\/wp\/v2\/types\/page"}],"author":[{"embeddable":true,"href":"https:\/\/www.euroretol.com\/ca\/wp-json\/wp\/v2\/users\/2"}],"replies":[{"embeddable":true,"href":"https:\/\/www.euroretol.com\/ca\/wp-json\/wp\/v2\/comments?post=1824"}],"version-history":[{"count":0,"href":"https:\/\/www.euroretol.com\/ca\/wp-json\/wp\/v2\/pages\/1824\/revisions"}],"wp:attachment":[{"href":"https:\/\/www.euroretol.com\/ca\/wp-json\/wp\/v2\/media?parent=1824"}],"curies":[{"name":"wp","href":"https:\/\/api.w.org\/{rel}","templated":true}]}}