{"id":1825,"date":"2016-11-16T17:08:27","date_gmt":"2016-11-16T17:08:27","guid":{"rendered":"https:\/\/www.euroretol.com\/productes\/"},"modified":"2023-08-07T07:43:40","modified_gmt":"2023-08-07T07:43:40","slug":"retols-publicitat","status":"publish","type":"page","link":"https:\/\/www.euroretol.com\/ca\/retols-publicitat\/","title":{"rendered":"Productes"},"content":{"rendered":"<div class=\"img-cabecera full-width\"><img decoding=\"async\" src=\"https:\/\/www.euroretol.com\/wp-content\/uploads\/2023\/07\/cabecera-1.jpg\" title=\"R\u00e8tols i elements de publicitat\" alt=\"R\u00e8tols i publicitat\"><\/div>\n<h1 class=\"titulo-con-cabecera\">R\u00e8tols i elements de publicitat<\/h1>\n<h2>R\u00e8tols, retolaci\u00f3 i impressi\u00f3 digital<\/h2>\n<p class=\"estrecho\">Oferim una gran varietat de <strong>productes publicitaris<\/strong>, aix\u00ed com <strong>r\u00e8tols<\/strong> o <strong>pancartes<\/strong>, <strong>expositors<\/strong> i molt m\u00e9s. Realitzem des del disseny, la fabricaci\u00f3 i la instal\u00b7laci\u00f3 o aplicaci\u00f3 en diferents superf\u00edcies.<br \/><strong>R\u00e8tols de comer\u00e7os<\/strong>, <strong>impressi\u00f3 i instal\u00b7laci\u00f3 de vinils<\/strong> <strong>retolaci\u00f3 de vehicles<\/strong>, <strong>r\u00e8tols led<\/strong>, <strong>lones publicit\u00e0ries<\/strong> a fa\u00e7anes o tancaments d&#8217;obres, etc.<\/p>\n<div class=\"cuadros-inicio\">\n<figure class=\"imghvr-hinge-left\">\n  <img decoding=\"async\" src=\"https:\/\/www.euroretol.com\/wp-content\/uploads\/2023\/05\/rotulos.jpg\" alt=\"R\u00e8tols per a comer\u00e7os\" title=\"R\u00e8tols\"><figcaption>\n<h3 class=\"ih-fade-down ih-delay-sm \">R\u00e8tols<\/h3>\n<p class=\"ih-zoom-in ih-delay-md\">\n      <i>Fabriquem i instal\u00b7lem <strong>r\u00e8tols publicitaris<\/strong> de tot tipus: <strong>R\u00e8tols lluminosos<\/strong>, <strong>led<\/strong>, <strong>tipus camerino<\/strong>, de <strong>ne\u00f3 led flexible<\/strong>, corporis, de caixa de llum, <strong>banderoles publicit\u00e0ries<\/strong>, de <strong>lletres fresades<\/strong> i <strong>t\u00f2tems publicitaris<\/strong>.<\/i>\n    <\/p>\n<p class=\"boton-enlace\"><a class=\"ih-fade-up ih-delay-lg button\" href=\"https:\/\/www.euroretol.com\/ca\/retols-publicitat\/retols\/\">+ Informaci\u00f3<\/a><\/p>\n<\/figcaption><a href=\"#\"><\/a><br \/>\n<\/figure>\n<figure class=\"imghvr-hinge-down\">\n  <img decoding=\"async\" src=\"https:\/\/www.euroretol.com\/wp-content\/uploads\/2023\/05\/vinilos-comerciales.jpg\" alt=\"Vinils\" title=\"Vinils\"><figcaption>\n<h3 class=\"ih-fade-down ih-delay-sm \">Vinils<\/h3>\n<p class=\"ih-zoom-in ih-delay-md\">\n      <i>Fabriquem i apliquem <strong>vinils de tot tipus<\/strong>: <strong>Vinils per a aparadors<\/strong>, <strong>vinils per a locals comercials<\/strong>, <strong>vinils infantils<\/strong>, <strong>vinils per a vidre<\/strong> i mampares i <strong>vinils personalitzats<\/strong>.<\/i>\n    <\/p>\n<p class=\"boton-enlace\"><a class=\"ih-fade-up ih-delay-lg button\" href=\"https:\/\/www.euroretol.com\/ca\/retols-publicitat\/vinils\/\">+ Informaci\u00f3<\/a><\/p>\n<\/figcaption><a href=\"#\"><\/a><br \/>\n<\/figure>\n<figure class=\"imghvr-hinge-right\">\n  <img decoding=\"async\" src=\"https:\/\/www.euroretol.com\/wp-content\/uploads\/2023\/05\/rotulacion.jpg\" alt=\"Retolaci\u00f3\" title=\"Retolaci\u00f3\"><figcaption>\n<h3 class=\"ih-fade-down ih-delay-sm \">Retolaci\u00f3<\/h3>\n<p class=\"ih-zoom-in ih-delay-md\">\n      <i>Fabriquem i apliquem la <strong>retolaci\u00f3 de la vostra empresa<\/strong> en tot tipus de superf\u00edcies: <strong>Retolaci\u00f3 de vehicles<\/strong>, <strong>retolaci\u00f3 de naus<\/strong> industrials o <strong>retolaci\u00f3 tancaments<\/strong> d&#8217;obra.<\/i>\n    <\/p>\n<p class=\"boton-enlace\"><a class=\"ih-fade-up ih-delay-lg button\" href=\"https:\/\/www.euroretol.com\/ca\/retols-publicitat\/retolacio\/\">+ Informaci\u00f3<\/a><\/p>\n<\/figcaption><a href=\"#\"><\/a><br \/>\n<\/figure>\n<figure class=\"imghvr-hinge-left\">\n  <img decoding=\"async\" src=\"https:\/\/www.euroretol.com\/wp-content\/uploads\/2023\/05\/pancartas-publicitarias.jpg\" alt=\"Lones i pancartes\" title=\"Lones i pancartes\"><figcaption>\n<h3 class=\"ih-fade-down ih-delay-sm \">Lones i pancartes<\/h3>\n<p class=\"ih-zoom-in ih-delay-md\">\n      <i>La <strong>publicitat m\u00e9s directa<\/strong> i integrada al paisatge urb\u00e0. Fes clic aqu\u00ed per veure alguns dels tipus de <strong>lones<\/strong> i <strong>pancartes publicit\u00e0ries<\/strong> que oferim.<\/i>\n    <\/p>\n<p class=\"boton-enlace\"><a class=\"ih-fade-up ih-delay-lg button\" href=\"https:\/\/www.euroretol.com\/ca\/retols-publicitat\/lones-i-pancartes-publicitaries\/\">+ Informaci\u00f3<\/a><\/p>\n<\/figcaption><a href=\"#\"><\/a><br \/>\n<\/figure>\n<figure class=\"imghvr-hinge-up\">\n  <img decoding=\"async\" src=\"https:\/\/www.euroretol.com\/wp-content\/uploads\/2023\/05\/stands-expositores.jpg\" alt=\"Estands i expositors\" title=\"Retolaci\u00f3 d'estands i expositors\"><figcaption>\n<h3 class=\"ih-fade-down ih-delay-sm \">Estands i expositors<\/h3>\n<p class=\"ih-zoom-in ih-delay-md\">\n      <i>Per <strong>reclamar latenci\u00f3 dels clients<\/strong> duna fira, \u00e9s fonamental tenir una <strong>retolaci\u00f3 del stand<\/strong> que cridi latenci\u00f3.<\/i>\n    <\/p>\n<p class=\"boton-enlace\"><a class=\"ih-fade-up ih-delay-lg button\" href=\"https:\/\/www.euroretol.com\/ca\/retols-publicitat\/retolacio-destands-i-expositors\/\">+ Informaci\u00f3<\/a><\/p>\n<\/figcaption><a href=\"#\"><\/a><br \/>\n<\/figure>\n<figure class=\"imghvr-hinge-right\">\n  <img decoding=\"async\" src=\"https:\/\/www.euroretol.com\/wp-content\/uploads\/2023\/05\/expositores-pop-up.jpg\" alt=\"Expositors Pop up\" title=\"Expositors Pop up\"><figcaption>\n<h3 class=\"ih-fade-down ih-delay-sm \">Expositors Pop up<\/h3>\n<p class=\"ih-zoom-in ih-delay-md\">\n      <i>Fabriquem tota mena d&#8217;<strong>expositors<\/strong>, <strong>roll up<\/strong>, <strong>photocalls<\/strong>, <strong>directoris d&#8217;empresa<\/strong>, <strong>carpetes led<\/strong> per publicitar immobles.<\/i>\n    <\/p>\n<p class=\"boton-enlace\"><a class=\"ih-fade-up ih-delay-lg button\" href=\"https:\/\/www.euroretol.com\/ca\/retols-publicitat\/expositors-pop-up\/\">+ Informaci\u00f3<\/a><\/p>\n<\/figcaption><a href=\"#\"><\/a><br \/>\n<\/figure>\n<\/div>\n","protected":false},"excerpt":{"rendered":"<p>R\u00e8tols i elements de publicitat R\u00e8tols, retolaci\u00f3 i impressi\u00f3 digital Oferim una gran varietat de productes publicitaris, aix\u00ed com r\u00e8tols o pancartes, expositors i molt m\u00e9s. Realitzem des del disseny, la fabricaci\u00f3 i la instal\u00b7laci\u00f3 o aplicaci\u00f3 en diferents superf\u00edcies.R\u00e8tols de comer\u00e7os, impressi\u00f3 i instal\u00b7laci\u00f3 de vinils retolaci\u00f3 de vehicles, r\u00e8tols led, lones publicit\u00e0ries a [&hellip;]<\/p>\n","protected":false},"author":2,"featured_media":0,"parent":0,"menu_order":0,"comment_status":"closed","ping_status":"closed","template":"","meta":{"site-sidebar-layout":"default","site-content-layout":"default","ast-site-content-layout":"","site-content-style":"default","site-sidebar-style":"default","ast-global-header-display":"","ast-banner-title-visibility":"","ast-main-header-display":"","ast-hfb-above-header-display":"","ast-hfb-below-header-display":"","ast-hfb-mobile-header-display":"","site-post-title":"disabled","ast-breadcrumbs-content":"","ast-featured-img":"","footer-sml-layout":"","theme-transparent-header-meta":"default","adv-header-id-meta":"","stick-header-meta":"","header-above-stick-meta":"","header-main-stick-meta":"","header-below-stick-meta":"","astra-migrate-meta-layouts":"default","ast-page-background-enabled":"default","ast-page-background-meta":{"desktop":{"background-color":"var(--ast-global-color-4)","background-image":"","background-repeat":"repeat","background-position":"center center","background-size":"auto","background-attachment":"scroll","background-type":"","background-media":"","overlay-type":"","overlay-color":"","overlay-opacity":"","overlay-gradient":""},"tablet":{"background-color":"","background-image":"","background-repeat":"repeat","background-position":"center center","background-size":"auto","background-attachment":"scroll","background-type":"","background-media":"","overlay-type":"","overlay-color":"","overlay-opacity":"","overlay-gradient":""},"mobile":{"background-color":"","background-image":"","background-repeat":"repeat","background-position":"center center","background-size":"auto","background-attachment":"scroll","background-type":"","background-media":"","overlay-type":"","overlay-color":"","overlay-opacity":"","overlay-gradient":""}},"ast-content-background-meta":{"desktop":{"background-color":"var(--ast-global-color-5)","background-image":"","background-repeat":"repeat","background-position":"center center","background-size":"auto","background-attachment":"scroll","background-type":"","background-media":"","overlay-type":"","overlay-color":"","overlay-opacity":"","overlay-gradient":""},"tablet":{"background-color":"var(--ast-global-color-5)","background-image":"","background-repeat":"repeat","background-position":"center center","background-size":"auto","background-attachment":"scroll","background-type":"","background-media":"","overlay-type":"","overlay-color":"","overlay-opacity":"","overlay-gradient":""},"mobile":{"background-color":"var(--ast-global-color-5)","background-image":"","background-repeat":"repeat","background-position":"center center","background-size":"auto","background-attachment":"scroll","background-type":"","background-media":"","overlay-type":"","overlay-color":"","overlay-opacity":"","overlay-gradient":""}},"footnotes":""},"class_list":["post-1825","page","type-page","status-publish","hentry"],"yoast_head":"<!-- This site is optimized with the Yoast SEO plugin v27.0 - https:\/\/yoast.com\/product\/yoast-seo-wordpress\/ -->\n<title>Fabricaci\u00f3 i instal\u00b7laci\u00f3 de r\u00e8tols i elements publicitaris<\/title>\n<meta name=\"description\" content=\"Empresa de fabricaci\u00f3 i instal\u00b7laci\u00f3 de r\u00e8tols, vinils, retolaci\u00f3, lones i pancartes, retolaci\u00f3 d&#039;estands i vehicles, entre d&#039;altres\" \/>\n<meta name=\"robots\" content=\"index, follow, max-snippet:-1, max-image-preview:large, max-video-preview:-1\" \/>\n<link rel=\"canonical\" href=\"https:\/\/www.euroretol.com\/ca\/retols-publicitat\/\" \/>\n<meta property=\"og:locale\" content=\"ca_ES\" \/>\n<meta property=\"og:type\" content=\"article\" \/>\n<meta property=\"og:title\" content=\"Fabricaci\u00f3 i instal\u00b7laci\u00f3 de r\u00e8tols i elements publicitaris\" \/>\n<meta property=\"og:description\" content=\"Empresa de fabricaci\u00f3 i instal\u00b7laci\u00f3 de r\u00e8tols, vinils, retolaci\u00f3, lones i pancartes, retolaci\u00f3 d&#039;estands i vehicles, entre d&#039;altres\" \/>\n<meta property=\"og:url\" content=\"https:\/\/www.euroretol.com\/ca\/retols-publicitat\/\" \/>\n<meta property=\"og:site_name\" content=\"Euroretol - R\u00e8tols, publicitat i impressi\u00f3 digital\" \/>\n<meta property=\"article:modified_time\" content=\"2023-08-07T07:43:40+00:00\" \/>\n<meta property=\"og:image\" content=\"https:\/\/www.euroretol.com\/wp-content\/uploads\/2023\/07\/cabecera-1.jpg\" \/>\n<meta name=\"twitter:label1\" content=\"Temps estimat de lectura\" \/>\n\t<meta name=\"twitter:data1\" content=\"3 minuts\" \/>\n<script type=\"application\/ld+json\" class=\"yoast-schema-graph\">{\"@context\":\"https:\/\/schema.org\",\"@graph\":[{\"@type\":\"WebPage\",\"@id\":\"https:\/\/www.euroretol.com\/ca\/retols-publicitat\/\",\"url\":\"https:\/\/www.euroretol.com\/ca\/retols-publicitat\/\",\"name\":\"Fabricaci\u00f3 i instal\u00b7laci\u00f3 de r\u00e8tols i elements publicitaris\",\"isPartOf\":{\"@id\":\"https:\/\/www.euroretol.com\/ca\/#website\"},\"primaryImageOfPage\":{\"@id\":\"https:\/\/www.euroretol.com\/ca\/retols-publicitat\/#primaryimage\"},\"image\":{\"@id\":\"https:\/\/www.euroretol.com\/ca\/retols-publicitat\/#primaryimage\"},\"thumbnailUrl\":\"https:\/\/www.euroretol.com\/wp-content\/uploads\/2023\/07\/cabecera-1.jpg\",\"datePublished\":\"2016-11-16T17:08:27+00:00\",\"dateModified\":\"2023-08-07T07:43:40+00:00\",\"description\":\"Empresa de fabricaci\u00f3 i instal\u00b7laci\u00f3 de r\u00e8tols, vinils, retolaci\u00f3, lones i pancartes, retolaci\u00f3 d'estands i vehicles, entre d'altres\",\"inLanguage\":\"ca\",\"potentialAction\":[{\"@type\":\"ReadAction\",\"target\":[\"https:\/\/www.euroretol.com\/ca\/retols-publicitat\/\"]}]},{\"@type\":\"ImageObject\",\"inLanguage\":\"ca\",\"@id\":\"https:\/\/www.euroretol.com\/ca\/retols-publicitat\/#primaryimage\",\"url\":\"https:\/\/www.euroretol.com\/wp-content\/uploads\/2023\/07\/cabecera-1.jpg\",\"contentUrl\":\"https:\/\/www.euroretol.com\/wp-content\/uploads\/2023\/07\/cabecera-1.jpg\"},{\"@type\":\"WebSite\",\"@id\":\"https:\/\/www.euroretol.com\/ca\/#website\",\"url\":\"https:\/\/www.euroretol.com\/ca\/\",\"name\":\"Euroretol - R\u00e8tols, publicitat i impressi\u00f3 digital\",\"description\":\"Serveis de rotulaci\u00f3\",\"publisher\":{\"@id\":\"https:\/\/www.euroretol.com\/ca\/#organization\"},\"potentialAction\":[{\"@type\":\"SearchAction\",\"target\":{\"@type\":\"EntryPoint\",\"urlTemplate\":\"https:\/\/www.euroretol.com\/ca\/?s={search_term_string}\"},\"query-input\":{\"@type\":\"PropertyValueSpecification\",\"valueRequired\":true,\"valueName\":\"search_term_string\"}}],\"inLanguage\":\"ca\"},{\"@type\":\"Organization\",\"@id\":\"https:\/\/www.euroretol.com\/ca\/#organization\",\"name\":\"Euroretol - R\u00e8tols, publicitat i impressi\u00f3 digital\",\"url\":\"https:\/\/www.euroretol.com\/ca\/\",\"logo\":{\"@type\":\"ImageObject\",\"inLanguage\":\"ca\",\"@id\":\"https:\/\/www.euroretol.com\/ca\/#\/schema\/logo\/image\/\",\"url\":\"https:\/\/www.euroretol.com\/wp-content\/uploads\/2024\/02\/euroretol-420x120-2.png\",\"contentUrl\":\"https:\/\/www.euroretol.com\/wp-content\/uploads\/2024\/02\/euroretol-420x120-2.png\",\"width\":420,\"height\":120,\"caption\":\"Euroretol - R\u00e8tols, publicitat i impressi\u00f3 digital\"},\"image\":{\"@id\":\"https:\/\/www.euroretol.com\/ca\/#\/schema\/logo\/image\/\"}}]}<\/script>\n<!-- \/ Yoast SEO plugin. -->","yoast_head_json":{"title":"Fabricaci\u00f3 i instal\u00b7laci\u00f3 de r\u00e8tols i elements publicitaris","description":"Empresa de fabricaci\u00f3 i instal\u00b7laci\u00f3 de r\u00e8tols, vinils, retolaci\u00f3, lones i pancartes, retolaci\u00f3 d'estands i vehicles, entre d'altres","robots":{"index":"index","follow":"follow","max-snippet":"max-snippet:-1","max-image-preview":"max-image-preview:large","max-video-preview":"max-video-preview:-1"},"canonical":"https:\/\/www.euroretol.com\/ca\/retols-publicitat\/","og_locale":"ca_ES","og_type":"article","og_title":"Fabricaci\u00f3 i instal\u00b7laci\u00f3 de r\u00e8tols i elements publicitaris","og_description":"Empresa de fabricaci\u00f3 i instal\u00b7laci\u00f3 de r\u00e8tols, vinils, retolaci\u00f3, lones i pancartes, retolaci\u00f3 d'estands i vehicles, entre d'altres","og_url":"https:\/\/www.euroretol.com\/ca\/retols-publicitat\/","og_site_name":"Euroretol - R\u00e8tols, publicitat i impressi\u00f3 digital","article_modified_time":"2023-08-07T07:43:40+00:00","og_image":[{"url":"https:\/\/www.euroretol.com\/wp-content\/uploads\/2023\/07\/cabecera-1.jpg","type":"","width":"","height":""}],"twitter_misc":{"Temps estimat de lectura":"3 minuts"},"schema":{"@context":"https:\/\/schema.org","@graph":[{"@type":"WebPage","@id":"https:\/\/www.euroretol.com\/ca\/retols-publicitat\/","url":"https:\/\/www.euroretol.com\/ca\/retols-publicitat\/","name":"Fabricaci\u00f3 i instal\u00b7laci\u00f3 de r\u00e8tols i elements publicitaris","isPartOf":{"@id":"https:\/\/www.euroretol.com\/ca\/#website"},"primaryImageOfPage":{"@id":"https:\/\/www.euroretol.com\/ca\/retols-publicitat\/#primaryimage"},"image":{"@id":"https:\/\/www.euroretol.com\/ca\/retols-publicitat\/#primaryimage"},"thumbnailUrl":"https:\/\/www.euroretol.com\/wp-content\/uploads\/2023\/07\/cabecera-1.jpg","datePublished":"2016-11-16T17:08:27+00:00","dateModified":"2023-08-07T07:43:40+00:00","description":"Empresa de fabricaci\u00f3 i instal\u00b7laci\u00f3 de r\u00e8tols, vinils, retolaci\u00f3, lones i pancartes, retolaci\u00f3 d'estands i vehicles, entre d'altres","inLanguage":"ca","potentialAction":[{"@type":"ReadAction","target":["https:\/\/www.euroretol.com\/ca\/retols-publicitat\/"]}]},{"@type":"ImageObject","inLanguage":"ca","@id":"https:\/\/www.euroretol.com\/ca\/retols-publicitat\/#primaryimage","url":"https:\/\/www.euroretol.com\/wp-content\/uploads\/2023\/07\/cabecera-1.jpg","contentUrl":"https:\/\/www.euroretol.com\/wp-content\/uploads\/2023\/07\/cabecera-1.jpg"},{"@type":"WebSite","@id":"https:\/\/www.euroretol.com\/ca\/#website","url":"https:\/\/www.euroretol.com\/ca\/","name":"Euroretol - R\u00e8tols, publicitat i impressi\u00f3 digital","description":"Serveis de rotulaci\u00f3","publisher":{"@id":"https:\/\/www.euroretol.com\/ca\/#organization"},"potentialAction":[{"@type":"SearchAction","target":{"@type":"EntryPoint","urlTemplate":"https:\/\/www.euroretol.com\/ca\/?s={search_term_string}"},"query-input":{"@type":"PropertyValueSpecification","valueRequired":true,"valueName":"search_term_string"}}],"inLanguage":"ca"},{"@type":"Organization","@id":"https:\/\/www.euroretol.com\/ca\/#organization","name":"Euroretol - R\u00e8tols, publicitat i impressi\u00f3 digital","url":"https:\/\/www.euroretol.com\/ca\/","logo":{"@type":"ImageObject","inLanguage":"ca","@id":"https:\/\/www.euroretol.com\/ca\/#\/schema\/logo\/image\/","url":"https:\/\/www.euroretol.com\/wp-content\/uploads\/2024\/02\/euroretol-420x120-2.png","contentUrl":"https:\/\/www.euroretol.com\/wp-content\/uploads\/2024\/02\/euroretol-420x120-2.png","width":420,"height":120,"caption":"Euroretol - R\u00e8tols, publicitat i impressi\u00f3 digital"},"image":{"@id":"https:\/\/www.euroretol.com\/ca\/#\/schema\/logo\/image\/"}}]}},"_links":{"self":[{"href":"https:\/\/www.euroretol.com\/ca\/wp-json\/wp\/v2\/pages\/1825","targetHints":{"allow":["GET"]}}],"collection":[{"href":"https:\/\/www.euroretol.com\/ca\/wp-json\/wp\/v2\/pages"}],"about":[{"href":"https:\/\/www.euroretol.com\/ca\/wp-json\/wp\/v2\/types\/page"}],"author":[{"embeddable":true,"href":"https:\/\/www.euroretol.com\/ca\/wp-json\/wp\/v2\/users\/2"}],"replies":[{"embeddable":true,"href":"https:\/\/www.euroretol.com\/ca\/wp-json\/wp\/v2\/comments?post=1825"}],"version-history":[{"count":0,"href":"https:\/\/www.euroretol.com\/ca\/wp-json\/wp\/v2\/pages\/1825\/revisions"}],"wp:attachment":[{"href":"https:\/\/www.euroretol.com\/ca\/wp-json\/wp\/v2\/media?parent=1825"}],"curies":[{"name":"wp","href":"https:\/\/api.w.org\/{rel}","templated":true}]}}