{"id":1831,"date":"2016-11-16T17:11:17","date_gmt":"2016-11-16T17:11:17","guid":{"rendered":"https:\/\/www.euroretol.com\/contacte-amb-euroretol\/"},"modified":"2023-08-04T15:31:55","modified_gmt":"2023-08-04T15:31:55","slug":"empresa-retolacio","status":"publish","type":"page","link":"https:\/\/www.euroretol.com\/ca\/empresa-retolacio\/","title":{"rendered":"Contacte"},"content":{"rendered":"<div id=\"pl-1831\"  class=\"panel-layout\" ><div id=\"pg-1831-0\"  class=\"panel-grid panel-no-style\" ><div id=\"pgc-1831-0-0\"  class=\"panel-grid-cell\" ><div id=\"panel-1831-0-0-0\" class=\"widget_text so-panel widget widget_custom_html panel-first-child panel-last-child\" data-index=\"0\" ><div class=\"textwidget custom-html-widget\"><div class=\"img-cabecera-contacto full-width\"><img decoding=\"async\" src=\"https:\/\/www.euroretol.com\/wp-content\/uploads\/2023\/07\/rotulacion-vehiculos.jpg\" title=\"Contacte amb empresa de r\u00e8tols i elements publicitaris\" alt=\"Contacte amb empresa de r\u00e8tols i elements publicitaris\"><\/div>\n\n<h1 class=\"titulo-con-cabecera\">Contacte amb Euroretol<\/h1>\n<h2>R\u00e8tols, retolaci\u00f3 i elements de publicitat<\/h2>\n<div class=\"estrecho\">\n<p>Contacteu amb nosaltres per <strong>sol\u00b7licitar pressupost sense comprom\u00eds<\/strong> de <strong>r\u00e8tols<\/strong> per al vostre comer\u00e7, <strong>vinils<\/strong>, <strong>retolaci\u00f3 de vehicles o aparadors<\/strong>, <strong>lones<\/strong> o <strong>pancartes<\/strong>, <strong>impressi\u00f3 i retolaci\u00f3 d'estands<\/strong>, <strong>expositors<\/strong> o <strong>impressi\u00f3 de tanques publicit\u00e0ries<\/strong>.<\/p>\n<\/div><\/div><\/div><\/div><\/div><div id=\"pg-1831-1\"  class=\"panel-grid panel-no-style\" ><div id=\"pgc-1831-1-0\"  class=\"panel-grid-cell\" ><div id=\"panel-1831-1-0-0\" class=\"widget_text so-panel widget widget_custom_html panel-first-child panel-last-child\" data-index=\"1\" ><h3 class=\"widget-title\">Formulari de contacte<\/h3><div class=\"textwidget custom-html-widget\">\n<div class=\"wpcf7 no-js\" id=\"wpcf7-f1872-o1\" lang=\"es-ES\" dir=\"ltr\" data-wpcf7-id=\"1872\">\n<div class=\"screen-reader-response\"><p role=\"status\" aria-live=\"polite\" aria-atomic=\"true\"><\/p> <ul><\/ul><\/div>\n<form action=\"\/ca\/wp-json\/wp\/v2\/pages\/1831#wpcf7-f1872-o1\" method=\"post\" class=\"wpcf7-form init wpcf7-acceptance-as-validation\" aria-label=\"Formulario de contacto\" novalidate=\"novalidate\" data-status=\"init\">\n<fieldset class=\"hidden-fields-container\"><input type=\"hidden\" name=\"_wpcf7\" value=\"1872\" \/><input type=\"hidden\" name=\"_wpcf7_version\" value=\"6.1.5\" \/><input type=\"hidden\" name=\"_wpcf7_locale\" value=\"es_ES\" \/><input type=\"hidden\" name=\"_wpcf7_unit_tag\" value=\"wpcf7-f1872-o1\" \/><input type=\"hidden\" name=\"_wpcf7_container_post\" value=\"0\" \/><input type=\"hidden\" name=\"_wpcf7_posted_data_hash\" value=\"\" \/>\n<\/fieldset>\n<p><label> Nom *<br \/>\n<span class=\"wpcf7-form-control-wrap\" data-name=\"your-name\"><input size=\"40\" maxlength=\"400\" class=\"wpcf7-form-control wpcf7-text wpcf7-validates-as-required\" aria-required=\"true\" aria-invalid=\"false\" value=\"\" type=\"text\" name=\"your-name\" \/><\/span> <\/label>\n<\/p>\n<p><label> Correu electr\u00f2nic *<br \/>\n<span class=\"wpcf7-form-control-wrap\" data-name=\"your-email\"><input size=\"40\" maxlength=\"400\" class=\"wpcf7-form-control wpcf7-email wpcf7-validates-as-required wpcf7-text wpcf7-validates-as-email\" aria-required=\"true\" aria-invalid=\"false\" value=\"\" type=\"email\" name=\"your-email\" \/><\/span> <\/label>\n<\/p>\n<p><label> Tel\u00e8fon *<br \/>\n<span class=\"wpcf7-form-control-wrap\" data-name=\"your-telefono\"><input size=\"40\" maxlength=\"400\" class=\"wpcf7-form-control wpcf7-text wpcf7-validates-as-required\" aria-required=\"true\" aria-invalid=\"false\" value=\"\" type=\"text\" name=\"your-telefono\" \/><\/span> <\/label>\n<\/p>\n<p><label> Missatge *<br \/>\n<span class=\"wpcf7-form-control-wrap\" data-name=\"your-message\"><textarea cols=\"40\" rows=\"10\" maxlength=\"2000\" class=\"wpcf7-form-control wpcf7-textarea wpcf7-validates-as-required\" aria-required=\"true\" aria-invalid=\"false\" name=\"your-message\"><\/textarea><\/span> <\/label>\n<\/p>\n<p><span class=\"wpcf7-form-control-wrap\" data-name=\"politica-privacidad\"><span class=\"wpcf7-form-control wpcf7-checkbox wpcf7-validates-as-required\"><span class=\"wpcf7-list-item first last\"><input type=\"checkbox\" name=\"politica-privacidad[]\" value=\"Accepto la\" \/><span class=\"wpcf7-list-item-label\">Accepto la<\/span><\/span><\/span><\/span><a target=\"blank\" href=\"ca\/politica-privacidad\">pol\u00edtica de privacitat<\/a>.\n<\/p>\n<p><input class=\"wpcf7-form-control wpcf7-submit has-spinner\" type=\"submit\" value=\"Enviar\" \/>\n<\/p><div class=\"wpcf7-response-output\" aria-hidden=\"true\"><\/div>\n<\/form>\n<\/div>\n<\/div><\/div><\/div><div id=\"pgc-1831-1-1\"  class=\"panel-grid-cell\" ><div id=\"panel-1831-1-1-0\" class=\"widget_text so-panel widget widget_custom_html panel-first-child panel-last-child\" data-index=\"2\" ><h3 class=\"widget-title\">Localitzaci\u00f3<\/h3><div class=\"textwidget custom-html-widget\"><iframe src=\"https:\/\/www.google.com\/maps\/embed?pb=!1m14!1m8!1m3!1d191675.35274875004!2d2.084373!3d41.353932!3m2!1i1024!2i768!4f13.1!3m3!1m2!1s0x12a49947aaafeff9%3A0xf08bf91f421bf3c7!2zUsOzdHVsb3MgRXVybyBSw6h0b2w!5e0!3m2!1ses!2sus!4v1691161958911!5m2!1ses!2sus\" width=\"600\" height=\"520\" style=\"border:0;\" allowfullscreen=\"\" loading=\"lazy\" referrerpolicy=\"no-referrer-when-downgrade\"><\/iframe><\/div><\/div><\/div><\/div><\/div>","protected":false},"excerpt":{"rendered":"<p>Contacte amb Euroretol R\u00e8tols, retolaci\u00f3 i elements de publicitat Contacteu amb nosaltres per sol\u00b7licitar pressupost sense comprom\u00eds de r\u00e8tols per al vostre comer\u00e7, vinils, retolaci\u00f3 de vehicles o aparadors, lones o pancartes, impressi\u00f3 i retolaci\u00f3 d&#8217;estands, expositors o impressi\u00f3 de tanques publicit\u00e0ries. Formulari de contacte Nom * Correu electr\u00f2nic * Tel\u00e8fon * Missatge * Accepto [&hellip;]<\/p>\n","protected":false},"author":2,"featured_media":0,"parent":0,"menu_order":0,"comment_status":"closed","ping_status":"closed","template":"","meta":{"site-sidebar-layout":"default","site-content-layout":"default","ast-site-content-layout":"","site-content-style":"default","site-sidebar-style":"default","ast-global-header-display":"","ast-banner-title-visibility":"","ast-main-header-display":"","ast-hfb-above-header-display":"","ast-hfb-below-header-display":"","ast-hfb-mobile-header-display":"","site-post-title":"disabled","ast-breadcrumbs-content":"","ast-featured-img":"disabled","footer-sml-layout":"","theme-transparent-header-meta":"default","adv-header-id-meta":"","stick-header-meta":"","header-above-stick-meta":"","header-main-stick-meta":"","header-below-stick-meta":"","astra-migrate-meta-layouts":"default","ast-page-background-enabled":"default","ast-page-background-meta":{"desktop":{"background-color":"var(--ast-global-color-4)","background-image":"","background-repeat":"repeat","background-position":"center center","background-size":"auto","background-attachment":"scroll","background-type":"","background-media":"","overlay-type":"","overlay-color":"","overlay-opacity":"","overlay-gradient":""},"tablet":{"background-color":"","background-image":"","background-repeat":"repeat","background-position":"center center","background-size":"auto","background-attachment":"scroll","background-type":"","background-media":"","overlay-type":"","overlay-color":"","overlay-opacity":"","overlay-gradient":""},"mobile":{"background-color":"","background-image":"","background-repeat":"repeat","background-position":"center center","background-size":"auto","background-attachment":"scroll","background-type":"","background-media":"","overlay-type":"","overlay-color":"","overlay-opacity":"","overlay-gradient":""}},"ast-content-background-meta":{"desktop":{"background-color":"var(--ast-global-color-5)","background-image":"","background-repeat":"repeat","background-position":"center center","background-size":"auto","background-attachment":"scroll","background-type":"","background-media":"","overlay-type":"","overlay-color":"","overlay-opacity":"","overlay-gradient":""},"tablet":{"background-color":"var(--ast-global-color-5)","background-image":"","background-repeat":"repeat","background-position":"center center","background-size":"auto","background-attachment":"scroll","background-type":"","background-media":"","overlay-type":"","overlay-color":"","overlay-opacity":"","overlay-gradient":""},"mobile":{"background-color":"var(--ast-global-color-5)","background-image":"","background-repeat":"repeat","background-position":"center center","background-size":"auto","background-attachment":"scroll","background-type":"","background-media":"","overlay-type":"","overlay-color":"","overlay-opacity":"","overlay-gradient":""}},"footnotes":""},"class_list":["post-1831","page","type-page","status-publish","hentry"],"yoast_head":"<!-- This site is optimized with the Yoast SEO plugin v27.0 - https:\/\/yoast.com\/product\/yoast-seo-wordpress\/ -->\n<title>R\u00e8tols, retolaci\u00f3 i elements publicitaris | Euroretol<\/title>\n<meta name=\"description\" content=\"Empresa de retolaci\u00f3, impressi\u00f3 digital, r\u00e8tols i elements publicitaris com banderoles en r\u00e8tols, t\u00f2tems publicitaris, vinils, etc\" \/>\n<meta name=\"robots\" content=\"index, follow, max-snippet:-1, max-image-preview:large, max-video-preview:-1\" \/>\n<link rel=\"canonical\" href=\"https:\/\/www.euroretol.com\/ca\/empresa-retolacio\/\" \/>\n<meta property=\"og:locale\" content=\"ca_ES\" \/>\n<meta property=\"og:type\" content=\"article\" \/>\n<meta property=\"og:title\" content=\"R\u00e8tols, retolaci\u00f3 i elements publicitaris | Euroretol\" \/>\n<meta property=\"og:description\" content=\"Empresa de retolaci\u00f3, impressi\u00f3 digital, r\u00e8tols i elements publicitaris com banderoles en r\u00e8tols, t\u00f2tems publicitaris, vinils, etc\" \/>\n<meta property=\"og:url\" content=\"https:\/\/www.euroretol.com\/ca\/empresa-retolacio\/\" \/>\n<meta property=\"og:site_name\" content=\"Euroretol - R\u00e8tols, publicitat i impressi\u00f3 digital\" \/>\n<meta property=\"article:modified_time\" content=\"2023-08-04T15:31:55+00:00\" \/>\n<meta name=\"twitter:label1\" content=\"Temps estimat de lectura\" \/>\n\t<meta name=\"twitter:data1\" content=\"1 minut\" \/>\n<script type=\"application\/ld+json\" class=\"yoast-schema-graph\">{\"@context\":\"https:\/\/schema.org\",\"@graph\":[{\"@type\":\"WebPage\",\"@id\":\"https:\/\/www.euroretol.com\/ca\/empresa-retolacio\/\",\"url\":\"https:\/\/www.euroretol.com\/ca\/empresa-retolacio\/\",\"name\":\"R\u00e8tols, retolaci\u00f3 i elements publicitaris | Euroretol\",\"isPartOf\":{\"@id\":\"https:\/\/www.euroretol.com\/ca\/#website\"},\"datePublished\":\"2016-11-16T17:11:17+00:00\",\"dateModified\":\"2023-08-04T15:31:55+00:00\",\"description\":\"Empresa de retolaci\u00f3, impressi\u00f3 digital, r\u00e8tols i elements publicitaris com banderoles en r\u00e8tols, t\u00f2tems publicitaris, vinils, etc\",\"inLanguage\":\"ca\",\"potentialAction\":[{\"@type\":\"ReadAction\",\"target\":[\"https:\/\/www.euroretol.com\/ca\/empresa-retolacio\/\"]}]},{\"@type\":\"WebSite\",\"@id\":\"https:\/\/www.euroretol.com\/ca\/#website\",\"url\":\"https:\/\/www.euroretol.com\/ca\/\",\"name\":\"Euroretol - R\u00e8tols, publicitat i impressi\u00f3 digital\",\"description\":\"Serveis de rotulaci\u00f3\",\"publisher\":{\"@id\":\"https:\/\/www.euroretol.com\/ca\/#organization\"},\"potentialAction\":[{\"@type\":\"SearchAction\",\"target\":{\"@type\":\"EntryPoint\",\"urlTemplate\":\"https:\/\/www.euroretol.com\/ca\/?s={search_term_string}\"},\"query-input\":{\"@type\":\"PropertyValueSpecification\",\"valueRequired\":true,\"valueName\":\"search_term_string\"}}],\"inLanguage\":\"ca\"},{\"@type\":\"Organization\",\"@id\":\"https:\/\/www.euroretol.com\/ca\/#organization\",\"name\":\"Euroretol - R\u00e8tols, publicitat i impressi\u00f3 digital\",\"url\":\"https:\/\/www.euroretol.com\/ca\/\",\"logo\":{\"@type\":\"ImageObject\",\"inLanguage\":\"ca\",\"@id\":\"https:\/\/www.euroretol.com\/ca\/#\/schema\/logo\/image\/\",\"url\":\"https:\/\/www.euroretol.com\/wp-content\/uploads\/2024\/02\/euroretol-420x120-2.png\",\"contentUrl\":\"https:\/\/www.euroretol.com\/wp-content\/uploads\/2024\/02\/euroretol-420x120-2.png\",\"width\":420,\"height\":120,\"caption\":\"Euroretol - R\u00e8tols, publicitat i impressi\u00f3 digital\"},\"image\":{\"@id\":\"https:\/\/www.euroretol.com\/ca\/#\/schema\/logo\/image\/\"}}]}<\/script>\n<!-- \/ Yoast SEO plugin. -->","yoast_head_json":{"title":"R\u00e8tols, retolaci\u00f3 i elements publicitaris | Euroretol","description":"Empresa de retolaci\u00f3, impressi\u00f3 digital, r\u00e8tols i elements publicitaris com banderoles en r\u00e8tols, t\u00f2tems publicitaris, vinils, etc","robots":{"index":"index","follow":"follow","max-snippet":"max-snippet:-1","max-image-preview":"max-image-preview:large","max-video-preview":"max-video-preview:-1"},"canonical":"https:\/\/www.euroretol.com\/ca\/empresa-retolacio\/","og_locale":"ca_ES","og_type":"article","og_title":"R\u00e8tols, retolaci\u00f3 i elements publicitaris | Euroretol","og_description":"Empresa de retolaci\u00f3, impressi\u00f3 digital, r\u00e8tols i elements publicitaris com banderoles en r\u00e8tols, t\u00f2tems publicitaris, vinils, etc","og_url":"https:\/\/www.euroretol.com\/ca\/empresa-retolacio\/","og_site_name":"Euroretol - R\u00e8tols, publicitat i impressi\u00f3 digital","article_modified_time":"2023-08-04T15:31:55+00:00","twitter_misc":{"Temps estimat de lectura":"1 minut"},"schema":{"@context":"https:\/\/schema.org","@graph":[{"@type":"WebPage","@id":"https:\/\/www.euroretol.com\/ca\/empresa-retolacio\/","url":"https:\/\/www.euroretol.com\/ca\/empresa-retolacio\/","name":"R\u00e8tols, retolaci\u00f3 i elements publicitaris | Euroretol","isPartOf":{"@id":"https:\/\/www.euroretol.com\/ca\/#website"},"datePublished":"2016-11-16T17:11:17+00:00","dateModified":"2023-08-04T15:31:55+00:00","description":"Empresa de retolaci\u00f3, impressi\u00f3 digital, r\u00e8tols i elements publicitaris com banderoles en r\u00e8tols, t\u00f2tems publicitaris, vinils, etc","inLanguage":"ca","potentialAction":[{"@type":"ReadAction","target":["https:\/\/www.euroretol.com\/ca\/empresa-retolacio\/"]}]},{"@type":"WebSite","@id":"https:\/\/www.euroretol.com\/ca\/#website","url":"https:\/\/www.euroretol.com\/ca\/","name":"Euroretol - R\u00e8tols, publicitat i impressi\u00f3 digital","description":"Serveis de rotulaci\u00f3","publisher":{"@id":"https:\/\/www.euroretol.com\/ca\/#organization"},"potentialAction":[{"@type":"SearchAction","target":{"@type":"EntryPoint","urlTemplate":"https:\/\/www.euroretol.com\/ca\/?s={search_term_string}"},"query-input":{"@type":"PropertyValueSpecification","valueRequired":true,"valueName":"search_term_string"}}],"inLanguage":"ca"},{"@type":"Organization","@id":"https:\/\/www.euroretol.com\/ca\/#organization","name":"Euroretol - R\u00e8tols, publicitat i impressi\u00f3 digital","url":"https:\/\/www.euroretol.com\/ca\/","logo":{"@type":"ImageObject","inLanguage":"ca","@id":"https:\/\/www.euroretol.com\/ca\/#\/schema\/logo\/image\/","url":"https:\/\/www.euroretol.com\/wp-content\/uploads\/2024\/02\/euroretol-420x120-2.png","contentUrl":"https:\/\/www.euroretol.com\/wp-content\/uploads\/2024\/02\/euroretol-420x120-2.png","width":420,"height":120,"caption":"Euroretol - R\u00e8tols, publicitat i impressi\u00f3 digital"},"image":{"@id":"https:\/\/www.euroretol.com\/ca\/#\/schema\/logo\/image\/"}}]}},"_links":{"self":[{"href":"https:\/\/www.euroretol.com\/ca\/wp-json\/wp\/v2\/pages\/1831","targetHints":{"allow":["GET"]}}],"collection":[{"href":"https:\/\/www.euroretol.com\/ca\/wp-json\/wp\/v2\/pages"}],"about":[{"href":"https:\/\/www.euroretol.com\/ca\/wp-json\/wp\/v2\/types\/page"}],"author":[{"embeddable":true,"href":"https:\/\/www.euroretol.com\/ca\/wp-json\/wp\/v2\/users\/2"}],"replies":[{"embeddable":true,"href":"https:\/\/www.euroretol.com\/ca\/wp-json\/wp\/v2\/comments?post=1831"}],"version-history":[{"count":0,"href":"https:\/\/www.euroretol.com\/ca\/wp-json\/wp\/v2\/pages\/1831\/revisions"}],"wp:attachment":[{"href":"https:\/\/www.euroretol.com\/ca\/wp-json\/wp\/v2\/media?parent=1831"}],"curies":[{"name":"wp","href":"https:\/\/api.w.org\/{rel}","templated":true}]}}