{"id":1841,"date":"2023-07-27T08:08:10","date_gmt":"2023-07-27T08:08:10","guid":{"rendered":"https:\/\/www.euroretol.com\/productes\/retols\/retols-de-neo-led-flexible\/"},"modified":"2023-08-07T07:51:36","modified_gmt":"2023-08-07T07:51:36","slug":"retols-de-neo-led-flexible","status":"publish","type":"page","link":"https:\/\/www.euroretol.com\/ca\/retols-publicitat\/retols\/retols-de-neo-led-flexible\/","title":{"rendered":"R\u00e8tols de ne\u00f3 led flexible"},"content":{"rendered":"<div class=\"img-cabecera full-width\"><img decoding=\"async\" src=\"https:\/\/www.euroretol.com\/wp-content\/uploads\/2023\/07\/rotulos-neon-led-flexible.jpg\" title=\"R\u00e8tols de ne\u00f3 led flexible\" alt=\"R\u00e8tols de ne\u00f3 led flexible\"><\/div>\n<h1 class=\"titulo-con-cabecera\">R\u00e8tols de ne\u00f3 led flexible<\/h1>\n<h2>R\u00e8tols per a interiors de ne\u00f3 flexible<\/h2>\n<div class=\"estrecho\">\n<p>Les noves m\u00e0negues de <strong>llum led de ne\u00f3 flexible<\/strong> s\u00f3n el reempla\u00e7ament perfecte per a la substituci\u00f3 de les tradicionals llumin\u00e0ries de vidre o vidre de ne\u00f3.<\/p>\n<p>Les m\u00e0negues <strong>led ne\u00f3 flexible<\/strong> tenen m\u00faltiples aplicacions de disseny i decoraci\u00f3. S\u00f3n ideals per a una perfilaci\u00f3 de qualitat per a l&#8217;arquitectura decorativa, aplicacions comercials i publicit\u00e0ries, il\u00b7luminaci\u00f3 de s\u00edmbols o logotips, etc. <\/p>\n<p>Fabriquem i instal\u00b7lem tots els nostres <strong>r\u00e8tols de ne\u00f3 led flexible<\/strong>.<\/p>\n<\/div>\n<p class=\"boton-presupuesto\"><a href=\"https:\/\/www.euroretol.com\/ca\/empresa-retolacio\/\" title=\"Sol\u00b7licitar pressupostos de r\u00e8tols de ne\u00f3 led flexible\">Sol\u00b7licitar pressupost<\/a><\/p>\n<div class=\"galerias\"><div class=\"rl-gallery-container rl-loading\" id=\"rl-gallery-container-1\" data-gallery_id=\"1178\"> <div class=\"rl-gallery rl-basicgrid-gallery \" id=\"rl-gallery-1\" data-gallery_no=\"1\"> <div class=\"rl-gallery-item\"><a href=\"https:\/\/www.euroretol.com\/wp-content\/uploads\/2023\/07\/Rotulos_Neon_Led_Flexible_Comida_2.jpg\" title=\"\" data-rl_title=\"\" class=\"rl-gallery-link\" data-rl_caption=\"\" data-rel=\"lightbox-gallery-1\"><img fetchpriority=\"high\" decoding=\"async\" src=\"https:\/\/www.euroretol.com\/wp-content\/uploads\/2023\/07\/Rotulos_Neon_Led_Flexible_Comida_2-169x300.jpg\" width=\"169\" height=\"300\" alt=\"\"\/><\/a><\/div><div class=\"rl-gallery-item\"><a href=\"https:\/\/www.euroretol.com\/wp-content\/uploads\/2023\/07\/Rotulos_Neon_Led_Flexible_Comida-1.jpg\" title=\"\" data-rl_title=\"\" class=\"rl-gallery-link\" data-rl_caption=\"\" data-rel=\"lightbox-gallery-1\"><img decoding=\"async\" src=\"https:\/\/www.euroretol.com\/wp-content\/uploads\/2023\/07\/Rotulos_Neon_Led_Flexible_Comida-1-225x300.jpg\" width=\"225\" height=\"300\" alt=\"\"\/><\/a><\/div><div class=\"rl-gallery-item\"><a href=\"https:\/\/www.euroretol.com\/wp-content\/uploads\/2023\/07\/Rotulos_Neon_Led_Flexible_Restaurante.jpg\" title=\"\" data-rl_title=\"\" class=\"rl-gallery-link\" data-rl_caption=\"\" data-rel=\"lightbox-gallery-1\"><img decoding=\"async\" src=\"https:\/\/www.euroretol.com\/wp-content\/uploads\/2023\/07\/Rotulos_Neon_Led_Flexible_Restaurante-300x225.jpg\" width=\"300\" height=\"225\" alt=\"R\u00f3tulos ne\u00f3n flexible\"\/><\/a><\/div> <\/div> <\/div><\/div>\n","protected":false},"excerpt":{"rendered":"<p>R\u00e8tols de ne\u00f3 led flexible R\u00e8tols per a interiors de ne\u00f3 flexible Les noves m\u00e0negues de llum led de ne\u00f3 flexible s\u00f3n el reempla\u00e7ament perfecte per a la substituci\u00f3 de les tradicionals llumin\u00e0ries de vidre o vidre de ne\u00f3. Les m\u00e0negues led ne\u00f3 flexible tenen m\u00faltiples aplicacions de disseny i decoraci\u00f3. S\u00f3n ideals per a [&hellip;]<\/p>\n","protected":false},"author":1,"featured_media":0,"parent":1836,"menu_order":0,"comment_status":"closed","ping_status":"closed","template":"","meta":{"site-sidebar-layout":"default","site-content-layout":"default","ast-site-content-layout":"","site-content-style":"default","site-sidebar-style":"default","ast-global-header-display":"","ast-banner-title-visibility":"","ast-main-header-display":"","ast-hfb-above-header-display":"","ast-hfb-below-header-display":"","ast-hfb-mobile-header-display":"","site-post-title":"disabled","ast-breadcrumbs-content":"","ast-featured-img":"","footer-sml-layout":"","theme-transparent-header-meta":"default","adv-header-id-meta":"","stick-header-meta":"","header-above-stick-meta":"","header-main-stick-meta":"","header-below-stick-meta":"","astra-migrate-meta-layouts":"default","ast-page-background-enabled":"default","ast-page-background-meta":{"desktop":{"background-color":"var(--ast-global-color-4)","background-image":"","background-repeat":"repeat","background-position":"center center","background-size":"auto","background-attachment":"scroll","background-type":"","background-media":"","overlay-type":"","overlay-color":"","overlay-opacity":"","overlay-gradient":""},"tablet":{"background-color":"","background-image":"","background-repeat":"repeat","background-position":"center center","background-size":"auto","background-attachment":"scroll","background-type":"","background-media":"","overlay-type":"","overlay-color":"","overlay-opacity":"","overlay-gradient":""},"mobile":{"background-color":"","background-image":"","background-repeat":"repeat","background-position":"center center","background-size":"auto","background-attachment":"scroll","background-type":"","background-media":"","overlay-type":"","overlay-color":"","overlay-opacity":"","overlay-gradient":""}},"ast-content-background-meta":{"desktop":{"background-color":"var(--ast-global-color-5)","background-image":"","background-repeat":"repeat","background-position":"center center","background-size":"auto","background-attachment":"scroll","background-type":"","background-media":"","overlay-type":"","overlay-color":"","overlay-opacity":"","overlay-gradient":""},"tablet":{"background-color":"var(--ast-global-color-5)","background-image":"","background-repeat":"repeat","background-position":"center center","background-size":"auto","background-attachment":"scroll","background-type":"","background-media":"","overlay-type":"","overlay-color":"","overlay-opacity":"","overlay-gradient":""},"mobile":{"background-color":"var(--ast-global-color-5)","background-image":"","background-repeat":"repeat","background-position":"center center","background-size":"auto","background-attachment":"scroll","background-type":"","background-media":"","overlay-type":"","overlay-color":"","overlay-opacity":"","overlay-gradient":""}},"footnotes":""},"class_list":["post-1841","page","type-page","status-publish","hentry"],"yoast_head":"<!-- This site is optimized with the Yoast SEO plugin v27.0 - https:\/\/yoast.com\/product\/yoast-seo-wordpress\/ -->\n<title>Fabricaci\u00f3 i instal\u00b7laci\u00f3 de r\u00e8tols de ne\u00f3 led flexible<\/title>\n<meta name=\"description\" content=\"Empresa de fabricaci\u00f3 i instal\u00b7laci\u00f3 interior de r\u00e8tols de ne\u00f3 led flexible amb qu\u00e8 donar un toc de disseny i decoraci\u00f3 al seu comer\u00e7\" \/>\n<meta name=\"robots\" content=\"index, follow, max-snippet:-1, max-image-preview:large, max-video-preview:-1\" \/>\n<link rel=\"canonical\" href=\"https:\/\/www.euroretol.com\/ca\/retols-publicitat\/retols\/retols-de-neo-led-flexible\/\" \/>\n<meta property=\"og:locale\" content=\"ca_ES\" \/>\n<meta property=\"og:type\" content=\"article\" \/>\n<meta property=\"og:title\" content=\"Fabricaci\u00f3 i instal\u00b7laci\u00f3 de r\u00e8tols de ne\u00f3 led flexible\" \/>\n<meta property=\"og:description\" content=\"Empresa de fabricaci\u00f3 i instal\u00b7laci\u00f3 interior de r\u00e8tols de ne\u00f3 led flexible amb qu\u00e8 donar un toc de disseny i decoraci\u00f3 al seu comer\u00e7\" \/>\n<meta property=\"og:url\" content=\"https:\/\/www.euroretol.com\/ca\/retols-publicitat\/retols\/retols-de-neo-led-flexible\/\" \/>\n<meta property=\"og:site_name\" content=\"Euroretol - R\u00e8tols, publicitat i impressi\u00f3 digital\" \/>\n<meta property=\"article:modified_time\" content=\"2023-08-07T07:51:36+00:00\" \/>\n<meta property=\"og:image\" content=\"https:\/\/www.euroretol.com\/wp-content\/uploads\/2023\/07\/rotulos-neon-led-flexible.jpg\" \/>\n<meta name=\"twitter:label1\" content=\"Temps estimat de lectura\" \/>\n\t<meta name=\"twitter:data1\" content=\"1 minut\" \/>\n<script type=\"application\/ld+json\" class=\"yoast-schema-graph\">{\"@context\":\"https:\/\/schema.org\",\"@graph\":[{\"@type\":\"WebPage\",\"@id\":\"https:\/\/www.euroretol.com\/ca\/retols-publicitat\/retols\/retols-de-neo-led-flexible\/\",\"url\":\"https:\/\/www.euroretol.com\/ca\/retols-publicitat\/retols\/retols-de-neo-led-flexible\/\",\"name\":\"Fabricaci\u00f3 i instal\u00b7laci\u00f3 de r\u00e8tols de ne\u00f3 led flexible\",\"isPartOf\":{\"@id\":\"https:\/\/www.euroretol.com\/ca\/#website\"},\"primaryImageOfPage\":{\"@id\":\"https:\/\/www.euroretol.com\/ca\/retols-publicitat\/retols\/retols-de-neo-led-flexible\/#primaryimage\"},\"image\":{\"@id\":\"https:\/\/www.euroretol.com\/ca\/retols-publicitat\/retols\/retols-de-neo-led-flexible\/#primaryimage\"},\"thumbnailUrl\":\"https:\/\/www.euroretol.com\/wp-content\/uploads\/2023\/07\/rotulos-neon-led-flexible.jpg\",\"datePublished\":\"2023-07-27T08:08:10+00:00\",\"dateModified\":\"2023-08-07T07:51:36+00:00\",\"description\":\"Empresa de fabricaci\u00f3 i instal\u00b7laci\u00f3 interior de r\u00e8tols de ne\u00f3 led flexible amb qu\u00e8 donar un toc de disseny i decoraci\u00f3 al seu comer\u00e7\",\"breadcrumb\":{\"@id\":\"https:\/\/www.euroretol.com\/ca\/retols-publicitat\/retols\/retols-de-neo-led-flexible\/#breadcrumb\"},\"inLanguage\":\"ca\",\"potentialAction\":[{\"@type\":\"ReadAction\",\"target\":[\"https:\/\/www.euroretol.com\/ca\/retols-publicitat\/retols\/retols-de-neo-led-flexible\/\"]}]},{\"@type\":\"ImageObject\",\"inLanguage\":\"ca\",\"@id\":\"https:\/\/www.euroretol.com\/ca\/retols-publicitat\/retols\/retols-de-neo-led-flexible\/#primaryimage\",\"url\":\"https:\/\/www.euroretol.com\/wp-content\/uploads\/2023\/07\/rotulos-neon-led-flexible.jpg\",\"contentUrl\":\"https:\/\/www.euroretol.com\/wp-content\/uploads\/2023\/07\/rotulos-neon-led-flexible.jpg\"},{\"@type\":\"BreadcrumbList\",\"@id\":\"https:\/\/www.euroretol.com\/ca\/retols-publicitat\/retols\/retols-de-neo-led-flexible\/#breadcrumb\",\"itemListElement\":[{\"@type\":\"ListItem\",\"position\":1,\"name\":\"Productes\",\"item\":\"https:\/\/www.euroretol.com\/ca\/retols-publicitat\/\"},{\"@type\":\"ListItem\",\"position\":2,\"name\":\"R\u00e8tols\",\"item\":\"https:\/\/www.euroretol.com\/ca\/retols-publicitat\/retols\/\"},{\"@type\":\"ListItem\",\"position\":3,\"name\":\"R\u00e8tols de ne\u00f3 led flexible\"}]},{\"@type\":\"WebSite\",\"@id\":\"https:\/\/www.euroretol.com\/ca\/#website\",\"url\":\"https:\/\/www.euroretol.com\/ca\/\",\"name\":\"Euroretol - R\u00e8tols, publicitat i impressi\u00f3 digital\",\"description\":\"Serveis de rotulaci\u00f3\",\"publisher\":{\"@id\":\"https:\/\/www.euroretol.com\/ca\/#organization\"},\"potentialAction\":[{\"@type\":\"SearchAction\",\"target\":{\"@type\":\"EntryPoint\",\"urlTemplate\":\"https:\/\/www.euroretol.com\/ca\/?s={search_term_string}\"},\"query-input\":{\"@type\":\"PropertyValueSpecification\",\"valueRequired\":true,\"valueName\":\"search_term_string\"}}],\"inLanguage\":\"ca\"},{\"@type\":\"Organization\",\"@id\":\"https:\/\/www.euroretol.com\/ca\/#organization\",\"name\":\"Euroretol - R\u00e8tols, publicitat i impressi\u00f3 digital\",\"url\":\"https:\/\/www.euroretol.com\/ca\/\",\"logo\":{\"@type\":\"ImageObject\",\"inLanguage\":\"ca\",\"@id\":\"https:\/\/www.euroretol.com\/ca\/#\/schema\/logo\/image\/\",\"url\":\"https:\/\/www.euroretol.com\/wp-content\/uploads\/2024\/02\/euroretol-420x120-2.png\",\"contentUrl\":\"https:\/\/www.euroretol.com\/wp-content\/uploads\/2024\/02\/euroretol-420x120-2.png\",\"width\":420,\"height\":120,\"caption\":\"Euroretol - R\u00e8tols, publicitat i impressi\u00f3 digital\"},\"image\":{\"@id\":\"https:\/\/www.euroretol.com\/ca\/#\/schema\/logo\/image\/\"}}]}<\/script>\n<!-- \/ Yoast SEO plugin. -->","yoast_head_json":{"title":"Fabricaci\u00f3 i instal\u00b7laci\u00f3 de r\u00e8tols de ne\u00f3 led flexible","description":"Empresa de fabricaci\u00f3 i instal\u00b7laci\u00f3 interior de r\u00e8tols de ne\u00f3 led flexible amb qu\u00e8 donar un toc de disseny i decoraci\u00f3 al seu comer\u00e7","robots":{"index":"index","follow":"follow","max-snippet":"max-snippet:-1","max-image-preview":"max-image-preview:large","max-video-preview":"max-video-preview:-1"},"canonical":"https:\/\/www.euroretol.com\/ca\/retols-publicitat\/retols\/retols-de-neo-led-flexible\/","og_locale":"ca_ES","og_type":"article","og_title":"Fabricaci\u00f3 i instal\u00b7laci\u00f3 de r\u00e8tols de ne\u00f3 led flexible","og_description":"Empresa de fabricaci\u00f3 i instal\u00b7laci\u00f3 interior de r\u00e8tols de ne\u00f3 led flexible amb qu\u00e8 donar un toc de disseny i decoraci\u00f3 al seu comer\u00e7","og_url":"https:\/\/www.euroretol.com\/ca\/retols-publicitat\/retols\/retols-de-neo-led-flexible\/","og_site_name":"Euroretol - R\u00e8tols, publicitat i impressi\u00f3 digital","article_modified_time":"2023-08-07T07:51:36+00:00","og_image":[{"url":"https:\/\/www.euroretol.com\/wp-content\/uploads\/2023\/07\/rotulos-neon-led-flexible.jpg","type":"","width":"","height":""}],"twitter_misc":{"Temps estimat de lectura":"1 minut"},"schema":{"@context":"https:\/\/schema.org","@graph":[{"@type":"WebPage","@id":"https:\/\/www.euroretol.com\/ca\/retols-publicitat\/retols\/retols-de-neo-led-flexible\/","url":"https:\/\/www.euroretol.com\/ca\/retols-publicitat\/retols\/retols-de-neo-led-flexible\/","name":"Fabricaci\u00f3 i instal\u00b7laci\u00f3 de r\u00e8tols de ne\u00f3 led flexible","isPartOf":{"@id":"https:\/\/www.euroretol.com\/ca\/#website"},"primaryImageOfPage":{"@id":"https:\/\/www.euroretol.com\/ca\/retols-publicitat\/retols\/retols-de-neo-led-flexible\/#primaryimage"},"image":{"@id":"https:\/\/www.euroretol.com\/ca\/retols-publicitat\/retols\/retols-de-neo-led-flexible\/#primaryimage"},"thumbnailUrl":"https:\/\/www.euroretol.com\/wp-content\/uploads\/2023\/07\/rotulos-neon-led-flexible.jpg","datePublished":"2023-07-27T08:08:10+00:00","dateModified":"2023-08-07T07:51:36+00:00","description":"Empresa de fabricaci\u00f3 i instal\u00b7laci\u00f3 interior de r\u00e8tols de ne\u00f3 led flexible amb qu\u00e8 donar un toc de disseny i decoraci\u00f3 al seu comer\u00e7","breadcrumb":{"@id":"https:\/\/www.euroretol.com\/ca\/retols-publicitat\/retols\/retols-de-neo-led-flexible\/#breadcrumb"},"inLanguage":"ca","potentialAction":[{"@type":"ReadAction","target":["https:\/\/www.euroretol.com\/ca\/retols-publicitat\/retols\/retols-de-neo-led-flexible\/"]}]},{"@type":"ImageObject","inLanguage":"ca","@id":"https:\/\/www.euroretol.com\/ca\/retols-publicitat\/retols\/retols-de-neo-led-flexible\/#primaryimage","url":"https:\/\/www.euroretol.com\/wp-content\/uploads\/2023\/07\/rotulos-neon-led-flexible.jpg","contentUrl":"https:\/\/www.euroretol.com\/wp-content\/uploads\/2023\/07\/rotulos-neon-led-flexible.jpg"},{"@type":"BreadcrumbList","@id":"https:\/\/www.euroretol.com\/ca\/retols-publicitat\/retols\/retols-de-neo-led-flexible\/#breadcrumb","itemListElement":[{"@type":"ListItem","position":1,"name":"Productes","item":"https:\/\/www.euroretol.com\/ca\/retols-publicitat\/"},{"@type":"ListItem","position":2,"name":"R\u00e8tols","item":"https:\/\/www.euroretol.com\/ca\/retols-publicitat\/retols\/"},{"@type":"ListItem","position":3,"name":"R\u00e8tols de ne\u00f3 led flexible"}]},{"@type":"WebSite","@id":"https:\/\/www.euroretol.com\/ca\/#website","url":"https:\/\/www.euroretol.com\/ca\/","name":"Euroretol - R\u00e8tols, publicitat i impressi\u00f3 digital","description":"Serveis de rotulaci\u00f3","publisher":{"@id":"https:\/\/www.euroretol.com\/ca\/#organization"},"potentialAction":[{"@type":"SearchAction","target":{"@type":"EntryPoint","urlTemplate":"https:\/\/www.euroretol.com\/ca\/?s={search_term_string}"},"query-input":{"@type":"PropertyValueSpecification","valueRequired":true,"valueName":"search_term_string"}}],"inLanguage":"ca"},{"@type":"Organization","@id":"https:\/\/www.euroretol.com\/ca\/#organization","name":"Euroretol - R\u00e8tols, publicitat i impressi\u00f3 digital","url":"https:\/\/www.euroretol.com\/ca\/","logo":{"@type":"ImageObject","inLanguage":"ca","@id":"https:\/\/www.euroretol.com\/ca\/#\/schema\/logo\/image\/","url":"https:\/\/www.euroretol.com\/wp-content\/uploads\/2024\/02\/euroretol-420x120-2.png","contentUrl":"https:\/\/www.euroretol.com\/wp-content\/uploads\/2024\/02\/euroretol-420x120-2.png","width":420,"height":120,"caption":"Euroretol - R\u00e8tols, publicitat i impressi\u00f3 digital"},"image":{"@id":"https:\/\/www.euroretol.com\/ca\/#\/schema\/logo\/image\/"}}]}},"_links":{"self":[{"href":"https:\/\/www.euroretol.com\/ca\/wp-json\/wp\/v2\/pages\/1841","targetHints":{"allow":["GET"]}}],"collection":[{"href":"https:\/\/www.euroretol.com\/ca\/wp-json\/wp\/v2\/pages"}],"about":[{"href":"https:\/\/www.euroretol.com\/ca\/wp-json\/wp\/v2\/types\/page"}],"author":[{"embeddable":true,"href":"https:\/\/www.euroretol.com\/ca\/wp-json\/wp\/v2\/users\/1"}],"replies":[{"embeddable":true,"href":"https:\/\/www.euroretol.com\/ca\/wp-json\/wp\/v2\/comments?post=1841"}],"version-history":[{"count":0,"href":"https:\/\/www.euroretol.com\/ca\/wp-json\/wp\/v2\/pages\/1841\/revisions"}],"up":[{"embeddable":true,"href":"https:\/\/www.euroretol.com\/ca\/wp-json\/wp\/v2\/pages\/1836"}],"wp:attachment":[{"href":"https:\/\/www.euroretol.com\/ca\/wp-json\/wp\/v2\/media?parent=1841"}],"curies":[{"name":"wp","href":"https:\/\/api.w.org\/{rel}","templated":true}]}}