{"id":1847,"date":"2023-07-27T10:14:05","date_gmt":"2023-07-27T10:14:05","guid":{"rendered":"https:\/\/www.euroretol.com\/productes\/retols\/retols-de-lletres-fresades\/"},"modified":"2023-08-07T07:51:27","modified_gmt":"2023-08-07T07:51:27","slug":"retols-de-lletres-fresades","status":"publish","type":"page","link":"https:\/\/www.euroretol.com\/ca\/retols-publicitat\/retols\/retols-de-lletres-fresades\/","title":{"rendered":"R\u00e8tols de lletres fresades"},"content":{"rendered":"<div class=\"img-cabecera full-width\"><img decoding=\"async\" src=\"https:\/\/www.euroretol.com\/wp-content\/uploads\/2023\/07\/retulos-letras-fresadas.jpg\" title=\"R\u00e8tols de lletres fresades\" alt=\"R\u00e8tols de lletres fresades\"><\/div>\n<h1 class=\"titulo-con-cabecera\">R\u00e8tols de lletres fresades<\/h1>\n<h2>Sensaci\u00f3 3D al seu r\u00e8tol publicitari<\/h2>\n<div class=\"estrecho\">\n<p>Disposem de maquin\u00e0ria pr\u00f2pia per al fresat i buidat de textos i logotips dels nostres <strong>r\u00e8tols amb lletres fresades<\/strong>.<\/p>\n<p>Tant el fresat com el buidatge donen una <strong>sensaci\u00f3 3D<\/strong> al r\u00e8tols que real\u00e7a qualsevol text o logotip.<\/p>\n<p>El gruix a tallar de les lletres fresades del <strong>r\u00e8tol<\/strong> dep\u00e8n del material utilitzat, ja siguin planxes d&#8217;alumini, PVC, metacrilat, fusta, etc.<\/p>\n<\/div>\n<p class=\"boton-presupuesto\"><a href=\"https:\/\/www.euroretol.com\/ca\/empresa-retolacio\/\" title=\"Sol\u00b7licitar pressupostos de r\u00e8tols de lletres fresades\">Sol\u00b7licitar pressupost<\/a><\/p>\n<div class=\"galerias\"><div class=\"rl-gallery-container rl-loading\" id=\"rl-gallery-container-1\" data-gallery_id=\"1222\"> <div class=\"rl-gallery rl-basicgrid-gallery \" id=\"rl-gallery-1\" data-gallery_no=\"1\"> <div class=\"rl-gallery-item\"><a href=\"https:\/\/www.euroretol.com\/wp-content\/uploads\/2023\/07\/rotulos-letras-fresadas.jpg\" title=\"\" data-rl_title=\"\" class=\"rl-gallery-link\" data-rl_caption=\"\" data-rel=\"lightbox-gallery-1\"><img fetchpriority=\"high\" decoding=\"async\" src=\"https:\/\/www.euroretol.com\/wp-content\/uploads\/2023\/07\/rotulos-letras-fresadas-300x225.jpg\" width=\"300\" height=\"225\" alt=\"\"\/><\/a><\/div><div class=\"rl-gallery-item\"><a href=\"https:\/\/www.euroretol.com\/wp-content\/uploads\/2023\/07\/rotulos-letras-fresadas-barcelona.jpg\" title=\"\" data-rl_title=\"\" class=\"rl-gallery-link\" data-rl_caption=\"\" data-rel=\"lightbox-gallery-1\"><img decoding=\"async\" src=\"https:\/\/www.euroretol.com\/wp-content\/uploads\/2023\/07\/rotulos-letras-fresadas-barcelona-300x225.jpg\" width=\"300\" height=\"225\" alt=\"\"\/><\/a><\/div><div class=\"rl-gallery-item\"><a href=\"https:\/\/www.euroretol.com\/wp-content\/uploads\/2023\/07\/rotulos-letras-fresadas-para-empresas.jpg\" title=\"\" data-rl_title=\"\" class=\"rl-gallery-link\" data-rl_caption=\"\" data-rel=\"lightbox-gallery-1\"><img decoding=\"async\" src=\"https:\/\/www.euroretol.com\/wp-content\/uploads\/2023\/07\/rotulos-letras-fresadas-para-empresas-300x225.jpg\" width=\"300\" height=\"225\" alt=\"\"\/><\/a><\/div><div class=\"rl-gallery-item\"><a href=\"https:\/\/www.euroretol.com\/wp-content\/uploads\/2023\/07\/rotulos-letras-fresadas-para-tiendas.jpg\" title=\"\" data-rl_title=\"\" class=\"rl-gallery-link\" data-rl_caption=\"\" data-rel=\"lightbox-gallery-1\"><img loading=\"lazy\" decoding=\"async\" src=\"https:\/\/www.euroretol.com\/wp-content\/uploads\/2023\/07\/rotulos-letras-fresadas-para-tiendas-300x225.jpg\" width=\"300\" height=\"225\" alt=\"\"\/><\/a><\/div> <\/div> <\/div><\/div>\n","protected":false},"excerpt":{"rendered":"<p>R\u00e8tols de lletres fresades Sensaci\u00f3 3D al seu r\u00e8tol publicitari Disposem de maquin\u00e0ria pr\u00f2pia per al fresat i buidat de textos i logotips dels nostres r\u00e8tols amb lletres fresades. Tant el fresat com el buidatge donen una sensaci\u00f3 3D al r\u00e8tols que real\u00e7a qualsevol text o logotip. El gruix a tallar de les lletres fresades [&hellip;]<\/p>\n","protected":false},"author":1,"featured_media":1684,"parent":1836,"menu_order":0,"comment_status":"closed","ping_status":"closed","template":"","meta":{"site-sidebar-layout":"default","site-content-layout":"default","ast-site-content-layout":"","site-content-style":"default","site-sidebar-style":"default","ast-global-header-display":"","ast-banner-title-visibility":"","ast-main-header-display":"","ast-hfb-above-header-display":"","ast-hfb-below-header-display":"","ast-hfb-mobile-header-display":"","site-post-title":"disabled","ast-breadcrumbs-content":"","ast-featured-img":"disabled","footer-sml-layout":"","theme-transparent-header-meta":"default","adv-header-id-meta":"","stick-header-meta":"","header-above-stick-meta":"","header-main-stick-meta":"","header-below-stick-meta":"","astra-migrate-meta-layouts":"default","ast-page-background-enabled":"default","ast-page-background-meta":{"desktop":{"background-color":"var(--ast-global-color-4)","background-image":"","background-repeat":"repeat","background-position":"center center","background-size":"auto","background-attachment":"scroll","background-type":"","background-media":"","overlay-type":"","overlay-color":"","overlay-opacity":"","overlay-gradient":""},"tablet":{"background-color":"","background-image":"","background-repeat":"repeat","background-position":"center center","background-size":"auto","background-attachment":"scroll","background-type":"","background-media":"","overlay-type":"","overlay-color":"","overlay-opacity":"","overlay-gradient":""},"mobile":{"background-color":"","background-image":"","background-repeat":"repeat","background-position":"center center","background-size":"auto","background-attachment":"scroll","background-type":"","background-media":"","overlay-type":"","overlay-color":"","overlay-opacity":"","overlay-gradient":""}},"ast-content-background-meta":{"desktop":{"background-color":"var(--ast-global-color-5)","background-image":"","background-repeat":"repeat","background-position":"center center","background-size":"auto","background-attachment":"scroll","background-type":"","background-media":"","overlay-type":"","overlay-color":"","overlay-opacity":"","overlay-gradient":""},"tablet":{"background-color":"var(--ast-global-color-5)","background-image":"","background-repeat":"repeat","background-position":"center center","background-size":"auto","background-attachment":"scroll","background-type":"","background-media":"","overlay-type":"","overlay-color":"","overlay-opacity":"","overlay-gradient":""},"mobile":{"background-color":"var(--ast-global-color-5)","background-image":"","background-repeat":"repeat","background-position":"center center","background-size":"auto","background-attachment":"scroll","background-type":"","background-media":"","overlay-type":"","overlay-color":"","overlay-opacity":"","overlay-gradient":""}},"footnotes":""},"class_list":["post-1847","page","type-page","status-publish","has-post-thumbnail","hentry"],"yoast_head":"<!-- This site is optimized with the Yoast SEO plugin v27.0 - https:\/\/yoast.com\/product\/yoast-seo-wordpress\/ -->\n<title>Fabricaci\u00f3 i instal\u00b7laci\u00f3 de r\u00e8tols amb lletres fresades, s\u00edmil a 3D<\/title>\n<meta name=\"description\" content=\"Empresa de fabricants i instal\u00b7ladors de r\u00e8tols publicitaris per a comer\u00e7os amb lletres fresades per donar una sensaci\u00f3 de 3 dimensions\" \/>\n<meta name=\"robots\" content=\"index, follow, max-snippet:-1, max-image-preview:large, max-video-preview:-1\" \/>\n<link rel=\"canonical\" href=\"https:\/\/www.euroretol.com\/ca\/retols-publicitat\/retols\/retols-de-lletres-fresades\/\" \/>\n<meta property=\"og:locale\" content=\"ca_ES\" \/>\n<meta property=\"og:type\" content=\"article\" \/>\n<meta property=\"og:title\" content=\"Fabricaci\u00f3 i instal\u00b7laci\u00f3 de r\u00e8tols amb lletres fresades, s\u00edmil a 3D\" \/>\n<meta property=\"og:description\" content=\"Empresa de fabricants i instal\u00b7ladors de r\u00e8tols publicitaris per a comer\u00e7os amb lletres fresades per donar una sensaci\u00f3 de 3 dimensions\" \/>\n<meta property=\"og:url\" content=\"https:\/\/www.euroretol.com\/ca\/retols-publicitat\/retols\/retols-de-lletres-fresades\/\" \/>\n<meta property=\"og:site_name\" content=\"Euroretol - R\u00e8tols, publicitat i impressi\u00f3 digital\" \/>\n<meta property=\"article:modified_time\" content=\"2023-08-07T07:51:27+00:00\" \/>\n<meta property=\"og:image\" content=\"https:\/\/www.euroretol.com\/wp-content\/uploads\/2023\/07\/rotulos-letras-fresadas-para-tiendas.jpg\" \/>\n\t<meta property=\"og:image:width\" content=\"900\" \/>\n\t<meta property=\"og:image:height\" content=\"675\" \/>\n\t<meta property=\"og:image:type\" content=\"image\/jpeg\" \/>\n<meta name=\"twitter:label1\" content=\"Temps estimat de lectura\" \/>\n\t<meta name=\"twitter:data1\" content=\"1 minut\" \/>\n<script type=\"application\/ld+json\" class=\"yoast-schema-graph\">{\"@context\":\"https:\/\/schema.org\",\"@graph\":[{\"@type\":\"WebPage\",\"@id\":\"https:\/\/www.euroretol.com\/ca\/retols-publicitat\/retols\/retols-de-lletres-fresades\/\",\"url\":\"https:\/\/www.euroretol.com\/ca\/retols-publicitat\/retols\/retols-de-lletres-fresades\/\",\"name\":\"Fabricaci\u00f3 i instal\u00b7laci\u00f3 de r\u00e8tols amb lletres fresades, s\u00edmil a 3D\",\"isPartOf\":{\"@id\":\"https:\/\/www.euroretol.com\/ca\/#website\"},\"primaryImageOfPage\":{\"@id\":\"https:\/\/www.euroretol.com\/ca\/retols-publicitat\/retols\/retols-de-lletres-fresades\/#primaryimage\"},\"image\":{\"@id\":\"https:\/\/www.euroretol.com\/ca\/retols-publicitat\/retols\/retols-de-lletres-fresades\/#primaryimage\"},\"thumbnailUrl\":\"https:\/\/www.euroretol.com\/wp-content\/uploads\/2023\/07\/rotulos-letras-fresadas-para-tiendas.jpg\",\"datePublished\":\"2023-07-27T10:14:05+00:00\",\"dateModified\":\"2023-08-07T07:51:27+00:00\",\"description\":\"Empresa de fabricants i instal\u00b7ladors de r\u00e8tols publicitaris per a comer\u00e7os amb lletres fresades per donar una sensaci\u00f3 de 3 dimensions\",\"breadcrumb\":{\"@id\":\"https:\/\/www.euroretol.com\/ca\/retols-publicitat\/retols\/retols-de-lletres-fresades\/#breadcrumb\"},\"inLanguage\":\"ca\",\"potentialAction\":[{\"@type\":\"ReadAction\",\"target\":[\"https:\/\/www.euroretol.com\/ca\/retols-publicitat\/retols\/retols-de-lletres-fresades\/\"]}]},{\"@type\":\"ImageObject\",\"inLanguage\":\"ca\",\"@id\":\"https:\/\/www.euroretol.com\/ca\/retols-publicitat\/retols\/retols-de-lletres-fresades\/#primaryimage\",\"url\":\"https:\/\/www.euroretol.com\/wp-content\/uploads\/2023\/07\/rotulos-letras-fresadas-para-tiendas.jpg\",\"contentUrl\":\"https:\/\/www.euroretol.com\/wp-content\/uploads\/2023\/07\/rotulos-letras-fresadas-para-tiendas.jpg\",\"width\":900,\"height\":675},{\"@type\":\"BreadcrumbList\",\"@id\":\"https:\/\/www.euroretol.com\/ca\/retols-publicitat\/retols\/retols-de-lletres-fresades\/#breadcrumb\",\"itemListElement\":[{\"@type\":\"ListItem\",\"position\":1,\"name\":\"Productes\",\"item\":\"https:\/\/www.euroretol.com\/ca\/retols-publicitat\/\"},{\"@type\":\"ListItem\",\"position\":2,\"name\":\"R\u00e8tols\",\"item\":\"https:\/\/www.euroretol.com\/ca\/retols-publicitat\/retols\/\"},{\"@type\":\"ListItem\",\"position\":3,\"name\":\"R\u00e8tols de lletres fresades\"}]},{\"@type\":\"WebSite\",\"@id\":\"https:\/\/www.euroretol.com\/ca\/#website\",\"url\":\"https:\/\/www.euroretol.com\/ca\/\",\"name\":\"Euroretol - R\u00e8tols, publicitat i impressi\u00f3 digital\",\"description\":\"Serveis de rotulaci\u00f3\",\"publisher\":{\"@id\":\"https:\/\/www.euroretol.com\/ca\/#organization\"},\"potentialAction\":[{\"@type\":\"SearchAction\",\"target\":{\"@type\":\"EntryPoint\",\"urlTemplate\":\"https:\/\/www.euroretol.com\/ca\/?s={search_term_string}\"},\"query-input\":{\"@type\":\"PropertyValueSpecification\",\"valueRequired\":true,\"valueName\":\"search_term_string\"}}],\"inLanguage\":\"ca\"},{\"@type\":\"Organization\",\"@id\":\"https:\/\/www.euroretol.com\/ca\/#organization\",\"name\":\"Euroretol - R\u00e8tols, publicitat i impressi\u00f3 digital\",\"url\":\"https:\/\/www.euroretol.com\/ca\/\",\"logo\":{\"@type\":\"ImageObject\",\"inLanguage\":\"ca\",\"@id\":\"https:\/\/www.euroretol.com\/ca\/#\/schema\/logo\/image\/\",\"url\":\"https:\/\/www.euroretol.com\/wp-content\/uploads\/2024\/02\/euroretol-420x120-2.png\",\"contentUrl\":\"https:\/\/www.euroretol.com\/wp-content\/uploads\/2024\/02\/euroretol-420x120-2.png\",\"width\":420,\"height\":120,\"caption\":\"Euroretol - R\u00e8tols, publicitat i impressi\u00f3 digital\"},\"image\":{\"@id\":\"https:\/\/www.euroretol.com\/ca\/#\/schema\/logo\/image\/\"}}]}<\/script>\n<!-- \/ Yoast SEO plugin. -->","yoast_head_json":{"title":"Fabricaci\u00f3 i instal\u00b7laci\u00f3 de r\u00e8tols amb lletres fresades, s\u00edmil a 3D","description":"Empresa de fabricants i instal\u00b7ladors de r\u00e8tols publicitaris per a comer\u00e7os amb lletres fresades per donar una sensaci\u00f3 de 3 dimensions","robots":{"index":"index","follow":"follow","max-snippet":"max-snippet:-1","max-image-preview":"max-image-preview:large","max-video-preview":"max-video-preview:-1"},"canonical":"https:\/\/www.euroretol.com\/ca\/retols-publicitat\/retols\/retols-de-lletres-fresades\/","og_locale":"ca_ES","og_type":"article","og_title":"Fabricaci\u00f3 i instal\u00b7laci\u00f3 de r\u00e8tols amb lletres fresades, s\u00edmil a 3D","og_description":"Empresa de fabricants i instal\u00b7ladors de r\u00e8tols publicitaris per a comer\u00e7os amb lletres fresades per donar una sensaci\u00f3 de 3 dimensions","og_url":"https:\/\/www.euroretol.com\/ca\/retols-publicitat\/retols\/retols-de-lletres-fresades\/","og_site_name":"Euroretol - R\u00e8tols, publicitat i impressi\u00f3 digital","article_modified_time":"2023-08-07T07:51:27+00:00","og_image":[{"width":900,"height":675,"url":"https:\/\/www.euroretol.com\/wp-content\/uploads\/2023\/07\/rotulos-letras-fresadas-para-tiendas.jpg","type":"image\/jpeg"}],"twitter_misc":{"Temps estimat de lectura":"1 minut"},"schema":{"@context":"https:\/\/schema.org","@graph":[{"@type":"WebPage","@id":"https:\/\/www.euroretol.com\/ca\/retols-publicitat\/retols\/retols-de-lletres-fresades\/","url":"https:\/\/www.euroretol.com\/ca\/retols-publicitat\/retols\/retols-de-lletres-fresades\/","name":"Fabricaci\u00f3 i instal\u00b7laci\u00f3 de r\u00e8tols amb lletres fresades, s\u00edmil a 3D","isPartOf":{"@id":"https:\/\/www.euroretol.com\/ca\/#website"},"primaryImageOfPage":{"@id":"https:\/\/www.euroretol.com\/ca\/retols-publicitat\/retols\/retols-de-lletres-fresades\/#primaryimage"},"image":{"@id":"https:\/\/www.euroretol.com\/ca\/retols-publicitat\/retols\/retols-de-lletres-fresades\/#primaryimage"},"thumbnailUrl":"https:\/\/www.euroretol.com\/wp-content\/uploads\/2023\/07\/rotulos-letras-fresadas-para-tiendas.jpg","datePublished":"2023-07-27T10:14:05+00:00","dateModified":"2023-08-07T07:51:27+00:00","description":"Empresa de fabricants i instal\u00b7ladors de r\u00e8tols publicitaris per a comer\u00e7os amb lletres fresades per donar una sensaci\u00f3 de 3 dimensions","breadcrumb":{"@id":"https:\/\/www.euroretol.com\/ca\/retols-publicitat\/retols\/retols-de-lletres-fresades\/#breadcrumb"},"inLanguage":"ca","potentialAction":[{"@type":"ReadAction","target":["https:\/\/www.euroretol.com\/ca\/retols-publicitat\/retols\/retols-de-lletres-fresades\/"]}]},{"@type":"ImageObject","inLanguage":"ca","@id":"https:\/\/www.euroretol.com\/ca\/retols-publicitat\/retols\/retols-de-lletres-fresades\/#primaryimage","url":"https:\/\/www.euroretol.com\/wp-content\/uploads\/2023\/07\/rotulos-letras-fresadas-para-tiendas.jpg","contentUrl":"https:\/\/www.euroretol.com\/wp-content\/uploads\/2023\/07\/rotulos-letras-fresadas-para-tiendas.jpg","width":900,"height":675},{"@type":"BreadcrumbList","@id":"https:\/\/www.euroretol.com\/ca\/retols-publicitat\/retols\/retols-de-lletres-fresades\/#breadcrumb","itemListElement":[{"@type":"ListItem","position":1,"name":"Productes","item":"https:\/\/www.euroretol.com\/ca\/retols-publicitat\/"},{"@type":"ListItem","position":2,"name":"R\u00e8tols","item":"https:\/\/www.euroretol.com\/ca\/retols-publicitat\/retols\/"},{"@type":"ListItem","position":3,"name":"R\u00e8tols de lletres fresades"}]},{"@type":"WebSite","@id":"https:\/\/www.euroretol.com\/ca\/#website","url":"https:\/\/www.euroretol.com\/ca\/","name":"Euroretol - R\u00e8tols, publicitat i impressi\u00f3 digital","description":"Serveis de rotulaci\u00f3","publisher":{"@id":"https:\/\/www.euroretol.com\/ca\/#organization"},"potentialAction":[{"@type":"SearchAction","target":{"@type":"EntryPoint","urlTemplate":"https:\/\/www.euroretol.com\/ca\/?s={search_term_string}"},"query-input":{"@type":"PropertyValueSpecification","valueRequired":true,"valueName":"search_term_string"}}],"inLanguage":"ca"},{"@type":"Organization","@id":"https:\/\/www.euroretol.com\/ca\/#organization","name":"Euroretol - R\u00e8tols, publicitat i impressi\u00f3 digital","url":"https:\/\/www.euroretol.com\/ca\/","logo":{"@type":"ImageObject","inLanguage":"ca","@id":"https:\/\/www.euroretol.com\/ca\/#\/schema\/logo\/image\/","url":"https:\/\/www.euroretol.com\/wp-content\/uploads\/2024\/02\/euroretol-420x120-2.png","contentUrl":"https:\/\/www.euroretol.com\/wp-content\/uploads\/2024\/02\/euroretol-420x120-2.png","width":420,"height":120,"caption":"Euroretol - R\u00e8tols, publicitat i impressi\u00f3 digital"},"image":{"@id":"https:\/\/www.euroretol.com\/ca\/#\/schema\/logo\/image\/"}}]}},"_links":{"self":[{"href":"https:\/\/www.euroretol.com\/ca\/wp-json\/wp\/v2\/pages\/1847","targetHints":{"allow":["GET"]}}],"collection":[{"href":"https:\/\/www.euroretol.com\/ca\/wp-json\/wp\/v2\/pages"}],"about":[{"href":"https:\/\/www.euroretol.com\/ca\/wp-json\/wp\/v2\/types\/page"}],"author":[{"embeddable":true,"href":"https:\/\/www.euroretol.com\/ca\/wp-json\/wp\/v2\/users\/1"}],"replies":[{"embeddable":true,"href":"https:\/\/www.euroretol.com\/ca\/wp-json\/wp\/v2\/comments?post=1847"}],"version-history":[{"count":0,"href":"https:\/\/www.euroretol.com\/ca\/wp-json\/wp\/v2\/pages\/1847\/revisions"}],"up":[{"embeddable":true,"href":"https:\/\/www.euroretol.com\/ca\/wp-json\/wp\/v2\/pages\/1836"}],"wp:featuredmedia":[{"embeddable":true,"href":"https:\/\/www.euroretol.com\/ca\/wp-json\/wp\/v2\/media\/1684"}],"wp:attachment":[{"href":"https:\/\/www.euroretol.com\/ca\/wp-json\/wp\/v2\/media?parent=1847"}],"curies":[{"name":"wp","href":"https:\/\/api.w.org\/{rel}","templated":true}]}}