{"id":1848,"date":"2023-07-27T10:29:29","date_gmt":"2023-07-27T10:29:29","guid":{"rendered":"https:\/\/www.euroretol.com\/productes\/vinils\/"},"modified":"2023-08-07T07:49:28","modified_gmt":"2023-08-07T07:49:28","slug":"vinils","status":"publish","type":"page","link":"https:\/\/www.euroretol.com\/ca\/retols-publicitat\/vinils\/","title":{"rendered":"Vinils"},"content":{"rendered":"<div class=\"img-cabecera full-width\"><img decoding=\"async\" title=\"Vinils publicitaris\" src=\"https:\/\/www.euroretol.com\/wp-content\/uploads\/2023\/07\/vinilos-publicitarios.jpg\" alt=\"Vinils publicitaris i decoratius\"><\/div>\n<h1 class=\"titulo-con-cabecera\">Vinils<\/h1>\n<h2>Diferents tipus de vinils publicitaris<\/h2>\n<p class=\"estrecho\">Disposem d&#8217;una gran varietat de <strong>vinils publicitaris<\/strong> segons les seves necessitats, <strong>vinils per a aparadors<\/strong>, <strong>vinils per a locals comercials<\/strong>, <strong>vinils infantils per a parets<\/strong>, <strong>vinils per a vidres<\/strong> i <strong>vinils personalitzats<\/strong>, aix\u00ed com vinils decoratius en qualsevol superf\u00edcie no rugosa.<\/p>\n<div class=\"productos-principales\">\n<div class=\"producto-principal\">\n<a href=\"https:\/\/www.euroretol.com\/ca\/retols-publicitat\/vinils\/vinils-per-a-aparadors\/\" title=\"Vinils per a aparadors\"><\/p>\n<div><img decoding=\"async\" title=\"Vinils per a aparadors\" src=\"https:\/\/www.euroretol.com\/wp-content\/uploads\/2023\/07\/vinilos-para-escaparate.jpg\" alt=\"Vinils per a aparadors\"><\/div>\n<h3>Vinils per a aparadors<\/h3>\n<p><\/a>\n<\/div>\n<div class=\"producto-principal\">\n<a href=\"https:\/\/www.euroretol.com\/ca\/retols-publicitat\/vinils\/vinils-per-a-locals-comercials\/\" title=\"Vinils per a locals\"><\/p>\n<div><img decoding=\"async\" title=\"Vinils per a locals comercials\" src=\"https:\/\/www.euroretol.com\/wp-content\/uploads\/2023\/07\/vinilos-para-locales-comerciales.jpg\" alt=\"Vinils per a locals comercials\"><\/div>\n<h3>Vinils per a locals<\/h3>\n<p><\/a>\n<\/div>\n<div class=\"producto-principal\">\n<a href=\"https:\/\/www.euroretol.com\/ca\/retols-publicitat\/vinils\/vinils-infantils\/\" title=\"Vinils infantils\"><\/p>\n<div><img decoding=\"async\" title=\"Vinils infantils\" src=\"https:\/\/www.euroretol.com\/wp-content\/uploads\/2023\/07\/vinilos-infantiles.jpg\" alt=\"Vinils infantils\"><\/div>\n<h3>Vinils infantils<\/h3>\n<p><\/a>\n<\/div>\n<div class=\"producto-principal\">\n<a href=\"https:\/\/www.euroretol.com\/ca\/retols-publicitat\/vinils\/vinils-per-a-vidres-i-mampares\/\" title=\"Vinils per a vidre\"><\/p>\n<div><img decoding=\"async\" title=\"Vinils per a vidre i mampares\" src=\"https:\/\/www.euroretol.com\/wp-content\/uploads\/2023\/07\/vinilos-para-cristal.jpg\" alt=\"Vinils per a vidre i mampares\"><\/div>\n<h3>Vinils per a vidre<\/h3>\n<p><\/a>\n<\/div>\n<div class=\"producto-principal\">\n<a href=\"https:\/\/www.euroretol.com\/ca\/retols-publicitat\/vinils\/vinils-personalitzats\/\" title=\"Vinils personalitzats\"><\/p>\n<div><img decoding=\"async\" title=\"Vinils personalitzats\" src=\"https:\/\/www.euroretol.com\/wp-content\/uploads\/2023\/07\/vinilos-para-locales-comerciales-barcelona-1.jpg\" alt=\"Vinils personalitzats\"><\/div>\n<h3>Vinils personalitzats<\/h3>\n<p><\/a>\n<\/div>\n<\/div>\n","protected":false},"excerpt":{"rendered":"<p>Vinils Diferents tipus de vinils publicitaris Disposem d&#8217;una gran varietat de vinils publicitaris segons les seves necessitats, vinils per a aparadors, vinils per a locals comercials, vinils infantils per a parets, vinils per a vidres i vinils personalitzats, aix\u00ed com vinils decoratius en qualsevol superf\u00edcie no rugosa. Vinils per a aparadors Vinils per a locals [&hellip;]<\/p>\n","protected":false},"author":1,"featured_media":0,"parent":1825,"menu_order":0,"comment_status":"closed","ping_status":"closed","template":"","meta":{"site-sidebar-layout":"default","site-content-layout":"default","ast-site-content-layout":"","site-content-style":"default","site-sidebar-style":"default","ast-global-header-display":"","ast-banner-title-visibility":"","ast-main-header-display":"","ast-hfb-above-header-display":"","ast-hfb-below-header-display":"","ast-hfb-mobile-header-display":"","site-post-title":"disabled","ast-breadcrumbs-content":"","ast-featured-img":"disabled","footer-sml-layout":"","theme-transparent-header-meta":"default","adv-header-id-meta":"","stick-header-meta":"","header-above-stick-meta":"","header-main-stick-meta":"","header-below-stick-meta":"","astra-migrate-meta-layouts":"default","ast-page-background-enabled":"default","ast-page-background-meta":{"desktop":{"background-color":"var(--ast-global-color-4)","background-image":"","background-repeat":"repeat","background-position":"center center","background-size":"auto","background-attachment":"scroll","background-type":"","background-media":"","overlay-type":"","overlay-color":"","overlay-opacity":"","overlay-gradient":""},"tablet":{"background-color":"","background-image":"","background-repeat":"repeat","background-position":"center center","background-size":"auto","background-attachment":"scroll","background-type":"","background-media":"","overlay-type":"","overlay-color":"","overlay-opacity":"","overlay-gradient":""},"mobile":{"background-color":"","background-image":"","background-repeat":"repeat","background-position":"center center","background-size":"auto","background-attachment":"scroll","background-type":"","background-media":"","overlay-type":"","overlay-color":"","overlay-opacity":"","overlay-gradient":""}},"ast-content-background-meta":{"desktop":{"background-color":"var(--ast-global-color-5)","background-image":"","background-repeat":"repeat","background-position":"center center","background-size":"auto","background-attachment":"scroll","background-type":"","background-media":"","overlay-type":"","overlay-color":"","overlay-opacity":"","overlay-gradient":""},"tablet":{"background-color":"var(--ast-global-color-5)","background-image":"","background-repeat":"repeat","background-position":"center center","background-size":"auto","background-attachment":"scroll","background-type":"","background-media":"","overlay-type":"","overlay-color":"","overlay-opacity":"","overlay-gradient":""},"mobile":{"background-color":"var(--ast-global-color-5)","background-image":"","background-repeat":"repeat","background-position":"center center","background-size":"auto","background-attachment":"scroll","background-type":"","background-media":"","overlay-type":"","overlay-color":"","overlay-opacity":"","overlay-gradient":""}},"footnotes":""},"class_list":["post-1848","page","type-page","status-publish","hentry"],"yoast_head":"<!-- This site is optimized with the Yoast SEO plugin v27.0 - https:\/\/yoast.com\/product\/yoast-seo-wordpress\/ -->\n<title>Impressi\u00f3 i instal\u00b7laci\u00f3 de vinils publicitaris i decoratius<\/title>\n<meta name=\"description\" content=\"Empresa d&#039;impressi\u00f3 i instal\u00b7ladors de vinils a aparadors, locals, vidrieres o vinils personalitzats o decoratius a empreses i particulars\" \/>\n<meta name=\"robots\" content=\"index, follow, max-snippet:-1, max-image-preview:large, max-video-preview:-1\" \/>\n<link rel=\"canonical\" href=\"https:\/\/www.euroretol.com\/ca\/retols-publicitat\/vinils\/\" \/>\n<meta property=\"og:locale\" content=\"ca_ES\" \/>\n<meta property=\"og:type\" content=\"article\" \/>\n<meta property=\"og:title\" content=\"Impressi\u00f3 i instal\u00b7laci\u00f3 de vinils publicitaris i decoratius\" \/>\n<meta property=\"og:description\" content=\"Empresa d&#039;impressi\u00f3 i instal\u00b7ladors de vinils a aparadors, locals, vidrieres o vinils personalitzats o decoratius a empreses i particulars\" \/>\n<meta property=\"og:url\" content=\"https:\/\/www.euroretol.com\/ca\/retols-publicitat\/vinils\/\" \/>\n<meta property=\"og:site_name\" content=\"Euroretol - R\u00e8tols, publicitat i impressi\u00f3 digital\" \/>\n<meta property=\"article:modified_time\" content=\"2023-08-07T07:49:28+00:00\" \/>\n<meta property=\"og:image\" content=\"https:\/\/www.euroretol.com\/wp-content\/uploads\/2023\/07\/vinilos-publicitarios.jpg\" \/>\n<meta name=\"twitter:label1\" content=\"Temps estimat de lectura\" \/>\n\t<meta name=\"twitter:data1\" content=\"2 minuts\" \/>\n<script type=\"application\/ld+json\" class=\"yoast-schema-graph\">{\"@context\":\"https:\/\/schema.org\",\"@graph\":[{\"@type\":\"WebPage\",\"@id\":\"https:\/\/www.euroretol.com\/ca\/retols-publicitat\/vinils\/\",\"url\":\"https:\/\/www.euroretol.com\/ca\/retols-publicitat\/vinils\/\",\"name\":\"Impressi\u00f3 i instal\u00b7laci\u00f3 de vinils publicitaris i decoratius\",\"isPartOf\":{\"@id\":\"https:\/\/www.euroretol.com\/ca\/#website\"},\"primaryImageOfPage\":{\"@id\":\"https:\/\/www.euroretol.com\/ca\/retols-publicitat\/vinils\/#primaryimage\"},\"image\":{\"@id\":\"https:\/\/www.euroretol.com\/ca\/retols-publicitat\/vinils\/#primaryimage\"},\"thumbnailUrl\":\"https:\/\/www.euroretol.com\/wp-content\/uploads\/2023\/07\/vinilos-publicitarios.jpg\",\"datePublished\":\"2023-07-27T10:29:29+00:00\",\"dateModified\":\"2023-08-07T07:49:28+00:00\",\"description\":\"Empresa d'impressi\u00f3 i instal\u00b7ladors de vinils a aparadors, locals, vidrieres o vinils personalitzats o decoratius a empreses i particulars\",\"breadcrumb\":{\"@id\":\"https:\/\/www.euroretol.com\/ca\/retols-publicitat\/vinils\/#breadcrumb\"},\"inLanguage\":\"ca\",\"potentialAction\":[{\"@type\":\"ReadAction\",\"target\":[\"https:\/\/www.euroretol.com\/ca\/retols-publicitat\/vinils\/\"]}]},{\"@type\":\"ImageObject\",\"inLanguage\":\"ca\",\"@id\":\"https:\/\/www.euroretol.com\/ca\/retols-publicitat\/vinils\/#primaryimage\",\"url\":\"https:\/\/www.euroretol.com\/wp-content\/uploads\/2023\/07\/vinilos-publicitarios.jpg\",\"contentUrl\":\"https:\/\/www.euroretol.com\/wp-content\/uploads\/2023\/07\/vinilos-publicitarios.jpg\"},{\"@type\":\"BreadcrumbList\",\"@id\":\"https:\/\/www.euroretol.com\/ca\/retols-publicitat\/vinils\/#breadcrumb\",\"itemListElement\":[{\"@type\":\"ListItem\",\"position\":1,\"name\":\"Productes\",\"item\":\"https:\/\/www.euroretol.com\/ca\/retols-publicitat\/\"},{\"@type\":\"ListItem\",\"position\":2,\"name\":\"Vinils\"}]},{\"@type\":\"WebSite\",\"@id\":\"https:\/\/www.euroretol.com\/ca\/#website\",\"url\":\"https:\/\/www.euroretol.com\/ca\/\",\"name\":\"Euroretol - R\u00e8tols, publicitat i impressi\u00f3 digital\",\"description\":\"Serveis de rotulaci\u00f3\",\"publisher\":{\"@id\":\"https:\/\/www.euroretol.com\/ca\/#organization\"},\"potentialAction\":[{\"@type\":\"SearchAction\",\"target\":{\"@type\":\"EntryPoint\",\"urlTemplate\":\"https:\/\/www.euroretol.com\/ca\/?s={search_term_string}\"},\"query-input\":{\"@type\":\"PropertyValueSpecification\",\"valueRequired\":true,\"valueName\":\"search_term_string\"}}],\"inLanguage\":\"ca\"},{\"@type\":\"Organization\",\"@id\":\"https:\/\/www.euroretol.com\/ca\/#organization\",\"name\":\"Euroretol - R\u00e8tols, publicitat i impressi\u00f3 digital\",\"url\":\"https:\/\/www.euroretol.com\/ca\/\",\"logo\":{\"@type\":\"ImageObject\",\"inLanguage\":\"ca\",\"@id\":\"https:\/\/www.euroretol.com\/ca\/#\/schema\/logo\/image\/\",\"url\":\"https:\/\/www.euroretol.com\/wp-content\/uploads\/2024\/02\/euroretol-420x120-2.png\",\"contentUrl\":\"https:\/\/www.euroretol.com\/wp-content\/uploads\/2024\/02\/euroretol-420x120-2.png\",\"width\":420,\"height\":120,\"caption\":\"Euroretol - R\u00e8tols, publicitat i impressi\u00f3 digital\"},\"image\":{\"@id\":\"https:\/\/www.euroretol.com\/ca\/#\/schema\/logo\/image\/\"}}]}<\/script>\n<!-- \/ Yoast SEO plugin. -->","yoast_head_json":{"title":"Impressi\u00f3 i instal\u00b7laci\u00f3 de vinils publicitaris i decoratius","description":"Empresa d'impressi\u00f3 i instal\u00b7ladors de vinils a aparadors, locals, vidrieres o vinils personalitzats o decoratius a empreses i particulars","robots":{"index":"index","follow":"follow","max-snippet":"max-snippet:-1","max-image-preview":"max-image-preview:large","max-video-preview":"max-video-preview:-1"},"canonical":"https:\/\/www.euroretol.com\/ca\/retols-publicitat\/vinils\/","og_locale":"ca_ES","og_type":"article","og_title":"Impressi\u00f3 i instal\u00b7laci\u00f3 de vinils publicitaris i decoratius","og_description":"Empresa d'impressi\u00f3 i instal\u00b7ladors de vinils a aparadors, locals, vidrieres o vinils personalitzats o decoratius a empreses i particulars","og_url":"https:\/\/www.euroretol.com\/ca\/retols-publicitat\/vinils\/","og_site_name":"Euroretol - R\u00e8tols, publicitat i impressi\u00f3 digital","article_modified_time":"2023-08-07T07:49:28+00:00","og_image":[{"url":"https:\/\/www.euroretol.com\/wp-content\/uploads\/2023\/07\/vinilos-publicitarios.jpg","type":"","width":"","height":""}],"twitter_misc":{"Temps estimat de lectura":"2 minuts"},"schema":{"@context":"https:\/\/schema.org","@graph":[{"@type":"WebPage","@id":"https:\/\/www.euroretol.com\/ca\/retols-publicitat\/vinils\/","url":"https:\/\/www.euroretol.com\/ca\/retols-publicitat\/vinils\/","name":"Impressi\u00f3 i instal\u00b7laci\u00f3 de vinils publicitaris i decoratius","isPartOf":{"@id":"https:\/\/www.euroretol.com\/ca\/#website"},"primaryImageOfPage":{"@id":"https:\/\/www.euroretol.com\/ca\/retols-publicitat\/vinils\/#primaryimage"},"image":{"@id":"https:\/\/www.euroretol.com\/ca\/retols-publicitat\/vinils\/#primaryimage"},"thumbnailUrl":"https:\/\/www.euroretol.com\/wp-content\/uploads\/2023\/07\/vinilos-publicitarios.jpg","datePublished":"2023-07-27T10:29:29+00:00","dateModified":"2023-08-07T07:49:28+00:00","description":"Empresa d'impressi\u00f3 i instal\u00b7ladors de vinils a aparadors, locals, vidrieres o vinils personalitzats o decoratius a empreses i particulars","breadcrumb":{"@id":"https:\/\/www.euroretol.com\/ca\/retols-publicitat\/vinils\/#breadcrumb"},"inLanguage":"ca","potentialAction":[{"@type":"ReadAction","target":["https:\/\/www.euroretol.com\/ca\/retols-publicitat\/vinils\/"]}]},{"@type":"ImageObject","inLanguage":"ca","@id":"https:\/\/www.euroretol.com\/ca\/retols-publicitat\/vinils\/#primaryimage","url":"https:\/\/www.euroretol.com\/wp-content\/uploads\/2023\/07\/vinilos-publicitarios.jpg","contentUrl":"https:\/\/www.euroretol.com\/wp-content\/uploads\/2023\/07\/vinilos-publicitarios.jpg"},{"@type":"BreadcrumbList","@id":"https:\/\/www.euroretol.com\/ca\/retols-publicitat\/vinils\/#breadcrumb","itemListElement":[{"@type":"ListItem","position":1,"name":"Productes","item":"https:\/\/www.euroretol.com\/ca\/retols-publicitat\/"},{"@type":"ListItem","position":2,"name":"Vinils"}]},{"@type":"WebSite","@id":"https:\/\/www.euroretol.com\/ca\/#website","url":"https:\/\/www.euroretol.com\/ca\/","name":"Euroretol - R\u00e8tols, publicitat i impressi\u00f3 digital","description":"Serveis de rotulaci\u00f3","publisher":{"@id":"https:\/\/www.euroretol.com\/ca\/#organization"},"potentialAction":[{"@type":"SearchAction","target":{"@type":"EntryPoint","urlTemplate":"https:\/\/www.euroretol.com\/ca\/?s={search_term_string}"},"query-input":{"@type":"PropertyValueSpecification","valueRequired":true,"valueName":"search_term_string"}}],"inLanguage":"ca"},{"@type":"Organization","@id":"https:\/\/www.euroretol.com\/ca\/#organization","name":"Euroretol - R\u00e8tols, publicitat i impressi\u00f3 digital","url":"https:\/\/www.euroretol.com\/ca\/","logo":{"@type":"ImageObject","inLanguage":"ca","@id":"https:\/\/www.euroretol.com\/ca\/#\/schema\/logo\/image\/","url":"https:\/\/www.euroretol.com\/wp-content\/uploads\/2024\/02\/euroretol-420x120-2.png","contentUrl":"https:\/\/www.euroretol.com\/wp-content\/uploads\/2024\/02\/euroretol-420x120-2.png","width":420,"height":120,"caption":"Euroretol - R\u00e8tols, publicitat i impressi\u00f3 digital"},"image":{"@id":"https:\/\/www.euroretol.com\/ca\/#\/schema\/logo\/image\/"}}]}},"_links":{"self":[{"href":"https:\/\/www.euroretol.com\/ca\/wp-json\/wp\/v2\/pages\/1848","targetHints":{"allow":["GET"]}}],"collection":[{"href":"https:\/\/www.euroretol.com\/ca\/wp-json\/wp\/v2\/pages"}],"about":[{"href":"https:\/\/www.euroretol.com\/ca\/wp-json\/wp\/v2\/types\/page"}],"author":[{"embeddable":true,"href":"https:\/\/www.euroretol.com\/ca\/wp-json\/wp\/v2\/users\/1"}],"replies":[{"embeddable":true,"href":"https:\/\/www.euroretol.com\/ca\/wp-json\/wp\/v2\/comments?post=1848"}],"version-history":[{"count":0,"href":"https:\/\/www.euroretol.com\/ca\/wp-json\/wp\/v2\/pages\/1848\/revisions"}],"up":[{"embeddable":true,"href":"https:\/\/www.euroretol.com\/ca\/wp-json\/wp\/v2\/pages\/1825"}],"wp:attachment":[{"href":"https:\/\/www.euroretol.com\/ca\/wp-json\/wp\/v2\/media?parent=1848"}],"curies":[{"name":"wp","href":"https:\/\/api.w.org\/{rel}","templated":true}]}}