{"id":1854,"date":"2023-07-27T11:08:59","date_gmt":"2023-07-27T11:08:59","guid":{"rendered":"https:\/\/www.euroretol.com\/productes\/vinils\/vinils-infantils\/"},"modified":"2023-08-07T07:52:42","modified_gmt":"2023-08-07T07:52:42","slug":"vinils-infantils","status":"publish","type":"page","link":"https:\/\/www.euroretol.com\/ca\/retols-publicitat\/vinils\/vinils-infantils\/","title":{"rendered":"Vinils infantils"},"content":{"rendered":"<div class=\"img-cabecera full-width\"><img decoding=\"async\" src=\"https:\/\/www.euroretol.com\/wp-content\/uploads\/2023\/07\/vinilos-infantiles-3.jpg\" title=\"Vinils infantils\" alt=\"Vinils decoratius infantils\"><\/div>\n<h1 class=\"titulo-con-cabecera\">Vinils infantils<\/h1>\n<h2>Per penjar a qualsevol superf\u00edcie<\/h2>\n<div class=\"estrecho\">\n<p>Imprimim i col\u00b7loquem <strong>vinils infantils<\/strong> preparats per aplicar en diferents materials: PVC, metacrilat, alumini, vidrieres, parets, vehicles, estands de fira, r\u00e8tols\u2026<\/p>\n<h3 style=\"text-align:center;\">Vinils personalitzats impresos i retallats<\/h3>\n<p>Dissenyem <strong>vinils per a decorar<\/strong> l&#8217;habitaci\u00f3 dels m\u00e9s petits, la sala d&#8217;estar, o qualsevol altra estada i donar un toc de color. Si teniu un disseny propi porteu-nos-ho i el reprodu\u00efm en vinil impr\u00e8s al vostre gust. <\/p>\n<p>Els nostres <strong>vinils retallats<\/strong> serveixen per donar un petit toc de color i disseny a un rac\u00f3 de casa nostra, i tenen l&#8217;avantatge de poder col\u00b7locar-los un mateix. Els nostres <strong>vinils retallats s\u00f3n personalitzats i \u00fanics<\/strong>. <\/p>\n<p>Feu-nos saber la vostra idea i nosaltres la posarem en pr\u00e0ctica amb <strong>vinils personalitzats<\/strong>.<\/p>\n<\/div>\n<p class=\"boton-presupuesto\"><a href=\"https:\/\/www.euroretol.com\/ca\/empresa-retolacio\/\" title=\"Sol\u00b7licitar pressupostos de vinils infantils, decoratius o personalitzats\">Sol\u00b7licitar pressupost<\/a><\/p>\n<div class=\"galerias\"><div class=\"rl-gallery-container rl-loading\" id=\"rl-gallery-container-1\" data-gallery_id=\"1257\"> <div class=\"rl-gallery rl-basicgrid-gallery \" id=\"rl-gallery-1\" data-gallery_no=\"1\"> <div class=\"rl-gallery-item\"><a href=\"https:\/\/www.euroretol.com\/wp-content\/uploads\/2023\/07\/vinilos-decorativos.jpg\" title=\"\" data-rl_title=\"\" class=\"rl-gallery-link\" data-rl_caption=\"\" data-rel=\"lightbox-gallery-1\"><img fetchpriority=\"high\" decoding=\"async\" src=\"https:\/\/www.euroretol.com\/wp-content\/uploads\/2023\/07\/vinilos-decorativos-300x225.jpg\" width=\"300\" height=\"225\" alt=\"\"\/><\/a><\/div><div class=\"rl-gallery-item\"><a href=\"https:\/\/www.euroretol.com\/wp-content\/uploads\/2023\/07\/vinilos-infantiles-2.jpg\" title=\"\" data-rl_title=\"\" class=\"rl-gallery-link\" data-rl_caption=\"\" data-rel=\"lightbox-gallery-1\"><img decoding=\"async\" src=\"https:\/\/www.euroretol.com\/wp-content\/uploads\/2023\/07\/vinilos-infantiles-2-300x225.jpg\" width=\"300\" height=\"225\" alt=\"\"\/><\/a><\/div> <\/div> <\/div><\/div>\n","protected":false},"excerpt":{"rendered":"<p>Vinils infantils Per penjar a qualsevol superf\u00edcie Imprimim i col\u00b7loquem vinils infantils preparats per aplicar en diferents materials: PVC, metacrilat, alumini, vidrieres, parets, vehicles, estands de fira, r\u00e8tols\u2026 Vinils personalitzats impresos i retallats Dissenyem vinils per a decorar l&#8217;habitaci\u00f3 dels m\u00e9s petits, la sala d&#8217;estar, o qualsevol altra estada i donar un toc de color. [&hellip;]<\/p>\n","protected":false},"author":1,"featured_media":0,"parent":1848,"menu_order":0,"comment_status":"closed","ping_status":"closed","template":"","meta":{"site-sidebar-layout":"default","site-content-layout":"default","ast-site-content-layout":"","site-content-style":"default","site-sidebar-style":"default","ast-global-header-display":"","ast-banner-title-visibility":"","ast-main-header-display":"","ast-hfb-above-header-display":"","ast-hfb-below-header-display":"","ast-hfb-mobile-header-display":"","site-post-title":"disabled","ast-breadcrumbs-content":"","ast-featured-img":"disabled","footer-sml-layout":"","theme-transparent-header-meta":"default","adv-header-id-meta":"","stick-header-meta":"","header-above-stick-meta":"","header-main-stick-meta":"","header-below-stick-meta":"","astra-migrate-meta-layouts":"default","ast-page-background-enabled":"default","ast-page-background-meta":{"desktop":{"background-color":"var(--ast-global-color-4)","background-image":"","background-repeat":"repeat","background-position":"center center","background-size":"auto","background-attachment":"scroll","background-type":"","background-media":"","overlay-type":"","overlay-color":"","overlay-opacity":"","overlay-gradient":""},"tablet":{"background-color":"","background-image":"","background-repeat":"repeat","background-position":"center center","background-size":"auto","background-attachment":"scroll","background-type":"","background-media":"","overlay-type":"","overlay-color":"","overlay-opacity":"","overlay-gradient":""},"mobile":{"background-color":"","background-image":"","background-repeat":"repeat","background-position":"center center","background-size":"auto","background-attachment":"scroll","background-type":"","background-media":"","overlay-type":"","overlay-color":"","overlay-opacity":"","overlay-gradient":""}},"ast-content-background-meta":{"desktop":{"background-color":"var(--ast-global-color-5)","background-image":"","background-repeat":"repeat","background-position":"center center","background-size":"auto","background-attachment":"scroll","background-type":"","background-media":"","overlay-type":"","overlay-color":"","overlay-opacity":"","overlay-gradient":""},"tablet":{"background-color":"var(--ast-global-color-5)","background-image":"","background-repeat":"repeat","background-position":"center center","background-size":"auto","background-attachment":"scroll","background-type":"","background-media":"","overlay-type":"","overlay-color":"","overlay-opacity":"","overlay-gradient":""},"mobile":{"background-color":"var(--ast-global-color-5)","background-image":"","background-repeat":"repeat","background-position":"center center","background-size":"auto","background-attachment":"scroll","background-type":"","background-media":"","overlay-type":"","overlay-color":"","overlay-opacity":"","overlay-gradient":""}},"footnotes":""},"class_list":["post-1854","page","type-page","status-publish","hentry"],"yoast_head":"<!-- This site is optimized with the Yoast SEO plugin v27.0 - https:\/\/yoast.com\/product\/yoast-seo-wordpress\/ -->\n<title>Impressi\u00f3 de vinils infantils o decoratius personalitzats<\/title>\n<meta name=\"description\" content=\"Realitzem la impressi\u00f3 del vinil en superf\u00edcies de diferents materials com PVC, metacrilat, vehicles, vidrieres, parets, etc.\" \/>\n<meta name=\"robots\" content=\"index, follow, max-snippet:-1, max-image-preview:large, max-video-preview:-1\" \/>\n<link rel=\"canonical\" href=\"https:\/\/www.euroretol.com\/ca\/retols-publicitat\/vinils\/vinils-infantils\/\" \/>\n<meta property=\"og:locale\" content=\"ca_ES\" \/>\n<meta property=\"og:type\" content=\"article\" \/>\n<meta property=\"og:title\" content=\"Impressi\u00f3 de vinils infantils o decoratius personalitzats\" \/>\n<meta property=\"og:description\" content=\"Realitzem la impressi\u00f3 del vinil en superf\u00edcies de diferents materials com PVC, metacrilat, vehicles, vidrieres, parets, etc.\" \/>\n<meta property=\"og:url\" content=\"https:\/\/www.euroretol.com\/ca\/retols-publicitat\/vinils\/vinils-infantils\/\" \/>\n<meta property=\"og:site_name\" content=\"Euroretol - R\u00e8tols, publicitat i impressi\u00f3 digital\" \/>\n<meta property=\"article:modified_time\" content=\"2023-08-07T07:52:42+00:00\" \/>\n<meta property=\"og:image\" content=\"https:\/\/www.euroretol.com\/wp-content\/uploads\/2023\/07\/vinilos-infantiles-3.jpg\" \/>\n<meta name=\"twitter:label1\" content=\"Temps estimat de lectura\" \/>\n\t<meta name=\"twitter:data1\" content=\"1 minut\" \/>\n<script type=\"application\/ld+json\" class=\"yoast-schema-graph\">{\"@context\":\"https:\/\/schema.org\",\"@graph\":[{\"@type\":\"WebPage\",\"@id\":\"https:\/\/www.euroretol.com\/ca\/retols-publicitat\/vinils\/vinils-infantils\/\",\"url\":\"https:\/\/www.euroretol.com\/ca\/retols-publicitat\/vinils\/vinils-infantils\/\",\"name\":\"Impressi\u00f3 de vinils infantils o decoratius personalitzats\",\"isPartOf\":{\"@id\":\"https:\/\/www.euroretol.com\/ca\/#website\"},\"primaryImageOfPage\":{\"@id\":\"https:\/\/www.euroretol.com\/ca\/retols-publicitat\/vinils\/vinils-infantils\/#primaryimage\"},\"image\":{\"@id\":\"https:\/\/www.euroretol.com\/ca\/retols-publicitat\/vinils\/vinils-infantils\/#primaryimage\"},\"thumbnailUrl\":\"https:\/\/www.euroretol.com\/wp-content\/uploads\/2023\/07\/vinilos-infantiles-3.jpg\",\"datePublished\":\"2023-07-27T11:08:59+00:00\",\"dateModified\":\"2023-08-07T07:52:42+00:00\",\"description\":\"Realitzem la impressi\u00f3 del vinil en superf\u00edcies de diferents materials com PVC, metacrilat, vehicles, vidrieres, parets, etc.\",\"breadcrumb\":{\"@id\":\"https:\/\/www.euroretol.com\/ca\/retols-publicitat\/vinils\/vinils-infantils\/#breadcrumb\"},\"inLanguage\":\"ca\",\"potentialAction\":[{\"@type\":\"ReadAction\",\"target\":[\"https:\/\/www.euroretol.com\/ca\/retols-publicitat\/vinils\/vinils-infantils\/\"]}]},{\"@type\":\"ImageObject\",\"inLanguage\":\"ca\",\"@id\":\"https:\/\/www.euroretol.com\/ca\/retols-publicitat\/vinils\/vinils-infantils\/#primaryimage\",\"url\":\"https:\/\/www.euroretol.com\/wp-content\/uploads\/2023\/07\/vinilos-infantiles-3.jpg\",\"contentUrl\":\"https:\/\/www.euroretol.com\/wp-content\/uploads\/2023\/07\/vinilos-infantiles-3.jpg\"},{\"@type\":\"BreadcrumbList\",\"@id\":\"https:\/\/www.euroretol.com\/ca\/retols-publicitat\/vinils\/vinils-infantils\/#breadcrumb\",\"itemListElement\":[{\"@type\":\"ListItem\",\"position\":1,\"name\":\"Productes\",\"item\":\"https:\/\/www.euroretol.com\/ca\/retols-publicitat\/\"},{\"@type\":\"ListItem\",\"position\":2,\"name\":\"Vinils\",\"item\":\"https:\/\/www.euroretol.com\/ca\/retols-publicitat\/vinils\/\"},{\"@type\":\"ListItem\",\"position\":3,\"name\":\"Vinils infantils\"}]},{\"@type\":\"WebSite\",\"@id\":\"https:\/\/www.euroretol.com\/ca\/#website\",\"url\":\"https:\/\/www.euroretol.com\/ca\/\",\"name\":\"Euroretol - R\u00e8tols, publicitat i impressi\u00f3 digital\",\"description\":\"Serveis de rotulaci\u00f3\",\"publisher\":{\"@id\":\"https:\/\/www.euroretol.com\/ca\/#organization\"},\"potentialAction\":[{\"@type\":\"SearchAction\",\"target\":{\"@type\":\"EntryPoint\",\"urlTemplate\":\"https:\/\/www.euroretol.com\/ca\/?s={search_term_string}\"},\"query-input\":{\"@type\":\"PropertyValueSpecification\",\"valueRequired\":true,\"valueName\":\"search_term_string\"}}],\"inLanguage\":\"ca\"},{\"@type\":\"Organization\",\"@id\":\"https:\/\/www.euroretol.com\/ca\/#organization\",\"name\":\"Euroretol - R\u00e8tols, publicitat i impressi\u00f3 digital\",\"url\":\"https:\/\/www.euroretol.com\/ca\/\",\"logo\":{\"@type\":\"ImageObject\",\"inLanguage\":\"ca\",\"@id\":\"https:\/\/www.euroretol.com\/ca\/#\/schema\/logo\/image\/\",\"url\":\"https:\/\/www.euroretol.com\/wp-content\/uploads\/2024\/02\/euroretol-420x120-2.png\",\"contentUrl\":\"https:\/\/www.euroretol.com\/wp-content\/uploads\/2024\/02\/euroretol-420x120-2.png\",\"width\":420,\"height\":120,\"caption\":\"Euroretol - R\u00e8tols, publicitat i impressi\u00f3 digital\"},\"image\":{\"@id\":\"https:\/\/www.euroretol.com\/ca\/#\/schema\/logo\/image\/\"}}]}<\/script>\n<!-- \/ Yoast SEO plugin. -->","yoast_head_json":{"title":"Impressi\u00f3 de vinils infantils o decoratius personalitzats","description":"Realitzem la impressi\u00f3 del vinil en superf\u00edcies de diferents materials com PVC, metacrilat, vehicles, vidrieres, parets, etc.","robots":{"index":"index","follow":"follow","max-snippet":"max-snippet:-1","max-image-preview":"max-image-preview:large","max-video-preview":"max-video-preview:-1"},"canonical":"https:\/\/www.euroretol.com\/ca\/retols-publicitat\/vinils\/vinils-infantils\/","og_locale":"ca_ES","og_type":"article","og_title":"Impressi\u00f3 de vinils infantils o decoratius personalitzats","og_description":"Realitzem la impressi\u00f3 del vinil en superf\u00edcies de diferents materials com PVC, metacrilat, vehicles, vidrieres, parets, etc.","og_url":"https:\/\/www.euroretol.com\/ca\/retols-publicitat\/vinils\/vinils-infantils\/","og_site_name":"Euroretol - R\u00e8tols, publicitat i impressi\u00f3 digital","article_modified_time":"2023-08-07T07:52:42+00:00","og_image":[{"url":"https:\/\/www.euroretol.com\/wp-content\/uploads\/2023\/07\/vinilos-infantiles-3.jpg","type":"","width":"","height":""}],"twitter_misc":{"Temps estimat de lectura":"1 minut"},"schema":{"@context":"https:\/\/schema.org","@graph":[{"@type":"WebPage","@id":"https:\/\/www.euroretol.com\/ca\/retols-publicitat\/vinils\/vinils-infantils\/","url":"https:\/\/www.euroretol.com\/ca\/retols-publicitat\/vinils\/vinils-infantils\/","name":"Impressi\u00f3 de vinils infantils o decoratius personalitzats","isPartOf":{"@id":"https:\/\/www.euroretol.com\/ca\/#website"},"primaryImageOfPage":{"@id":"https:\/\/www.euroretol.com\/ca\/retols-publicitat\/vinils\/vinils-infantils\/#primaryimage"},"image":{"@id":"https:\/\/www.euroretol.com\/ca\/retols-publicitat\/vinils\/vinils-infantils\/#primaryimage"},"thumbnailUrl":"https:\/\/www.euroretol.com\/wp-content\/uploads\/2023\/07\/vinilos-infantiles-3.jpg","datePublished":"2023-07-27T11:08:59+00:00","dateModified":"2023-08-07T07:52:42+00:00","description":"Realitzem la impressi\u00f3 del vinil en superf\u00edcies de diferents materials com PVC, metacrilat, vehicles, vidrieres, parets, etc.","breadcrumb":{"@id":"https:\/\/www.euroretol.com\/ca\/retols-publicitat\/vinils\/vinils-infantils\/#breadcrumb"},"inLanguage":"ca","potentialAction":[{"@type":"ReadAction","target":["https:\/\/www.euroretol.com\/ca\/retols-publicitat\/vinils\/vinils-infantils\/"]}]},{"@type":"ImageObject","inLanguage":"ca","@id":"https:\/\/www.euroretol.com\/ca\/retols-publicitat\/vinils\/vinils-infantils\/#primaryimage","url":"https:\/\/www.euroretol.com\/wp-content\/uploads\/2023\/07\/vinilos-infantiles-3.jpg","contentUrl":"https:\/\/www.euroretol.com\/wp-content\/uploads\/2023\/07\/vinilos-infantiles-3.jpg"},{"@type":"BreadcrumbList","@id":"https:\/\/www.euroretol.com\/ca\/retols-publicitat\/vinils\/vinils-infantils\/#breadcrumb","itemListElement":[{"@type":"ListItem","position":1,"name":"Productes","item":"https:\/\/www.euroretol.com\/ca\/retols-publicitat\/"},{"@type":"ListItem","position":2,"name":"Vinils","item":"https:\/\/www.euroretol.com\/ca\/retols-publicitat\/vinils\/"},{"@type":"ListItem","position":3,"name":"Vinils infantils"}]},{"@type":"WebSite","@id":"https:\/\/www.euroretol.com\/ca\/#website","url":"https:\/\/www.euroretol.com\/ca\/","name":"Euroretol - R\u00e8tols, publicitat i impressi\u00f3 digital","description":"Serveis de rotulaci\u00f3","publisher":{"@id":"https:\/\/www.euroretol.com\/ca\/#organization"},"potentialAction":[{"@type":"SearchAction","target":{"@type":"EntryPoint","urlTemplate":"https:\/\/www.euroretol.com\/ca\/?s={search_term_string}"},"query-input":{"@type":"PropertyValueSpecification","valueRequired":true,"valueName":"search_term_string"}}],"inLanguage":"ca"},{"@type":"Organization","@id":"https:\/\/www.euroretol.com\/ca\/#organization","name":"Euroretol - R\u00e8tols, publicitat i impressi\u00f3 digital","url":"https:\/\/www.euroretol.com\/ca\/","logo":{"@type":"ImageObject","inLanguage":"ca","@id":"https:\/\/www.euroretol.com\/ca\/#\/schema\/logo\/image\/","url":"https:\/\/www.euroretol.com\/wp-content\/uploads\/2024\/02\/euroretol-420x120-2.png","contentUrl":"https:\/\/www.euroretol.com\/wp-content\/uploads\/2024\/02\/euroretol-420x120-2.png","width":420,"height":120,"caption":"Euroretol - R\u00e8tols, publicitat i impressi\u00f3 digital"},"image":{"@id":"https:\/\/www.euroretol.com\/ca\/#\/schema\/logo\/image\/"}}]}},"_links":{"self":[{"href":"https:\/\/www.euroretol.com\/ca\/wp-json\/wp\/v2\/pages\/1854","targetHints":{"allow":["GET"]}}],"collection":[{"href":"https:\/\/www.euroretol.com\/ca\/wp-json\/wp\/v2\/pages"}],"about":[{"href":"https:\/\/www.euroretol.com\/ca\/wp-json\/wp\/v2\/types\/page"}],"author":[{"embeddable":true,"href":"https:\/\/www.euroretol.com\/ca\/wp-json\/wp\/v2\/users\/1"}],"replies":[{"embeddable":true,"href":"https:\/\/www.euroretol.com\/ca\/wp-json\/wp\/v2\/comments?post=1854"}],"version-history":[{"count":0,"href":"https:\/\/www.euroretol.com\/ca\/wp-json\/wp\/v2\/pages\/1854\/revisions"}],"up":[{"embeddable":true,"href":"https:\/\/www.euroretol.com\/ca\/wp-json\/wp\/v2\/pages\/1848"}],"wp:attachment":[{"href":"https:\/\/www.euroretol.com\/ca\/wp-json\/wp\/v2\/media?parent=1854"}],"curies":[{"name":"wp","href":"https:\/\/api.w.org\/{rel}","templated":true}]}}