{"id":1858,"date":"2023-07-28T10:42:51","date_gmt":"2023-07-28T10:42:51","guid":{"rendered":"https:\/\/www.euroretol.com\/productes\/retolacio\/retolacio-de-vehicles\/"},"modified":"2023-08-07T07:54:35","modified_gmt":"2023-08-07T07:54:35","slug":"retolacio-de-vehicles","status":"publish","type":"page","link":"https:\/\/www.euroretol.com\/ca\/retols-publicitat\/retolacio\/retolacio-de-vehicles\/","title":{"rendered":"Retolaci\u00f3 de vehicles"},"content":{"rendered":"<div class=\"img-cabecera full-width\"><img decoding=\"async\" src=\"https:\/\/www.euroretol.com\/wp-content\/uploads\/2023\/07\/rotulacion-vehiculos.jpg\" title=\"Retolaci\u00f3 de vehicles\" alt=\"Retolaci\u00f3 de vehicles\"><\/div>\n<h1 class=\"titulo-con-cabecera\">Retolaci\u00f3 de vehicles<\/h1>\n<h2>Publicitat de la vostra empresa en moviment<\/h2>\n<div class=\"estrecho\">\n<p><strong>Retolaci\u00f3<\/strong> amb impressi\u00f3 digital personalitzada. Converteixi el seu vehicle en una tanca de publicitat directa en moviment per <strong>promocionar la seva empresa<\/strong> per on sigui que vagi gr\u00e0cies als nostres serveis de <strong>retolaci\u00f3 de vehicles<\/strong>. <\/p>\n<p>Els nostres <strong>r\u00e8tols<\/strong> i <strong>vehicles retolats<\/strong> estan realitzats amb materials de primera qualitat, laminat per a protecci\u00f3 i llarga durada.<\/p>\n<p><strong>Retolem flotes de furgonetes, camions, tr\u00e0iler i autobusos<\/strong>.<\/p>\n<p>Ho tenim tot a <strong>r\u00e8tols<\/strong>. Comptem amb una gran varietat de r\u00e8tols, adaptats a cada necessitat del client. <\/p>\n<\/div>\n<p class=\"boton-presupuesto\"><a href=\"https:\/\/www.euroretol.com\/ca\/empresa-retolacio\/\" title=\"Sol\u00b7licitar pressupostos de retolaci\u00f3 de vehicles\">Sol\u00b7licitar pressupost<\/a><\/p>\n<div class=\"galerias\"><div class=\"rl-gallery-container rl-loading\" id=\"rl-gallery-container-1\" data-gallery_id=\"1288\"> <div class=\"rl-gallery rl-basicgrid-gallery \" id=\"rl-gallery-1\" data-gallery_no=\"1\"> <div class=\"rl-gallery-item\"><a href=\"https:\/\/www.euroretol.com\/wp-content\/uploads\/2023\/07\/vehiculo-09-2.jpg\" title=\"\" data-rl_title=\"\" class=\"rl-gallery-link\" data-rl_caption=\"\" data-rel=\"lightbox-gallery-1\"><img fetchpriority=\"high\" decoding=\"async\" src=\"https:\/\/www.euroretol.com\/wp-content\/uploads\/2023\/07\/vehiculo-09-2-300x225.jpg\" width=\"300\" height=\"225\" alt=\"\"\/><\/a><\/div><div class=\"rl-gallery-item\"><a href=\"https:\/\/www.euroretol.com\/wp-content\/uploads\/2023\/07\/rotulacion-de-camiones.jpg\" title=\"\" data-rl_title=\"\" class=\"rl-gallery-link\" data-rl_caption=\"\" data-rel=\"lightbox-gallery-1\"><img decoding=\"async\" src=\"https:\/\/www.euroretol.com\/wp-content\/uploads\/2023\/07\/rotulacion-de-camiones-300x225.jpg\" width=\"300\" height=\"225\" alt=\"\"\/><\/a><\/div><div class=\"rl-gallery-item\"><a href=\"https:\/\/www.euroretol.com\/wp-content\/uploads\/2023\/07\/rotulacion-de-coches.jpg\" title=\"\" data-rl_title=\"\" class=\"rl-gallery-link\" data-rl_caption=\"\" data-rel=\"lightbox-gallery-1\"><img decoding=\"async\" src=\"https:\/\/www.euroretol.com\/wp-content\/uploads\/2023\/07\/rotulacion-de-coches-300x225.jpg\" width=\"300\" height=\"225\" alt=\"\"\/><\/a><\/div><div class=\"rl-gallery-item\"><a href=\"https:\/\/www.euroretol.com\/wp-content\/uploads\/2023\/07\/rotulacion-de-furgonetas.jpg\" title=\"\" data-rl_title=\"\" class=\"rl-gallery-link\" data-rl_caption=\"\" data-rel=\"lightbox-gallery-1\"><img loading=\"lazy\" decoding=\"async\" src=\"https:\/\/www.euroretol.com\/wp-content\/uploads\/2023\/07\/rotulacion-de-furgonetas-300x225.jpg\" width=\"300\" height=\"225\" alt=\"\"\/><\/a><\/div><div class=\"rl-gallery-item\"><a href=\"https:\/\/www.euroretol.com\/wp-content\/uploads\/2023\/07\/rotulacion-de-vehiculos.jpg\" title=\"\" data-rl_title=\"\" class=\"rl-gallery-link\" data-rl_caption=\"\" data-rel=\"lightbox-gallery-1\"><img loading=\"lazy\" decoding=\"async\" src=\"https:\/\/www.euroretol.com\/wp-content\/uploads\/2023\/07\/rotulacion-de-vehiculos-300x224.jpg\" width=\"300\" height=\"224\" alt=\"\"\/><\/a><\/div><div class=\"rl-gallery-item\"><a href=\"https:\/\/www.euroretol.com\/wp-content\/uploads\/2023\/07\/rotulacion-de-vehiculos-.jpg\" title=\"\" data-rl_title=\"\" class=\"rl-gallery-link\" data-rl_caption=\"\" data-rel=\"lightbox-gallery-1\"><img loading=\"lazy\" decoding=\"async\" src=\"https:\/\/www.euroretol.com\/wp-content\/uploads\/2023\/07\/rotulacion-de-vehiculos--300x225.jpg\" width=\"300\" height=\"225\" alt=\"\"\/><\/a><\/div><div class=\"rl-gallery-item\"><a href=\"https:\/\/www.euroretol.com\/wp-content\/uploads\/2023\/07\/rotulacion-de-vehiculos-comerciales-1.jpg\" title=\"\" data-rl_title=\"\" class=\"rl-gallery-link\" data-rl_caption=\"\" data-rel=\"lightbox-gallery-1\"><img loading=\"lazy\" decoding=\"async\" src=\"https:\/\/www.euroretol.com\/wp-content\/uploads\/2023\/07\/rotulacion-de-vehiculos-comerciales-1-300x225.jpg\" width=\"300\" height=\"225\" alt=\"\"\/><\/a><\/div><div class=\"rl-gallery-item\"><a href=\"https:\/\/www.euroretol.com\/wp-content\/uploads\/2023\/07\/rotulacion-de-vehiculos-comerciales-eisma.jpg\" title=\"\" data-rl_title=\"\" class=\"rl-gallery-link\" data-rl_caption=\"\" data-rel=\"lightbox-gallery-1\"><img loading=\"lazy\" decoding=\"async\" src=\"https:\/\/www.euroretol.com\/wp-content\/uploads\/2023\/07\/rotulacion-de-vehiculos-comerciales-eisma-300x225.jpg\" width=\"300\" height=\"225\" alt=\"\"\/><\/a><\/div><div class=\"rl-gallery-item\"><a href=\"https:\/\/www.euroretol.com\/wp-content\/uploads\/2023\/07\/rotulacion-de-vehiculos-de-empresa.jpg\" title=\"\" data-rl_title=\"\" class=\"rl-gallery-link\" data-rl_caption=\"\" data-rel=\"lightbox-gallery-1\"><img loading=\"lazy\" decoding=\"async\" src=\"https:\/\/www.euroretol.com\/wp-content\/uploads\/2023\/07\/rotulacion-de-vehiculos-de-empresa-300x225.jpg\" width=\"300\" height=\"225\" alt=\"\"\/><\/a><\/div> <\/div> <\/div><\/div>\n","protected":false},"excerpt":{"rendered":"<p>Retolaci\u00f3 de vehicles Publicitat de la vostra empresa en moviment Retolaci\u00f3 amb impressi\u00f3 digital personalitzada. Converteixi el seu vehicle en una tanca de publicitat directa en moviment per promocionar la seva empresa per on sigui que vagi gr\u00e0cies als nostres serveis de retolaci\u00f3 de vehicles. Els nostres r\u00e8tols i vehicles retolats estan realitzats amb materials [&hellip;]<\/p>\n","protected":false},"author":1,"featured_media":0,"parent":1857,"menu_order":0,"comment_status":"closed","ping_status":"closed","template":"","meta":{"site-sidebar-layout":"default","site-content-layout":"default","ast-site-content-layout":"","site-content-style":"default","site-sidebar-style":"default","ast-global-header-display":"","ast-banner-title-visibility":"","ast-main-header-display":"","ast-hfb-above-header-display":"","ast-hfb-below-header-display":"","ast-hfb-mobile-header-display":"","site-post-title":"disabled","ast-breadcrumbs-content":"","ast-featured-img":"disabled","footer-sml-layout":"","theme-transparent-header-meta":"default","adv-header-id-meta":"","stick-header-meta":"","header-above-stick-meta":"","header-main-stick-meta":"","header-below-stick-meta":"","astra-migrate-meta-layouts":"default","ast-page-background-enabled":"default","ast-page-background-meta":{"desktop":{"background-color":"var(--ast-global-color-4)","background-image":"","background-repeat":"repeat","background-position":"center center","background-size":"auto","background-attachment":"scroll","background-type":"","background-media":"","overlay-type":"","overlay-color":"","overlay-opacity":"","overlay-gradient":""},"tablet":{"background-color":"","background-image":"","background-repeat":"repeat","background-position":"center center","background-size":"auto","background-attachment":"scroll","background-type":"","background-media":"","overlay-type":"","overlay-color":"","overlay-opacity":"","overlay-gradient":""},"mobile":{"background-color":"","background-image":"","background-repeat":"repeat","background-position":"center center","background-size":"auto","background-attachment":"scroll","background-type":"","background-media":"","overlay-type":"","overlay-color":"","overlay-opacity":"","overlay-gradient":""}},"ast-content-background-meta":{"desktop":{"background-color":"var(--ast-global-color-5)","background-image":"","background-repeat":"repeat","background-position":"center center","background-size":"auto","background-attachment":"scroll","background-type":"","background-media":"","overlay-type":"","overlay-color":"","overlay-opacity":"","overlay-gradient":""},"tablet":{"background-color":"var(--ast-global-color-5)","background-image":"","background-repeat":"repeat","background-position":"center center","background-size":"auto","background-attachment":"scroll","background-type":"","background-media":"","overlay-type":"","overlay-color":"","overlay-opacity":"","overlay-gradient":""},"mobile":{"background-color":"var(--ast-global-color-5)","background-image":"","background-repeat":"repeat","background-position":"center center","background-size":"auto","background-attachment":"scroll","background-type":"","background-media":"","overlay-type":"","overlay-color":"","overlay-opacity":"","overlay-gradient":""}},"footnotes":""},"class_list":["post-1858","page","type-page","status-publish","hentry"],"yoast_head":"<!-- This site is optimized with the Yoast SEO plugin v27.0 - https:\/\/yoast.com\/product\/yoast-seo-wordpress\/ -->\n<title>Empresa de retolaci\u00f3 de vehicles professionals<\/title>\n<meta name=\"description\" content=\"Impressi\u00f3 i col\u00b7locaci\u00f3 de retolaci\u00f3 en vehicles comercials o decoratius en cotxes amb retolaci\u00f3 personalitzada\" \/>\n<meta name=\"robots\" content=\"index, follow, max-snippet:-1, max-image-preview:large, max-video-preview:-1\" \/>\n<link rel=\"canonical\" href=\"https:\/\/www.euroretol.com\/ca\/retols-publicitat\/retolacio\/retolacio-de-vehicles\/\" \/>\n<meta property=\"og:locale\" content=\"ca_ES\" \/>\n<meta property=\"og:type\" content=\"article\" \/>\n<meta property=\"og:title\" content=\"Empresa de retolaci\u00f3 de vehicles professionals\" \/>\n<meta property=\"og:description\" content=\"Impressi\u00f3 i col\u00b7locaci\u00f3 de retolaci\u00f3 en vehicles comercials o decoratius en cotxes amb retolaci\u00f3 personalitzada\" \/>\n<meta property=\"og:url\" content=\"https:\/\/www.euroretol.com\/ca\/retols-publicitat\/retolacio\/retolacio-de-vehicles\/\" \/>\n<meta property=\"og:site_name\" content=\"Euroretol - R\u00e8tols, publicitat i impressi\u00f3 digital\" \/>\n<meta property=\"article:modified_time\" content=\"2023-08-07T07:54:35+00:00\" \/>\n<meta property=\"og:image\" content=\"https:\/\/www.euroretol.com\/wp-content\/uploads\/2023\/07\/rotulacion-vehiculos.jpg\" \/>\n<meta name=\"twitter:label1\" content=\"Temps estimat de lectura\" \/>\n\t<meta name=\"twitter:data1\" content=\"1 minut\" \/>\n<script type=\"application\/ld+json\" class=\"yoast-schema-graph\">{\"@context\":\"https:\/\/schema.org\",\"@graph\":[{\"@type\":\"WebPage\",\"@id\":\"https:\/\/www.euroretol.com\/ca\/retols-publicitat\/retolacio\/retolacio-de-vehicles\/\",\"url\":\"https:\/\/www.euroretol.com\/ca\/retols-publicitat\/retolacio\/retolacio-de-vehicles\/\",\"name\":\"Empresa de retolaci\u00f3 de vehicles professionals\",\"isPartOf\":{\"@id\":\"https:\/\/www.euroretol.com\/ca\/#website\"},\"primaryImageOfPage\":{\"@id\":\"https:\/\/www.euroretol.com\/ca\/retols-publicitat\/retolacio\/retolacio-de-vehicles\/#primaryimage\"},\"image\":{\"@id\":\"https:\/\/www.euroretol.com\/ca\/retols-publicitat\/retolacio\/retolacio-de-vehicles\/#primaryimage\"},\"thumbnailUrl\":\"https:\/\/www.euroretol.com\/wp-content\/uploads\/2023\/07\/rotulacion-vehiculos.jpg\",\"datePublished\":\"2023-07-28T10:42:51+00:00\",\"dateModified\":\"2023-08-07T07:54:35+00:00\",\"description\":\"Impressi\u00f3 i col\u00b7locaci\u00f3 de retolaci\u00f3 en vehicles comercials o decoratius en cotxes amb retolaci\u00f3 personalitzada\",\"breadcrumb\":{\"@id\":\"https:\/\/www.euroretol.com\/ca\/retols-publicitat\/retolacio\/retolacio-de-vehicles\/#breadcrumb\"},\"inLanguage\":\"ca\",\"potentialAction\":[{\"@type\":\"ReadAction\",\"target\":[\"https:\/\/www.euroretol.com\/ca\/retols-publicitat\/retolacio\/retolacio-de-vehicles\/\"]}]},{\"@type\":\"ImageObject\",\"inLanguage\":\"ca\",\"@id\":\"https:\/\/www.euroretol.com\/ca\/retols-publicitat\/retolacio\/retolacio-de-vehicles\/#primaryimage\",\"url\":\"https:\/\/www.euroretol.com\/wp-content\/uploads\/2023\/07\/rotulacion-vehiculos.jpg\",\"contentUrl\":\"https:\/\/www.euroretol.com\/wp-content\/uploads\/2023\/07\/rotulacion-vehiculos.jpg\"},{\"@type\":\"BreadcrumbList\",\"@id\":\"https:\/\/www.euroretol.com\/ca\/retols-publicitat\/retolacio\/retolacio-de-vehicles\/#breadcrumb\",\"itemListElement\":[{\"@type\":\"ListItem\",\"position\":1,\"name\":\"Productes\",\"item\":\"https:\/\/www.euroretol.com\/ca\/retols-publicitat\/\"},{\"@type\":\"ListItem\",\"position\":2,\"name\":\"Retolaci\u00f3\",\"item\":\"https:\/\/www.euroretol.com\/ca\/retols-publicitat\/retolacio\/\"},{\"@type\":\"ListItem\",\"position\":3,\"name\":\"Retolaci\u00f3 de vehicles\"}]},{\"@type\":\"WebSite\",\"@id\":\"https:\/\/www.euroretol.com\/ca\/#website\",\"url\":\"https:\/\/www.euroretol.com\/ca\/\",\"name\":\"Euroretol - R\u00e8tols, publicitat i impressi\u00f3 digital\",\"description\":\"Serveis de rotulaci\u00f3\",\"publisher\":{\"@id\":\"https:\/\/www.euroretol.com\/ca\/#organization\"},\"potentialAction\":[{\"@type\":\"SearchAction\",\"target\":{\"@type\":\"EntryPoint\",\"urlTemplate\":\"https:\/\/www.euroretol.com\/ca\/?s={search_term_string}\"},\"query-input\":{\"@type\":\"PropertyValueSpecification\",\"valueRequired\":true,\"valueName\":\"search_term_string\"}}],\"inLanguage\":\"ca\"},{\"@type\":\"Organization\",\"@id\":\"https:\/\/www.euroretol.com\/ca\/#organization\",\"name\":\"Euroretol - R\u00e8tols, publicitat i impressi\u00f3 digital\",\"url\":\"https:\/\/www.euroretol.com\/ca\/\",\"logo\":{\"@type\":\"ImageObject\",\"inLanguage\":\"ca\",\"@id\":\"https:\/\/www.euroretol.com\/ca\/#\/schema\/logo\/image\/\",\"url\":\"https:\/\/www.euroretol.com\/wp-content\/uploads\/2024\/02\/euroretol-420x120-2.png\",\"contentUrl\":\"https:\/\/www.euroretol.com\/wp-content\/uploads\/2024\/02\/euroretol-420x120-2.png\",\"width\":420,\"height\":120,\"caption\":\"Euroretol - R\u00e8tols, publicitat i impressi\u00f3 digital\"},\"image\":{\"@id\":\"https:\/\/www.euroretol.com\/ca\/#\/schema\/logo\/image\/\"}}]}<\/script>\n<!-- \/ Yoast SEO plugin. -->","yoast_head_json":{"title":"Empresa de retolaci\u00f3 de vehicles professionals","description":"Impressi\u00f3 i col\u00b7locaci\u00f3 de retolaci\u00f3 en vehicles comercials o decoratius en cotxes amb retolaci\u00f3 personalitzada","robots":{"index":"index","follow":"follow","max-snippet":"max-snippet:-1","max-image-preview":"max-image-preview:large","max-video-preview":"max-video-preview:-1"},"canonical":"https:\/\/www.euroretol.com\/ca\/retols-publicitat\/retolacio\/retolacio-de-vehicles\/","og_locale":"ca_ES","og_type":"article","og_title":"Empresa de retolaci\u00f3 de vehicles professionals","og_description":"Impressi\u00f3 i col\u00b7locaci\u00f3 de retolaci\u00f3 en vehicles comercials o decoratius en cotxes amb retolaci\u00f3 personalitzada","og_url":"https:\/\/www.euroretol.com\/ca\/retols-publicitat\/retolacio\/retolacio-de-vehicles\/","og_site_name":"Euroretol - R\u00e8tols, publicitat i impressi\u00f3 digital","article_modified_time":"2023-08-07T07:54:35+00:00","og_image":[{"url":"https:\/\/www.euroretol.com\/wp-content\/uploads\/2023\/07\/rotulacion-vehiculos.jpg","type":"","width":"","height":""}],"twitter_misc":{"Temps estimat de lectura":"1 minut"},"schema":{"@context":"https:\/\/schema.org","@graph":[{"@type":"WebPage","@id":"https:\/\/www.euroretol.com\/ca\/retols-publicitat\/retolacio\/retolacio-de-vehicles\/","url":"https:\/\/www.euroretol.com\/ca\/retols-publicitat\/retolacio\/retolacio-de-vehicles\/","name":"Empresa de retolaci\u00f3 de vehicles professionals","isPartOf":{"@id":"https:\/\/www.euroretol.com\/ca\/#website"},"primaryImageOfPage":{"@id":"https:\/\/www.euroretol.com\/ca\/retols-publicitat\/retolacio\/retolacio-de-vehicles\/#primaryimage"},"image":{"@id":"https:\/\/www.euroretol.com\/ca\/retols-publicitat\/retolacio\/retolacio-de-vehicles\/#primaryimage"},"thumbnailUrl":"https:\/\/www.euroretol.com\/wp-content\/uploads\/2023\/07\/rotulacion-vehiculos.jpg","datePublished":"2023-07-28T10:42:51+00:00","dateModified":"2023-08-07T07:54:35+00:00","description":"Impressi\u00f3 i col\u00b7locaci\u00f3 de retolaci\u00f3 en vehicles comercials o decoratius en cotxes amb retolaci\u00f3 personalitzada","breadcrumb":{"@id":"https:\/\/www.euroretol.com\/ca\/retols-publicitat\/retolacio\/retolacio-de-vehicles\/#breadcrumb"},"inLanguage":"ca","potentialAction":[{"@type":"ReadAction","target":["https:\/\/www.euroretol.com\/ca\/retols-publicitat\/retolacio\/retolacio-de-vehicles\/"]}]},{"@type":"ImageObject","inLanguage":"ca","@id":"https:\/\/www.euroretol.com\/ca\/retols-publicitat\/retolacio\/retolacio-de-vehicles\/#primaryimage","url":"https:\/\/www.euroretol.com\/wp-content\/uploads\/2023\/07\/rotulacion-vehiculos.jpg","contentUrl":"https:\/\/www.euroretol.com\/wp-content\/uploads\/2023\/07\/rotulacion-vehiculos.jpg"},{"@type":"BreadcrumbList","@id":"https:\/\/www.euroretol.com\/ca\/retols-publicitat\/retolacio\/retolacio-de-vehicles\/#breadcrumb","itemListElement":[{"@type":"ListItem","position":1,"name":"Productes","item":"https:\/\/www.euroretol.com\/ca\/retols-publicitat\/"},{"@type":"ListItem","position":2,"name":"Retolaci\u00f3","item":"https:\/\/www.euroretol.com\/ca\/retols-publicitat\/retolacio\/"},{"@type":"ListItem","position":3,"name":"Retolaci\u00f3 de vehicles"}]},{"@type":"WebSite","@id":"https:\/\/www.euroretol.com\/ca\/#website","url":"https:\/\/www.euroretol.com\/ca\/","name":"Euroretol - R\u00e8tols, publicitat i impressi\u00f3 digital","description":"Serveis de rotulaci\u00f3","publisher":{"@id":"https:\/\/www.euroretol.com\/ca\/#organization"},"potentialAction":[{"@type":"SearchAction","target":{"@type":"EntryPoint","urlTemplate":"https:\/\/www.euroretol.com\/ca\/?s={search_term_string}"},"query-input":{"@type":"PropertyValueSpecification","valueRequired":true,"valueName":"search_term_string"}}],"inLanguage":"ca"},{"@type":"Organization","@id":"https:\/\/www.euroretol.com\/ca\/#organization","name":"Euroretol - R\u00e8tols, publicitat i impressi\u00f3 digital","url":"https:\/\/www.euroretol.com\/ca\/","logo":{"@type":"ImageObject","inLanguage":"ca","@id":"https:\/\/www.euroretol.com\/ca\/#\/schema\/logo\/image\/","url":"https:\/\/www.euroretol.com\/wp-content\/uploads\/2024\/02\/euroretol-420x120-2.png","contentUrl":"https:\/\/www.euroretol.com\/wp-content\/uploads\/2024\/02\/euroretol-420x120-2.png","width":420,"height":120,"caption":"Euroretol - R\u00e8tols, publicitat i impressi\u00f3 digital"},"image":{"@id":"https:\/\/www.euroretol.com\/ca\/#\/schema\/logo\/image\/"}}]}},"_links":{"self":[{"href":"https:\/\/www.euroretol.com\/ca\/wp-json\/wp\/v2\/pages\/1858","targetHints":{"allow":["GET"]}}],"collection":[{"href":"https:\/\/www.euroretol.com\/ca\/wp-json\/wp\/v2\/pages"}],"about":[{"href":"https:\/\/www.euroretol.com\/ca\/wp-json\/wp\/v2\/types\/page"}],"author":[{"embeddable":true,"href":"https:\/\/www.euroretol.com\/ca\/wp-json\/wp\/v2\/users\/1"}],"replies":[{"embeddable":true,"href":"https:\/\/www.euroretol.com\/ca\/wp-json\/wp\/v2\/comments?post=1858"}],"version-history":[{"count":0,"href":"https:\/\/www.euroretol.com\/ca\/wp-json\/wp\/v2\/pages\/1858\/revisions"}],"up":[{"embeddable":true,"href":"https:\/\/www.euroretol.com\/ca\/wp-json\/wp\/v2\/pages\/1857"}],"wp:attachment":[{"href":"https:\/\/www.euroretol.com\/ca\/wp-json\/wp\/v2\/media?parent=1858"}],"curies":[{"name":"wp","href":"https:\/\/api.w.org\/{rel}","templated":true}]}}