{"id":1862,"date":"2023-07-31T08:05:47","date_gmt":"2023-07-31T08:05:47","guid":{"rendered":"https:\/\/www.euroretol.com\/productes\/retolacio-destands-i-expositors\/"},"modified":"2023-08-07T07:54:50","modified_gmt":"2023-08-07T07:54:50","slug":"retolacio-destands-i-expositors","status":"publish","type":"page","link":"https:\/\/www.euroretol.com\/ca\/retols-publicitat\/retolacio-destands-i-expositors\/","title":{"rendered":"Retolaci\u00f3 d&#8217;estands i expositors"},"content":{"rendered":"<div class=\"img-cabecera full-width\"><img decoding=\"async\" src=\"https:\/\/www.euroretol.com\/wp-content\/uploads\/2023\/07\/rotulacion-stands-expositores.jpg\" title=\"Retolaci\u00f3 d'estands i expositors\" alt=\"Retolaci\u00f3 d'estands i expositors\"><\/div>\n<h1 class=\"titulo-con-cabecera\">Retolaci\u00f3 d&#8217;estands i expositors<\/h1>\n<h2>Fem visibles els teus estands de fires<\/h2>\n<div class=\"estrecho\">\n<p>Per <strong>reclamar l&#8217;atenci\u00f3 dels visitants d&#8217;una fira<\/strong>, \u00e9s fonamental tenir una <strong>retolaci\u00f3 del estand<\/strong> que capti l&#8217;atenci\u00f3 de les persones.<\/p>\n<p>Nosaltres comptem amb un equip que donar\u00e0 vida a les seves idees amb materials econ\u00f2mics per a la <strong>retolaci\u00f3 d&#8217;estands<\/strong> de curta durabilitat.<\/p>\n<p>Fem visible els seus estands. <strong>Retolaci\u00f3 d&#8217;estands directa a la fira<\/strong>. Fem servir materials de qualitat per si es vol conservar per reutilitzar en altres fires. <\/p>\n<\/div>\n<p class=\"boton-presupuesto\"><a href=\"https:\/\/www.euroretol.com\/ca\/empresa-retolacio\/\" title=\"Sol\u00b7licitar pressupostos de retolaci\u00f3 d'estands i expositors\">Sol\u00b7licitar pressupost<\/a><\/p>\n<div class=\"galerias\"><div class=\"rl-gallery-container rl-loading\" id=\"rl-gallery-container-1\" data-gallery_id=\"1320\"> <div class=\"rl-gallery rl-basicgrid-gallery \" id=\"rl-gallery-1\" data-gallery_no=\"1\"> <div class=\"rl-gallery-item\"><a href=\"https:\/\/www.euroretol.com\/wp-content\/uploads\/2023\/07\/rotulacion-de-stands.jpg\" title=\"\" data-rl_title=\"\" class=\"rl-gallery-link\" data-rl_caption=\"\" data-rel=\"lightbox-gallery-1\"><img fetchpriority=\"high\" decoding=\"async\" src=\"https:\/\/www.euroretol.com\/wp-content\/uploads\/2023\/07\/rotulacion-de-stands-300x225.jpg\" width=\"300\" height=\"225\" alt=\"\"\/><\/a><\/div><div class=\"rl-gallery-item\"><a href=\"https:\/\/www.euroretol.com\/wp-content\/uploads\/2023\/07\/rotulacion-de-stands-feria.jpg\" title=\"\" data-rl_title=\"\" class=\"rl-gallery-link\" data-rl_caption=\"\" data-rel=\"lightbox-gallery-1\"><img decoding=\"async\" src=\"https:\/\/www.euroretol.com\/wp-content\/uploads\/2023\/07\/rotulacion-de-stands-feria-300x225.jpg\" width=\"300\" height=\"225\" alt=\"\"\/><\/a><\/div><div class=\"rl-gallery-item\"><a href=\"https:\/\/www.euroretol.com\/wp-content\/uploads\/2023\/07\/rotulacion-expositores-scaled.jpg\" title=\"\" data-rl_title=\"\" class=\"rl-gallery-link\" data-rl_caption=\"\" data-rel=\"lightbox-gallery-1\"><img decoding=\"async\" src=\"https:\/\/www.euroretol.com\/wp-content\/uploads\/2023\/07\/rotulacion-expositores-300x225.jpg\" width=\"300\" height=\"225\" alt=\"\"\/><\/a><\/div><div class=\"rl-gallery-item\"><a href=\"https:\/\/www.euroretol.com\/wp-content\/uploads\/2023\/07\/rotulacion-stands.jpg\" title=\"\" data-rl_title=\"\" class=\"rl-gallery-link\" data-rl_caption=\"\" data-rel=\"lightbox-gallery-1\"><img loading=\"lazy\" decoding=\"async\" src=\"https:\/\/www.euroretol.com\/wp-content\/uploads\/2023\/07\/rotulacion-stands-300x225.jpg\" width=\"300\" height=\"225\" alt=\"\"\/><\/a><\/div><div class=\"rl-gallery-item\"><a href=\"https:\/\/www.euroretol.com\/wp-content\/uploads\/2023\/07\/rotulacion-stands-de-feria.jpg\" title=\"\" data-rl_title=\"\" class=\"rl-gallery-link\" data-rl_caption=\"\" data-rel=\"lightbox-gallery-1\"><img loading=\"lazy\" decoding=\"async\" src=\"https:\/\/www.euroretol.com\/wp-content\/uploads\/2023\/07\/rotulacion-stands-de-feria-300x225.jpg\" width=\"300\" height=\"225\" alt=\"\"\/><\/a><\/div><div class=\"rl-gallery-item\"><a href=\"https:\/\/www.euroretol.com\/wp-content\/uploads\/2023\/07\/rotulacion-stands-feria.jpg\" title=\"\" data-rl_title=\"\" class=\"rl-gallery-link\" data-rl_caption=\"\" data-rel=\"lightbox-gallery-1\"><img loading=\"lazy\" decoding=\"async\" src=\"https:\/\/www.euroretol.com\/wp-content\/uploads\/2023\/07\/rotulacion-stands-feria-300x225.jpg\" width=\"300\" height=\"225\" alt=\"\"\/><\/a><\/div> <\/div> <\/div><\/div>\n","protected":false},"excerpt":{"rendered":"<p>Retolaci\u00f3 d&#8217;estands i expositors Fem visibles els teus estands de fires Per reclamar l&#8217;atenci\u00f3 dels visitants d&#8217;una fira, \u00e9s fonamental tenir una retolaci\u00f3 del estand que capti l&#8217;atenci\u00f3 de les persones. Nosaltres comptem amb un equip que donar\u00e0 vida a les seves idees amb materials econ\u00f2mics per a la retolaci\u00f3 d&#8217;estands de curta durabilitat. Fem [&hellip;]<\/p>\n","protected":false},"author":1,"featured_media":0,"parent":1825,"menu_order":0,"comment_status":"closed","ping_status":"closed","template":"","meta":{"site-sidebar-layout":"default","site-content-layout":"default","ast-site-content-layout":"","site-content-style":"default","site-sidebar-style":"default","ast-global-header-display":"","ast-banner-title-visibility":"","ast-main-header-display":"","ast-hfb-above-header-display":"","ast-hfb-below-header-display":"","ast-hfb-mobile-header-display":"","site-post-title":"disabled","ast-breadcrumbs-content":"","ast-featured-img":"disabled","footer-sml-layout":"","theme-transparent-header-meta":"default","adv-header-id-meta":"","stick-header-meta":"","header-above-stick-meta":"","header-main-stick-meta":"","header-below-stick-meta":"","astra-migrate-meta-layouts":"default","ast-page-background-enabled":"default","ast-page-background-meta":{"desktop":{"background-color":"var(--ast-global-color-4)","background-image":"","background-repeat":"repeat","background-position":"center center","background-size":"auto","background-attachment":"scroll","background-type":"","background-media":"","overlay-type":"","overlay-color":"","overlay-opacity":"","overlay-gradient":""},"tablet":{"background-color":"","background-image":"","background-repeat":"repeat","background-position":"center center","background-size":"auto","background-attachment":"scroll","background-type":"","background-media":"","overlay-type":"","overlay-color":"","overlay-opacity":"","overlay-gradient":""},"mobile":{"background-color":"","background-image":"","background-repeat":"repeat","background-position":"center center","background-size":"auto","background-attachment":"scroll","background-type":"","background-media":"","overlay-type":"","overlay-color":"","overlay-opacity":"","overlay-gradient":""}},"ast-content-background-meta":{"desktop":{"background-color":"var(--ast-global-color-5)","background-image":"","background-repeat":"repeat","background-position":"center center","background-size":"auto","background-attachment":"scroll","background-type":"","background-media":"","overlay-type":"","overlay-color":"","overlay-opacity":"","overlay-gradient":""},"tablet":{"background-color":"var(--ast-global-color-5)","background-image":"","background-repeat":"repeat","background-position":"center center","background-size":"auto","background-attachment":"scroll","background-type":"","background-media":"","overlay-type":"","overlay-color":"","overlay-opacity":"","overlay-gradient":""},"mobile":{"background-color":"var(--ast-global-color-5)","background-image":"","background-repeat":"repeat","background-position":"center center","background-size":"auto","background-attachment":"scroll","background-type":"","background-media":"","overlay-type":"","overlay-color":"","overlay-opacity":"","overlay-gradient":""}},"footnotes":""},"class_list":["post-1862","page","type-page","status-publish","hentry"],"yoast_head":"<!-- This site is optimized with the Yoast SEO plugin v27.0 - https:\/\/yoast.com\/product\/yoast-seo-wordpress\/ -->\n<title>Impressi\u00f3 del disseny i retolaci\u00f3 d&#039;estands i expositors<\/title>\n<meta name=\"description\" content=\"Empresa per a la impressi\u00f3 i la retolaci\u00f3 d&#039;estands de fires o expositors tant d&#039;interior com d&#039;exterior\" \/>\n<meta name=\"robots\" content=\"index, follow, max-snippet:-1, max-image-preview:large, max-video-preview:-1\" \/>\n<link rel=\"canonical\" href=\"https:\/\/www.euroretol.com\/ca\/retols-publicitat\/retolacio-destands-i-expositors\/\" \/>\n<meta property=\"og:locale\" content=\"ca_ES\" \/>\n<meta property=\"og:type\" content=\"article\" \/>\n<meta property=\"og:title\" content=\"Impressi\u00f3 del disseny i retolaci\u00f3 d&#039;estands i expositors\" \/>\n<meta property=\"og:description\" content=\"Empresa per a la impressi\u00f3 i la retolaci\u00f3 d&#039;estands de fires o expositors tant d&#039;interior com d&#039;exterior\" \/>\n<meta property=\"og:url\" content=\"https:\/\/www.euroretol.com\/ca\/retols-publicitat\/retolacio-destands-i-expositors\/\" \/>\n<meta property=\"og:site_name\" content=\"Euroretol - R\u00e8tols, publicitat i impressi\u00f3 digital\" \/>\n<meta property=\"article:modified_time\" content=\"2023-08-07T07:54:50+00:00\" \/>\n<meta property=\"og:image\" content=\"https:\/\/www.euroretol.com\/wp-content\/uploads\/2023\/07\/rotulacion-stands-expositores.jpg\" \/>\n<meta name=\"twitter:label1\" content=\"Temps estimat de lectura\" \/>\n\t<meta name=\"twitter:data1\" content=\"1 minut\" \/>\n<script type=\"application\/ld+json\" class=\"yoast-schema-graph\">{\"@context\":\"https:\/\/schema.org\",\"@graph\":[{\"@type\":\"WebPage\",\"@id\":\"https:\/\/www.euroretol.com\/ca\/retols-publicitat\/retolacio-destands-i-expositors\/\",\"url\":\"https:\/\/www.euroretol.com\/ca\/retols-publicitat\/retolacio-destands-i-expositors\/\",\"name\":\"Impressi\u00f3 del disseny i retolaci\u00f3 d'estands i expositors\",\"isPartOf\":{\"@id\":\"https:\/\/www.euroretol.com\/ca\/#website\"},\"primaryImageOfPage\":{\"@id\":\"https:\/\/www.euroretol.com\/ca\/retols-publicitat\/retolacio-destands-i-expositors\/#primaryimage\"},\"image\":{\"@id\":\"https:\/\/www.euroretol.com\/ca\/retols-publicitat\/retolacio-destands-i-expositors\/#primaryimage\"},\"thumbnailUrl\":\"https:\/\/www.euroretol.com\/wp-content\/uploads\/2023\/07\/rotulacion-stands-expositores.jpg\",\"datePublished\":\"2023-07-31T08:05:47+00:00\",\"dateModified\":\"2023-08-07T07:54:50+00:00\",\"description\":\"Empresa per a la impressi\u00f3 i la retolaci\u00f3 d'estands de fires o expositors tant d'interior com d'exterior\",\"breadcrumb\":{\"@id\":\"https:\/\/www.euroretol.com\/ca\/retols-publicitat\/retolacio-destands-i-expositors\/#breadcrumb\"},\"inLanguage\":\"ca\",\"potentialAction\":[{\"@type\":\"ReadAction\",\"target\":[\"https:\/\/www.euroretol.com\/ca\/retols-publicitat\/retolacio-destands-i-expositors\/\"]}]},{\"@type\":\"ImageObject\",\"inLanguage\":\"ca\",\"@id\":\"https:\/\/www.euroretol.com\/ca\/retols-publicitat\/retolacio-destands-i-expositors\/#primaryimage\",\"url\":\"https:\/\/www.euroretol.com\/wp-content\/uploads\/2023\/07\/rotulacion-stands-expositores.jpg\",\"contentUrl\":\"https:\/\/www.euroretol.com\/wp-content\/uploads\/2023\/07\/rotulacion-stands-expositores.jpg\"},{\"@type\":\"BreadcrumbList\",\"@id\":\"https:\/\/www.euroretol.com\/ca\/retols-publicitat\/retolacio-destands-i-expositors\/#breadcrumb\",\"itemListElement\":[{\"@type\":\"ListItem\",\"position\":1,\"name\":\"Productes\",\"item\":\"https:\/\/www.euroretol.com\/ca\/retols-publicitat\/\"},{\"@type\":\"ListItem\",\"position\":2,\"name\":\"Retolaci\u00f3 d&#8217;estands i expositors\"}]},{\"@type\":\"WebSite\",\"@id\":\"https:\/\/www.euroretol.com\/ca\/#website\",\"url\":\"https:\/\/www.euroretol.com\/ca\/\",\"name\":\"Euroretol - R\u00e8tols, publicitat i impressi\u00f3 digital\",\"description\":\"Serveis de rotulaci\u00f3\",\"publisher\":{\"@id\":\"https:\/\/www.euroretol.com\/ca\/#organization\"},\"potentialAction\":[{\"@type\":\"SearchAction\",\"target\":{\"@type\":\"EntryPoint\",\"urlTemplate\":\"https:\/\/www.euroretol.com\/ca\/?s={search_term_string}\"},\"query-input\":{\"@type\":\"PropertyValueSpecification\",\"valueRequired\":true,\"valueName\":\"search_term_string\"}}],\"inLanguage\":\"ca\"},{\"@type\":\"Organization\",\"@id\":\"https:\/\/www.euroretol.com\/ca\/#organization\",\"name\":\"Euroretol - R\u00e8tols, publicitat i impressi\u00f3 digital\",\"url\":\"https:\/\/www.euroretol.com\/ca\/\",\"logo\":{\"@type\":\"ImageObject\",\"inLanguage\":\"ca\",\"@id\":\"https:\/\/www.euroretol.com\/ca\/#\/schema\/logo\/image\/\",\"url\":\"https:\/\/www.euroretol.com\/wp-content\/uploads\/2024\/02\/euroretol-420x120-2.png\",\"contentUrl\":\"https:\/\/www.euroretol.com\/wp-content\/uploads\/2024\/02\/euroretol-420x120-2.png\",\"width\":420,\"height\":120,\"caption\":\"Euroretol - R\u00e8tols, publicitat i impressi\u00f3 digital\"},\"image\":{\"@id\":\"https:\/\/www.euroretol.com\/ca\/#\/schema\/logo\/image\/\"}}]}<\/script>\n<!-- \/ Yoast SEO plugin. -->","yoast_head_json":{"title":"Impressi\u00f3 del disseny i retolaci\u00f3 d'estands i expositors","description":"Empresa per a la impressi\u00f3 i la retolaci\u00f3 d'estands de fires o expositors tant d'interior com d'exterior","robots":{"index":"index","follow":"follow","max-snippet":"max-snippet:-1","max-image-preview":"max-image-preview:large","max-video-preview":"max-video-preview:-1"},"canonical":"https:\/\/www.euroretol.com\/ca\/retols-publicitat\/retolacio-destands-i-expositors\/","og_locale":"ca_ES","og_type":"article","og_title":"Impressi\u00f3 del disseny i retolaci\u00f3 d'estands i expositors","og_description":"Empresa per a la impressi\u00f3 i la retolaci\u00f3 d'estands de fires o expositors tant d'interior com d'exterior","og_url":"https:\/\/www.euroretol.com\/ca\/retols-publicitat\/retolacio-destands-i-expositors\/","og_site_name":"Euroretol - R\u00e8tols, publicitat i impressi\u00f3 digital","article_modified_time":"2023-08-07T07:54:50+00:00","og_image":[{"url":"https:\/\/www.euroretol.com\/wp-content\/uploads\/2023\/07\/rotulacion-stands-expositores.jpg","type":"","width":"","height":""}],"twitter_misc":{"Temps estimat de lectura":"1 minut"},"schema":{"@context":"https:\/\/schema.org","@graph":[{"@type":"WebPage","@id":"https:\/\/www.euroretol.com\/ca\/retols-publicitat\/retolacio-destands-i-expositors\/","url":"https:\/\/www.euroretol.com\/ca\/retols-publicitat\/retolacio-destands-i-expositors\/","name":"Impressi\u00f3 del disseny i retolaci\u00f3 d'estands i expositors","isPartOf":{"@id":"https:\/\/www.euroretol.com\/ca\/#website"},"primaryImageOfPage":{"@id":"https:\/\/www.euroretol.com\/ca\/retols-publicitat\/retolacio-destands-i-expositors\/#primaryimage"},"image":{"@id":"https:\/\/www.euroretol.com\/ca\/retols-publicitat\/retolacio-destands-i-expositors\/#primaryimage"},"thumbnailUrl":"https:\/\/www.euroretol.com\/wp-content\/uploads\/2023\/07\/rotulacion-stands-expositores.jpg","datePublished":"2023-07-31T08:05:47+00:00","dateModified":"2023-08-07T07:54:50+00:00","description":"Empresa per a la impressi\u00f3 i la retolaci\u00f3 d'estands de fires o expositors tant d'interior com d'exterior","breadcrumb":{"@id":"https:\/\/www.euroretol.com\/ca\/retols-publicitat\/retolacio-destands-i-expositors\/#breadcrumb"},"inLanguage":"ca","potentialAction":[{"@type":"ReadAction","target":["https:\/\/www.euroretol.com\/ca\/retols-publicitat\/retolacio-destands-i-expositors\/"]}]},{"@type":"ImageObject","inLanguage":"ca","@id":"https:\/\/www.euroretol.com\/ca\/retols-publicitat\/retolacio-destands-i-expositors\/#primaryimage","url":"https:\/\/www.euroretol.com\/wp-content\/uploads\/2023\/07\/rotulacion-stands-expositores.jpg","contentUrl":"https:\/\/www.euroretol.com\/wp-content\/uploads\/2023\/07\/rotulacion-stands-expositores.jpg"},{"@type":"BreadcrumbList","@id":"https:\/\/www.euroretol.com\/ca\/retols-publicitat\/retolacio-destands-i-expositors\/#breadcrumb","itemListElement":[{"@type":"ListItem","position":1,"name":"Productes","item":"https:\/\/www.euroretol.com\/ca\/retols-publicitat\/"},{"@type":"ListItem","position":2,"name":"Retolaci\u00f3 d&#8217;estands i expositors"}]},{"@type":"WebSite","@id":"https:\/\/www.euroretol.com\/ca\/#website","url":"https:\/\/www.euroretol.com\/ca\/","name":"Euroretol - R\u00e8tols, publicitat i impressi\u00f3 digital","description":"Serveis de rotulaci\u00f3","publisher":{"@id":"https:\/\/www.euroretol.com\/ca\/#organization"},"potentialAction":[{"@type":"SearchAction","target":{"@type":"EntryPoint","urlTemplate":"https:\/\/www.euroretol.com\/ca\/?s={search_term_string}"},"query-input":{"@type":"PropertyValueSpecification","valueRequired":true,"valueName":"search_term_string"}}],"inLanguage":"ca"},{"@type":"Organization","@id":"https:\/\/www.euroretol.com\/ca\/#organization","name":"Euroretol - R\u00e8tols, publicitat i impressi\u00f3 digital","url":"https:\/\/www.euroretol.com\/ca\/","logo":{"@type":"ImageObject","inLanguage":"ca","@id":"https:\/\/www.euroretol.com\/ca\/#\/schema\/logo\/image\/","url":"https:\/\/www.euroretol.com\/wp-content\/uploads\/2024\/02\/euroretol-420x120-2.png","contentUrl":"https:\/\/www.euroretol.com\/wp-content\/uploads\/2024\/02\/euroretol-420x120-2.png","width":420,"height":120,"caption":"Euroretol - R\u00e8tols, publicitat i impressi\u00f3 digital"},"image":{"@id":"https:\/\/www.euroretol.com\/ca\/#\/schema\/logo\/image\/"}}]}},"_links":{"self":[{"href":"https:\/\/www.euroretol.com\/ca\/wp-json\/wp\/v2\/pages\/1862","targetHints":{"allow":["GET"]}}],"collection":[{"href":"https:\/\/www.euroretol.com\/ca\/wp-json\/wp\/v2\/pages"}],"about":[{"href":"https:\/\/www.euroretol.com\/ca\/wp-json\/wp\/v2\/types\/page"}],"author":[{"embeddable":true,"href":"https:\/\/www.euroretol.com\/ca\/wp-json\/wp\/v2\/users\/1"}],"replies":[{"embeddable":true,"href":"https:\/\/www.euroretol.com\/ca\/wp-json\/wp\/v2\/comments?post=1862"}],"version-history":[{"count":0,"href":"https:\/\/www.euroretol.com\/ca\/wp-json\/wp\/v2\/pages\/1862\/revisions"}],"up":[{"embeddable":true,"href":"https:\/\/www.euroretol.com\/ca\/wp-json\/wp\/v2\/pages\/1825"}],"wp:attachment":[{"href":"https:\/\/www.euroretol.com\/ca\/wp-json\/wp\/v2\/media?parent=1862"}],"curies":[{"name":"wp","href":"https:\/\/api.w.org\/{rel}","templated":true}]}}