{"id":1863,"date":"2023-07-31T08:18:06","date_gmt":"2023-07-31T08:18:06","guid":{"rendered":"https:\/\/www.euroretol.com\/productes\/expositors-pop-up\/"},"modified":"2023-08-07T07:48:22","modified_gmt":"2023-08-07T07:48:22","slug":"expositors-pop-up","status":"publish","type":"page","link":"https:\/\/www.euroretol.com\/ca\/retols-publicitat\/expositors-pop-up\/","title":{"rendered":"Expositors pop up"},"content":{"rendered":"<div class=\"img-cabecera full-width\"><img decoding=\"async\" title=\"Expositors pop up\" src=\"https:\/\/www.euroretol.com\/wp-content\/uploads\/2023\/07\/expositores.jpg\" alt=\"Expositors pop up\"><\/div>\n<h1 class=\"titulo-con-cabecera\">Expositors pop up<\/h1>\n<h2>Diferents tipus d&#8217;expositors<\/h2>\n<p class=\"estrecho\">Fabriquem una gran varietat d&#8217;<strong>expositors pop up<\/strong> segons les necessitats del client, tipus <strong>roll up<\/strong>, <strong>photocall<\/strong> per a esdeveniments, <strong>roll up fixos<\/strong>, <strong>directoris d&#8217;empresa<\/strong> o <strong>carpetes led<\/strong> s\u00f3n algunes de les nostres opcions per <strong>expositors i publicitat<\/strong>.<\/p>\n<div class=\"productos-principales\">\n<div class=\"producto-principal\">\n<a href=\"https:\/\/www.euroretol.com\/ca\/retols-publicitat\/expositors-pop-up\/expositors-roll-up\/\" title=\"Expositors roll up\" alt=\"Expositors publicitaris roll up\"><\/p>\n<div><img decoding=\"async\" title=\"Fabricants de roll up\" src=\"https:\/\/www.euroretol.com\/wp-content\/uploads\/2023\/07\/roll-up.jpg\" alt=\"Fabricants de roll up\"><\/div>\n<h3>Roll up<\/h3>\n<p><\/a>\n<\/div>\n<div class=\"producto-principal\">\n<a href=\"https:\/\/www.euroretol.com\/ca\/retols-publicitat\/expositors-pop-up\/photocall\/\" title=\"Fabricants de Photocall\" alt=\"Fabricants de Photocall\"><\/p>\n<div><img decoding=\"async\" title=\"Photocall\" src=\"https:\/\/www.euroretol.com\/wp-content\/uploads\/2023\/07\/photocall-1.jpg\" alt=\"Fabricants de Photocall\"><\/div>\n<h3>Photocall<\/h3>\n<p><\/a>\n<\/div>\n<div class=\"producto-principal\">\n<a href=\"https:\/\/www.euroretol.com\/ca\/retols-publicitat\/expositors-pop-up\/expositors-roll-up-fixos\/\" title=\"Expositors publicitaris roll up fixos\" alt=\"Expositors roll up fixos\"><\/p>\n<div><img decoding=\"async\" title=\"Fabricants de publicitat roll up fixos\" src=\"https:\/\/www.euroretol.com\/wp-content\/uploads\/2023\/07\/directorios.jpg\" alt=\"Fabricants de Roll up fixos\"><\/div>\n<h3>Roll up fixos<\/h3>\n<p><\/a>\n<\/div>\n<div class=\"producto-principal\">\n<a href=\"https:\/\/www.euroretol.com\/ca\/retols-publicitat\/expositors-pop-up\/directoris-empresa\/\" title=\"Fabricants i instal\u00b7ladors de directoris d'empresa\" alt=\"Fabricants i instal\u00b7ladors de directoris d'empresa\"><\/p>\n<div><img decoding=\"async\" title=\"Fabricants i instal\u00b7ladors de directoris d'empresa\" src=\"https:\/\/www.euroretol.com\/wp-content\/uploads\/2023\/07\/directorio-de-empresas.png\" alt=\"Fabricants de directoris d'empresa\"><\/div>\n<h3>Directoris d&#8217;empresa<\/h3>\n<p><\/a>\n<\/div>\n<div class=\"producto-principal\">\n<a href=\"https:\/\/www.euroretol.com\/ca\/retols-publicitat\/expositors-pop-up\/carpetes-led\/\" title=\"Fabricants de carpetes led\" alt=\"Fabricants de carpetes led\"><\/p>\n<div><img decoding=\"async\" title=\"Fabricants de carpetes led\" src=\"https:\/\/www.euroretol.com\/wp-content\/uploads\/2023\/07\/carpetas-led-inmobiliarias.jpg\" alt=\"Fabricants de carpetes led\"><\/div>\n<h3>Carpetes led<\/h3>\n<p><\/a>\n<\/div>\n<\/div>\n","protected":false},"excerpt":{"rendered":"<p>Expositors pop up Diferents tipus d&#8217;expositors Fabriquem una gran varietat d&#8217;expositors pop up segons les necessitats del client, tipus roll up, photocall per a esdeveniments, roll up fixos, directoris d&#8217;empresa o carpetes led s\u00f3n algunes de les nostres opcions per expositors i publicitat. Roll up Photocall Roll up fixos Directoris d&#8217;empresa Carpetes led<\/p>\n","protected":false},"author":1,"featured_media":1755,"parent":1825,"menu_order":0,"comment_status":"closed","ping_status":"closed","template":"","meta":{"site-sidebar-layout":"default","site-content-layout":"default","ast-site-content-layout":"","site-content-style":"default","site-sidebar-style":"default","ast-global-header-display":"","ast-banner-title-visibility":"","ast-main-header-display":"","ast-hfb-above-header-display":"","ast-hfb-below-header-display":"","ast-hfb-mobile-header-display":"","site-post-title":"disabled","ast-breadcrumbs-content":"","ast-featured-img":"disabled","footer-sml-layout":"","theme-transparent-header-meta":"default","adv-header-id-meta":"","stick-header-meta":"","header-above-stick-meta":"","header-main-stick-meta":"","header-below-stick-meta":"","astra-migrate-meta-layouts":"default","ast-page-background-enabled":"default","ast-page-background-meta":{"desktop":{"background-color":"var(--ast-global-color-4)","background-image":"","background-repeat":"repeat","background-position":"center center","background-size":"auto","background-attachment":"scroll","background-type":"","background-media":"","overlay-type":"","overlay-color":"","overlay-opacity":"","overlay-gradient":""},"tablet":{"background-color":"","background-image":"","background-repeat":"repeat","background-position":"center center","background-size":"auto","background-attachment":"scroll","background-type":"","background-media":"","overlay-type":"","overlay-color":"","overlay-opacity":"","overlay-gradient":""},"mobile":{"background-color":"","background-image":"","background-repeat":"repeat","background-position":"center center","background-size":"auto","background-attachment":"scroll","background-type":"","background-media":"","overlay-type":"","overlay-color":"","overlay-opacity":"","overlay-gradient":""}},"ast-content-background-meta":{"desktop":{"background-color":"var(--ast-global-color-5)","background-image":"","background-repeat":"repeat","background-position":"center center","background-size":"auto","background-attachment":"scroll","background-type":"","background-media":"","overlay-type":"","overlay-color":"","overlay-opacity":"","overlay-gradient":""},"tablet":{"background-color":"var(--ast-global-color-5)","background-image":"","background-repeat":"repeat","background-position":"center center","background-size":"auto","background-attachment":"scroll","background-type":"","background-media":"","overlay-type":"","overlay-color":"","overlay-opacity":"","overlay-gradient":""},"mobile":{"background-color":"var(--ast-global-color-5)","background-image":"","background-repeat":"repeat","background-position":"center center","background-size":"auto","background-attachment":"scroll","background-type":"","background-media":"","overlay-type":"","overlay-color":"","overlay-opacity":"","overlay-gradient":""}},"footnotes":""},"class_list":["post-1863","page","type-page","status-publish","has-post-thumbnail","hentry"],"yoast_head":"<!-- This site is optimized with the Yoast SEO plugin v27.0 - https:\/\/yoast.com\/product\/yoast-seo-wordpress\/ -->\n<title>Expositors pop up - Publicitat port\u00e0til per a la vostra empresa o esdeveniment<\/title>\n<meta name=\"description\" content=\"Fabricaci\u00f3 d&#039;expositors, directoris d&#039;empresa i pop up per a publicitat d&#039;esdeveniments o marques, carpetes led per publicitar pisos\" \/>\n<meta name=\"robots\" content=\"index, follow, max-snippet:-1, max-image-preview:large, max-video-preview:-1\" \/>\n<link rel=\"canonical\" href=\"https:\/\/www.euroretol.com\/ca\/retols-publicitat\/expositors-pop-up\/\" \/>\n<meta property=\"og:locale\" content=\"ca_ES\" \/>\n<meta property=\"og:type\" content=\"article\" \/>\n<meta property=\"og:title\" content=\"Expositors pop up - Publicitat port\u00e0til per a la vostra empresa o esdeveniment\" \/>\n<meta property=\"og:description\" content=\"Fabricaci\u00f3 d&#039;expositors, directoris d&#039;empresa i pop up per a publicitat d&#039;esdeveniments o marques, carpetes led per publicitar pisos\" \/>\n<meta property=\"og:url\" content=\"https:\/\/www.euroretol.com\/ca\/retols-publicitat\/expositors-pop-up\/\" \/>\n<meta property=\"og:site_name\" content=\"Euroretol - R\u00e8tols, publicitat i impressi\u00f3 digital\" \/>\n<meta property=\"article:modified_time\" content=\"2023-08-07T07:48:22+00:00\" \/>\n<meta property=\"og:image\" content=\"https:\/\/www.euroretol.com\/wp-content\/uploads\/2023\/07\/photocall-1.jpg\" \/>\n<meta name=\"twitter:label1\" content=\"Temps estimat de lectura\" \/>\n\t<meta name=\"twitter:data1\" content=\"2 minuts\" \/>\n<script type=\"application\/ld+json\" class=\"yoast-schema-graph\">{\"@context\":\"https:\/\/schema.org\",\"@graph\":[{\"@type\":\"WebPage\",\"@id\":\"https:\/\/www.euroretol.com\/ca\/retols-publicitat\/expositors-pop-up\/\",\"url\":\"https:\/\/www.euroretol.com\/ca\/retols-publicitat\/expositors-pop-up\/\",\"name\":\"Expositors pop up - Publicitat port\u00e0til per a la vostra empresa o esdeveniment\",\"isPartOf\":{\"@id\":\"https:\/\/www.euroretol.com\/ca\/#website\"},\"primaryImageOfPage\":{\"@id\":\"https:\/\/www.euroretol.com\/ca\/retols-publicitat\/expositors-pop-up\/#primaryimage\"},\"image\":{\"@id\":\"https:\/\/www.euroretol.com\/ca\/retols-publicitat\/expositors-pop-up\/#primaryimage\"},\"thumbnailUrl\":\"https:\/\/www.euroretol.com\/wp-content\/uploads\/2023\/07\/photocall-1.jpg\",\"datePublished\":\"2023-07-31T08:18:06+00:00\",\"dateModified\":\"2023-08-07T07:48:22+00:00\",\"description\":\"Fabricaci\u00f3 d'expositors, directoris d'empresa i pop up per a publicitat d'esdeveniments o marques, carpetes led per publicitar pisos\",\"breadcrumb\":{\"@id\":\"https:\/\/www.euroretol.com\/ca\/retols-publicitat\/expositors-pop-up\/#breadcrumb\"},\"inLanguage\":\"ca\",\"potentialAction\":[{\"@type\":\"ReadAction\",\"target\":[\"https:\/\/www.euroretol.com\/ca\/retols-publicitat\/expositors-pop-up\/\"]}]},{\"@type\":\"ImageObject\",\"inLanguage\":\"ca\",\"@id\":\"https:\/\/www.euroretol.com\/ca\/retols-publicitat\/expositors-pop-up\/#primaryimage\",\"url\":\"https:\/\/www.euroretol.com\/wp-content\/uploads\/2023\/07\/photocall-1.jpg\",\"contentUrl\":\"https:\/\/www.euroretol.com\/wp-content\/uploads\/2023\/07\/photocall-1.jpg\",\"width\":900,\"height\":675,\"caption\":\"Photocall\"},{\"@type\":\"BreadcrumbList\",\"@id\":\"https:\/\/www.euroretol.com\/ca\/retols-publicitat\/expositors-pop-up\/#breadcrumb\",\"itemListElement\":[{\"@type\":\"ListItem\",\"position\":1,\"name\":\"Productes\",\"item\":\"https:\/\/www.euroretol.com\/ca\/retols-publicitat\/\"},{\"@type\":\"ListItem\",\"position\":2,\"name\":\"Expositors pop up\"}]},{\"@type\":\"WebSite\",\"@id\":\"https:\/\/www.euroretol.com\/ca\/#website\",\"url\":\"https:\/\/www.euroretol.com\/ca\/\",\"name\":\"Euroretol - R\u00e8tols, publicitat i impressi\u00f3 digital\",\"description\":\"Serveis de rotulaci\u00f3\",\"publisher\":{\"@id\":\"https:\/\/www.euroretol.com\/ca\/#organization\"},\"potentialAction\":[{\"@type\":\"SearchAction\",\"target\":{\"@type\":\"EntryPoint\",\"urlTemplate\":\"https:\/\/www.euroretol.com\/ca\/?s={search_term_string}\"},\"query-input\":{\"@type\":\"PropertyValueSpecification\",\"valueRequired\":true,\"valueName\":\"search_term_string\"}}],\"inLanguage\":\"ca\"},{\"@type\":\"Organization\",\"@id\":\"https:\/\/www.euroretol.com\/ca\/#organization\",\"name\":\"Euroretol - R\u00e8tols, publicitat i impressi\u00f3 digital\",\"url\":\"https:\/\/www.euroretol.com\/ca\/\",\"logo\":{\"@type\":\"ImageObject\",\"inLanguage\":\"ca\",\"@id\":\"https:\/\/www.euroretol.com\/ca\/#\/schema\/logo\/image\/\",\"url\":\"https:\/\/www.euroretol.com\/wp-content\/uploads\/2024\/02\/euroretol-420x120-2.png\",\"contentUrl\":\"https:\/\/www.euroretol.com\/wp-content\/uploads\/2024\/02\/euroretol-420x120-2.png\",\"width\":420,\"height\":120,\"caption\":\"Euroretol - R\u00e8tols, publicitat i impressi\u00f3 digital\"},\"image\":{\"@id\":\"https:\/\/www.euroretol.com\/ca\/#\/schema\/logo\/image\/\"}}]}<\/script>\n<!-- \/ Yoast SEO plugin. -->","yoast_head_json":{"title":"Expositors pop up - Publicitat port\u00e0til per a la vostra empresa o esdeveniment","description":"Fabricaci\u00f3 d'expositors, directoris d'empresa i pop up per a publicitat d'esdeveniments o marques, carpetes led per publicitar pisos","robots":{"index":"index","follow":"follow","max-snippet":"max-snippet:-1","max-image-preview":"max-image-preview:large","max-video-preview":"max-video-preview:-1"},"canonical":"https:\/\/www.euroretol.com\/ca\/retols-publicitat\/expositors-pop-up\/","og_locale":"ca_ES","og_type":"article","og_title":"Expositors pop up - Publicitat port\u00e0til per a la vostra empresa o esdeveniment","og_description":"Fabricaci\u00f3 d'expositors, directoris d'empresa i pop up per a publicitat d'esdeveniments o marques, carpetes led per publicitar pisos","og_url":"https:\/\/www.euroretol.com\/ca\/retols-publicitat\/expositors-pop-up\/","og_site_name":"Euroretol - R\u00e8tols, publicitat i impressi\u00f3 digital","article_modified_time":"2023-08-07T07:48:22+00:00","og_image":[{"url":"https:\/\/www.euroretol.com\/wp-content\/uploads\/2023\/07\/photocall-1.jpg","type":"","width":"","height":""}],"twitter_misc":{"Temps estimat de lectura":"2 minuts"},"schema":{"@context":"https:\/\/schema.org","@graph":[{"@type":"WebPage","@id":"https:\/\/www.euroretol.com\/ca\/retols-publicitat\/expositors-pop-up\/","url":"https:\/\/www.euroretol.com\/ca\/retols-publicitat\/expositors-pop-up\/","name":"Expositors pop up - Publicitat port\u00e0til per a la vostra empresa o esdeveniment","isPartOf":{"@id":"https:\/\/www.euroretol.com\/ca\/#website"},"primaryImageOfPage":{"@id":"https:\/\/www.euroretol.com\/ca\/retols-publicitat\/expositors-pop-up\/#primaryimage"},"image":{"@id":"https:\/\/www.euroretol.com\/ca\/retols-publicitat\/expositors-pop-up\/#primaryimage"},"thumbnailUrl":"https:\/\/www.euroretol.com\/wp-content\/uploads\/2023\/07\/photocall-1.jpg","datePublished":"2023-07-31T08:18:06+00:00","dateModified":"2023-08-07T07:48:22+00:00","description":"Fabricaci\u00f3 d'expositors, directoris d'empresa i pop up per a publicitat d'esdeveniments o marques, carpetes led per publicitar pisos","breadcrumb":{"@id":"https:\/\/www.euroretol.com\/ca\/retols-publicitat\/expositors-pop-up\/#breadcrumb"},"inLanguage":"ca","potentialAction":[{"@type":"ReadAction","target":["https:\/\/www.euroretol.com\/ca\/retols-publicitat\/expositors-pop-up\/"]}]},{"@type":"ImageObject","inLanguage":"ca","@id":"https:\/\/www.euroretol.com\/ca\/retols-publicitat\/expositors-pop-up\/#primaryimage","url":"https:\/\/www.euroretol.com\/wp-content\/uploads\/2023\/07\/photocall-1.jpg","contentUrl":"https:\/\/www.euroretol.com\/wp-content\/uploads\/2023\/07\/photocall-1.jpg","width":900,"height":675,"caption":"Photocall"},{"@type":"BreadcrumbList","@id":"https:\/\/www.euroretol.com\/ca\/retols-publicitat\/expositors-pop-up\/#breadcrumb","itemListElement":[{"@type":"ListItem","position":1,"name":"Productes","item":"https:\/\/www.euroretol.com\/ca\/retols-publicitat\/"},{"@type":"ListItem","position":2,"name":"Expositors pop up"}]},{"@type":"WebSite","@id":"https:\/\/www.euroretol.com\/ca\/#website","url":"https:\/\/www.euroretol.com\/ca\/","name":"Euroretol - R\u00e8tols, publicitat i impressi\u00f3 digital","description":"Serveis de rotulaci\u00f3","publisher":{"@id":"https:\/\/www.euroretol.com\/ca\/#organization"},"potentialAction":[{"@type":"SearchAction","target":{"@type":"EntryPoint","urlTemplate":"https:\/\/www.euroretol.com\/ca\/?s={search_term_string}"},"query-input":{"@type":"PropertyValueSpecification","valueRequired":true,"valueName":"search_term_string"}}],"inLanguage":"ca"},{"@type":"Organization","@id":"https:\/\/www.euroretol.com\/ca\/#organization","name":"Euroretol - R\u00e8tols, publicitat i impressi\u00f3 digital","url":"https:\/\/www.euroretol.com\/ca\/","logo":{"@type":"ImageObject","inLanguage":"ca","@id":"https:\/\/www.euroretol.com\/ca\/#\/schema\/logo\/image\/","url":"https:\/\/www.euroretol.com\/wp-content\/uploads\/2024\/02\/euroretol-420x120-2.png","contentUrl":"https:\/\/www.euroretol.com\/wp-content\/uploads\/2024\/02\/euroretol-420x120-2.png","width":420,"height":120,"caption":"Euroretol - R\u00e8tols, publicitat i impressi\u00f3 digital"},"image":{"@id":"https:\/\/www.euroretol.com\/ca\/#\/schema\/logo\/image\/"}}]}},"_links":{"self":[{"href":"https:\/\/www.euroretol.com\/ca\/wp-json\/wp\/v2\/pages\/1863","targetHints":{"allow":["GET"]}}],"collection":[{"href":"https:\/\/www.euroretol.com\/ca\/wp-json\/wp\/v2\/pages"}],"about":[{"href":"https:\/\/www.euroretol.com\/ca\/wp-json\/wp\/v2\/types\/page"}],"author":[{"embeddable":true,"href":"https:\/\/www.euroretol.com\/ca\/wp-json\/wp\/v2\/users\/1"}],"replies":[{"embeddable":true,"href":"https:\/\/www.euroretol.com\/ca\/wp-json\/wp\/v2\/comments?post=1863"}],"version-history":[{"count":0,"href":"https:\/\/www.euroretol.com\/ca\/wp-json\/wp\/v2\/pages\/1863\/revisions"}],"up":[{"embeddable":true,"href":"https:\/\/www.euroretol.com\/ca\/wp-json\/wp\/v2\/pages\/1825"}],"wp:featuredmedia":[{"embeddable":true,"href":"https:\/\/www.euroretol.com\/ca\/wp-json\/wp\/v2\/media\/1755"}],"wp:attachment":[{"href":"https:\/\/www.euroretol.com\/ca\/wp-json\/wp\/v2\/media?parent=1863"}],"curies":[{"name":"wp","href":"https:\/\/api.w.org\/{rel}","templated":true}]}}