{"id":1864,"date":"2023-07-31T08:29:45","date_gmt":"2023-07-31T08:29:45","guid":{"rendered":"https:\/\/www.euroretol.com\/productes\/expositors-pop-up\/expositors-roll-up\/"},"modified":"2023-08-07T07:53:39","modified_gmt":"2023-08-07T07:53:39","slug":"expositors-roll-up","status":"publish","type":"page","link":"https:\/\/www.euroretol.com\/ca\/retols-publicitat\/expositors-pop-up\/expositors-roll-up\/","title":{"rendered":"Expositors roll up"},"content":{"rendered":"<div class=\"img-cabecera full-width\"><img decoding=\"async\" src=\"https:\/\/www.euroretol.com\/wp-content\/uploads\/2023\/07\/expositor-roll-up.jpg\" title=\"Expositors roll up\" alt=\"Expositors roll up\"><\/div>\n<h1 class=\"titulo-con-cabecera\">Expositors roll up<\/h1>\n<h2>Publicitat a lones plegables i port\u00e0tils<\/h2>\n<div class=\"estrecho\">\n<p>El <strong>Roll Up<\/strong> \u00e9s ideal per publicitar esdeveniments, fires, hotels, entrades de negocis\u2026<\/p>\n<p>Es tracta d&#8217;un <strong>expositor port\u00e0til autoenrotllable<\/strong>. \u00c9s un element ideal per <strong>publicitar la teva empresa o negoci<\/strong>. Tot i que avui dia hi ha una gran diversitat de models, tots ells es componen d&#8217;una base d&#8217;alumini, que alhora de servir de <strong>peu per a l&#8217;expositor publicitari<\/strong>, a l&#8217;interior es protegeix la impressi\u00f3, que en enlairar-la ajudat d&#8217;un tub modular queda perfectament estirada. La gr\u00e0fica pot ser impresa en alta definici\u00f3 (1440 ppp) en un material flexible com el paper, polipropil\u00e8 o lona per al seu <strong>expositor roll up<\/strong>.   <\/p>\n<ul clas=\"lista-ok\">\n<li>F\u00e0cil de transportar, al recollir-se no ocupa pr\u00e0cticament espai.<\/li>\n<li>Segur perqu\u00e8 la impressi\u00f3 va protegida dins la base.<\/li>\n<li>Lleuger amb prou feines pesa aproximadament 2 kg depenent de l&#8217;amplada i del model.<\/li>\n<li>C\u00f2mode en recollir-se en una bossa de nil\u00f3 adaptada a la mida del roll-up, perqu\u00e8 pugui ser transportada f\u00e0cilment.<\/li>\n<\/ul>\n<p>Envia&#8217;ns el teu disseny o fotografia i t&#8217;ho imprimim a punt per <strong>exposar en un roll up<\/strong>.<\/p>\n<p>Mides de: 85x200Cm. 100x200Cm. 120x200Cm.  <\/p>\n<\/div>\n<p class=\"boton-presupuesto\"><a href=\"https:\/\/www.euroretol.com\/ca\/empresa-retolacio\/\" title=\"Sol\u00b7licitar pressupostos d'expositors publicitaris roll up\">Sol\u00b7licitar pressupost<\/a><\/p>\n<div class=\"galerias\"><div class=\"rl-gallery-container rl-loading\" id=\"rl-gallery-container-1\" data-gallery_id=\"1327\"> <div class=\"rl-gallery rl-basicgrid-gallery \" id=\"rl-gallery-1\" data-gallery_no=\"1\"> <div class=\"rl-gallery-item\"><a href=\"https:\/\/www.euroretol.com\/wp-content\/uploads\/2023\/07\/roll-up.jpg\" title=\"\" data-rl_title=\"\" class=\"rl-gallery-link\" data-rl_caption=\"\" data-rel=\"lightbox-gallery-1\"><img fetchpriority=\"high\" decoding=\"async\" src=\"https:\/\/www.euroretol.com\/wp-content\/uploads\/2023\/07\/roll-up-225x300.jpg\" width=\"225\" height=\"300\" alt=\"Roll up\"\/><\/a><\/div><div class=\"rl-gallery-item\"><a href=\"https:\/\/www.euroretol.com\/wp-content\/uploads\/2023\/07\/roll-up.png\" title=\"\" data-rl_title=\"\" class=\"rl-gallery-link\" data-rl_caption=\"\" data-rel=\"lightbox-gallery-1\"><img decoding=\"async\" src=\"https:\/\/www.euroretol.com\/wp-content\/uploads\/2023\/07\/roll-up-200x300.png\" width=\"200\" height=\"300\" alt=\"\"\/><\/a><\/div> <\/div> <\/div><\/div>\n","protected":false},"excerpt":{"rendered":"<p>Expositors roll up Publicitat a lones plegables i port\u00e0tils El Roll Up \u00e9s ideal per publicitar esdeveniments, fires, hotels, entrades de negocis\u2026 Es tracta d&#8217;un expositor port\u00e0til autoenrotllable. \u00c9s un element ideal per publicitar la teva empresa o negoci. Tot i que avui dia hi ha una gran diversitat de models, tots ells es componen [&hellip;]<\/p>\n","protected":false},"author":1,"featured_media":0,"parent":1863,"menu_order":0,"comment_status":"closed","ping_status":"closed","template":"","meta":{"site-sidebar-layout":"default","site-content-layout":"default","ast-site-content-layout":"","site-content-style":"default","site-sidebar-style":"default","ast-global-header-display":"","ast-banner-title-visibility":"","ast-main-header-display":"","ast-hfb-above-header-display":"","ast-hfb-below-header-display":"","ast-hfb-mobile-header-display":"","site-post-title":"disabled","ast-breadcrumbs-content":"","ast-featured-img":"disabled","footer-sml-layout":"","theme-transparent-header-meta":"default","adv-header-id-meta":"","stick-header-meta":"","header-above-stick-meta":"","header-main-stick-meta":"","header-below-stick-meta":"","astra-migrate-meta-layouts":"default","ast-page-background-enabled":"default","ast-page-background-meta":{"desktop":{"background-color":"var(--ast-global-color-4)","background-image":"","background-repeat":"repeat","background-position":"center center","background-size":"auto","background-attachment":"scroll","background-type":"","background-media":"","overlay-type":"","overlay-color":"","overlay-opacity":"","overlay-gradient":""},"tablet":{"background-color":"","background-image":"","background-repeat":"repeat","background-position":"center center","background-size":"auto","background-attachment":"scroll","background-type":"","background-media":"","overlay-type":"","overlay-color":"","overlay-opacity":"","overlay-gradient":""},"mobile":{"background-color":"","background-image":"","background-repeat":"repeat","background-position":"center center","background-size":"auto","background-attachment":"scroll","background-type":"","background-media":"","overlay-type":"","overlay-color":"","overlay-opacity":"","overlay-gradient":""}},"ast-content-background-meta":{"desktop":{"background-color":"var(--ast-global-color-5)","background-image":"","background-repeat":"repeat","background-position":"center center","background-size":"auto","background-attachment":"scroll","background-type":"","background-media":"","overlay-type":"","overlay-color":"","overlay-opacity":"","overlay-gradient":""},"tablet":{"background-color":"var(--ast-global-color-5)","background-image":"","background-repeat":"repeat","background-position":"center center","background-size":"auto","background-attachment":"scroll","background-type":"","background-media":"","overlay-type":"","overlay-color":"","overlay-opacity":"","overlay-gradient":""},"mobile":{"background-color":"var(--ast-global-color-5)","background-image":"","background-repeat":"repeat","background-position":"center center","background-size":"auto","background-attachment":"scroll","background-type":"","background-media":"","overlay-type":"","overlay-color":"","overlay-opacity":"","overlay-gradient":""}},"footnotes":""},"class_list":["post-1864","page","type-page","status-publish","hentry"],"yoast_head":"<!-- This site is optimized with the Yoast SEO plugin v27.0 - https:\/\/yoast.com\/product\/yoast-seo-wordpress\/ -->\n<title>Expositors publicitaris roll up per a esdeveniments i comer\u00e7os<\/title>\n<meta name=\"description\" content=\"Empresa d&#039;impressi\u00f3 i fabricaci\u00f3 d&#039;expositors publicitaris roll up molt utilitzats en esdeveniments, fires o comer\u00e7os per informar\" \/>\n<meta name=\"robots\" content=\"index, follow, max-snippet:-1, max-image-preview:large, max-video-preview:-1\" \/>\n<link rel=\"canonical\" href=\"https:\/\/www.euroretol.com\/ca\/retols-publicitat\/expositors-pop-up\/expositors-roll-up\/\" \/>\n<meta property=\"og:locale\" content=\"ca_ES\" \/>\n<meta property=\"og:type\" content=\"article\" \/>\n<meta property=\"og:title\" content=\"Expositors publicitaris roll up per a esdeveniments i comer\u00e7os\" \/>\n<meta property=\"og:description\" content=\"Empresa d&#039;impressi\u00f3 i fabricaci\u00f3 d&#039;expositors publicitaris roll up molt utilitzats en esdeveniments, fires o comer\u00e7os per informar\" \/>\n<meta property=\"og:url\" content=\"https:\/\/www.euroretol.com\/ca\/retols-publicitat\/expositors-pop-up\/expositors-roll-up\/\" \/>\n<meta property=\"og:site_name\" content=\"Euroretol - R\u00e8tols, publicitat i impressi\u00f3 digital\" \/>\n<meta property=\"article:modified_time\" content=\"2023-08-07T07:53:39+00:00\" \/>\n<meta property=\"og:image\" content=\"https:\/\/www.euroretol.com\/wp-content\/uploads\/2023\/07\/expositor-roll-up.jpg\" \/>\n<meta name=\"twitter:label1\" content=\"Temps estimat de lectura\" \/>\n\t<meta name=\"twitter:data1\" content=\"2 minuts\" \/>\n<script type=\"application\/ld+json\" class=\"yoast-schema-graph\">{\"@context\":\"https:\/\/schema.org\",\"@graph\":[{\"@type\":\"WebPage\",\"@id\":\"https:\/\/www.euroretol.com\/ca\/retols-publicitat\/expositors-pop-up\/expositors-roll-up\/\",\"url\":\"https:\/\/www.euroretol.com\/ca\/retols-publicitat\/expositors-pop-up\/expositors-roll-up\/\",\"name\":\"Expositors publicitaris roll up per a esdeveniments i comer\u00e7os\",\"isPartOf\":{\"@id\":\"https:\/\/www.euroretol.com\/ca\/#website\"},\"primaryImageOfPage\":{\"@id\":\"https:\/\/www.euroretol.com\/ca\/retols-publicitat\/expositors-pop-up\/expositors-roll-up\/#primaryimage\"},\"image\":{\"@id\":\"https:\/\/www.euroretol.com\/ca\/retols-publicitat\/expositors-pop-up\/expositors-roll-up\/#primaryimage\"},\"thumbnailUrl\":\"https:\/\/www.euroretol.com\/wp-content\/uploads\/2023\/07\/expositor-roll-up.jpg\",\"datePublished\":\"2023-07-31T08:29:45+00:00\",\"dateModified\":\"2023-08-07T07:53:39+00:00\",\"description\":\"Empresa d'impressi\u00f3 i fabricaci\u00f3 d'expositors publicitaris roll up molt utilitzats en esdeveniments, fires o comer\u00e7os per informar\",\"breadcrumb\":{\"@id\":\"https:\/\/www.euroretol.com\/ca\/retols-publicitat\/expositors-pop-up\/expositors-roll-up\/#breadcrumb\"},\"inLanguage\":\"ca\",\"potentialAction\":[{\"@type\":\"ReadAction\",\"target\":[\"https:\/\/www.euroretol.com\/ca\/retols-publicitat\/expositors-pop-up\/expositors-roll-up\/\"]}]},{\"@type\":\"ImageObject\",\"inLanguage\":\"ca\",\"@id\":\"https:\/\/www.euroretol.com\/ca\/retols-publicitat\/expositors-pop-up\/expositors-roll-up\/#primaryimage\",\"url\":\"https:\/\/www.euroretol.com\/wp-content\/uploads\/2023\/07\/expositor-roll-up.jpg\",\"contentUrl\":\"https:\/\/www.euroretol.com\/wp-content\/uploads\/2023\/07\/expositor-roll-up.jpg\"},{\"@type\":\"BreadcrumbList\",\"@id\":\"https:\/\/www.euroretol.com\/ca\/retols-publicitat\/expositors-pop-up\/expositors-roll-up\/#breadcrumb\",\"itemListElement\":[{\"@type\":\"ListItem\",\"position\":1,\"name\":\"Productes\",\"item\":\"https:\/\/www.euroretol.com\/ca\/retols-publicitat\/\"},{\"@type\":\"ListItem\",\"position\":2,\"name\":\"Expositors pop up\",\"item\":\"https:\/\/www.euroretol.com\/ca\/retols-publicitat\/expositors-pop-up\/\"},{\"@type\":\"ListItem\",\"position\":3,\"name\":\"Expositors roll up\"}]},{\"@type\":\"WebSite\",\"@id\":\"https:\/\/www.euroretol.com\/ca\/#website\",\"url\":\"https:\/\/www.euroretol.com\/ca\/\",\"name\":\"Euroretol - R\u00e8tols, publicitat i impressi\u00f3 digital\",\"description\":\"Serveis de rotulaci\u00f3\",\"publisher\":{\"@id\":\"https:\/\/www.euroretol.com\/ca\/#organization\"},\"potentialAction\":[{\"@type\":\"SearchAction\",\"target\":{\"@type\":\"EntryPoint\",\"urlTemplate\":\"https:\/\/www.euroretol.com\/ca\/?s={search_term_string}\"},\"query-input\":{\"@type\":\"PropertyValueSpecification\",\"valueRequired\":true,\"valueName\":\"search_term_string\"}}],\"inLanguage\":\"ca\"},{\"@type\":\"Organization\",\"@id\":\"https:\/\/www.euroretol.com\/ca\/#organization\",\"name\":\"Euroretol - R\u00e8tols, publicitat i impressi\u00f3 digital\",\"url\":\"https:\/\/www.euroretol.com\/ca\/\",\"logo\":{\"@type\":\"ImageObject\",\"inLanguage\":\"ca\",\"@id\":\"https:\/\/www.euroretol.com\/ca\/#\/schema\/logo\/image\/\",\"url\":\"https:\/\/www.euroretol.com\/wp-content\/uploads\/2024\/02\/euroretol-420x120-2.png\",\"contentUrl\":\"https:\/\/www.euroretol.com\/wp-content\/uploads\/2024\/02\/euroretol-420x120-2.png\",\"width\":420,\"height\":120,\"caption\":\"Euroretol - R\u00e8tols, publicitat i impressi\u00f3 digital\"},\"image\":{\"@id\":\"https:\/\/www.euroretol.com\/ca\/#\/schema\/logo\/image\/\"}}]}<\/script>\n<!-- \/ Yoast SEO plugin. -->","yoast_head_json":{"title":"Expositors publicitaris roll up per a esdeveniments i comer\u00e7os","description":"Empresa d'impressi\u00f3 i fabricaci\u00f3 d'expositors publicitaris roll up molt utilitzats en esdeveniments, fires o comer\u00e7os per informar","robots":{"index":"index","follow":"follow","max-snippet":"max-snippet:-1","max-image-preview":"max-image-preview:large","max-video-preview":"max-video-preview:-1"},"canonical":"https:\/\/www.euroretol.com\/ca\/retols-publicitat\/expositors-pop-up\/expositors-roll-up\/","og_locale":"ca_ES","og_type":"article","og_title":"Expositors publicitaris roll up per a esdeveniments i comer\u00e7os","og_description":"Empresa d'impressi\u00f3 i fabricaci\u00f3 d'expositors publicitaris roll up molt utilitzats en esdeveniments, fires o comer\u00e7os per informar","og_url":"https:\/\/www.euroretol.com\/ca\/retols-publicitat\/expositors-pop-up\/expositors-roll-up\/","og_site_name":"Euroretol - R\u00e8tols, publicitat i impressi\u00f3 digital","article_modified_time":"2023-08-07T07:53:39+00:00","og_image":[{"url":"https:\/\/www.euroretol.com\/wp-content\/uploads\/2023\/07\/expositor-roll-up.jpg","type":"","width":"","height":""}],"twitter_misc":{"Temps estimat de lectura":"2 minuts"},"schema":{"@context":"https:\/\/schema.org","@graph":[{"@type":"WebPage","@id":"https:\/\/www.euroretol.com\/ca\/retols-publicitat\/expositors-pop-up\/expositors-roll-up\/","url":"https:\/\/www.euroretol.com\/ca\/retols-publicitat\/expositors-pop-up\/expositors-roll-up\/","name":"Expositors publicitaris roll up per a esdeveniments i comer\u00e7os","isPartOf":{"@id":"https:\/\/www.euroretol.com\/ca\/#website"},"primaryImageOfPage":{"@id":"https:\/\/www.euroretol.com\/ca\/retols-publicitat\/expositors-pop-up\/expositors-roll-up\/#primaryimage"},"image":{"@id":"https:\/\/www.euroretol.com\/ca\/retols-publicitat\/expositors-pop-up\/expositors-roll-up\/#primaryimage"},"thumbnailUrl":"https:\/\/www.euroretol.com\/wp-content\/uploads\/2023\/07\/expositor-roll-up.jpg","datePublished":"2023-07-31T08:29:45+00:00","dateModified":"2023-08-07T07:53:39+00:00","description":"Empresa d'impressi\u00f3 i fabricaci\u00f3 d'expositors publicitaris roll up molt utilitzats en esdeveniments, fires o comer\u00e7os per informar","breadcrumb":{"@id":"https:\/\/www.euroretol.com\/ca\/retols-publicitat\/expositors-pop-up\/expositors-roll-up\/#breadcrumb"},"inLanguage":"ca","potentialAction":[{"@type":"ReadAction","target":["https:\/\/www.euroretol.com\/ca\/retols-publicitat\/expositors-pop-up\/expositors-roll-up\/"]}]},{"@type":"ImageObject","inLanguage":"ca","@id":"https:\/\/www.euroretol.com\/ca\/retols-publicitat\/expositors-pop-up\/expositors-roll-up\/#primaryimage","url":"https:\/\/www.euroretol.com\/wp-content\/uploads\/2023\/07\/expositor-roll-up.jpg","contentUrl":"https:\/\/www.euroretol.com\/wp-content\/uploads\/2023\/07\/expositor-roll-up.jpg"},{"@type":"BreadcrumbList","@id":"https:\/\/www.euroretol.com\/ca\/retols-publicitat\/expositors-pop-up\/expositors-roll-up\/#breadcrumb","itemListElement":[{"@type":"ListItem","position":1,"name":"Productes","item":"https:\/\/www.euroretol.com\/ca\/retols-publicitat\/"},{"@type":"ListItem","position":2,"name":"Expositors pop up","item":"https:\/\/www.euroretol.com\/ca\/retols-publicitat\/expositors-pop-up\/"},{"@type":"ListItem","position":3,"name":"Expositors roll up"}]},{"@type":"WebSite","@id":"https:\/\/www.euroretol.com\/ca\/#website","url":"https:\/\/www.euroretol.com\/ca\/","name":"Euroretol - R\u00e8tols, publicitat i impressi\u00f3 digital","description":"Serveis de rotulaci\u00f3","publisher":{"@id":"https:\/\/www.euroretol.com\/ca\/#organization"},"potentialAction":[{"@type":"SearchAction","target":{"@type":"EntryPoint","urlTemplate":"https:\/\/www.euroretol.com\/ca\/?s={search_term_string}"},"query-input":{"@type":"PropertyValueSpecification","valueRequired":true,"valueName":"search_term_string"}}],"inLanguage":"ca"},{"@type":"Organization","@id":"https:\/\/www.euroretol.com\/ca\/#organization","name":"Euroretol - R\u00e8tols, publicitat i impressi\u00f3 digital","url":"https:\/\/www.euroretol.com\/ca\/","logo":{"@type":"ImageObject","inLanguage":"ca","@id":"https:\/\/www.euroretol.com\/ca\/#\/schema\/logo\/image\/","url":"https:\/\/www.euroretol.com\/wp-content\/uploads\/2024\/02\/euroretol-420x120-2.png","contentUrl":"https:\/\/www.euroretol.com\/wp-content\/uploads\/2024\/02\/euroretol-420x120-2.png","width":420,"height":120,"caption":"Euroretol - R\u00e8tols, publicitat i impressi\u00f3 digital"},"image":{"@id":"https:\/\/www.euroretol.com\/ca\/#\/schema\/logo\/image\/"}}]}},"_links":{"self":[{"href":"https:\/\/www.euroretol.com\/ca\/wp-json\/wp\/v2\/pages\/1864","targetHints":{"allow":["GET"]}}],"collection":[{"href":"https:\/\/www.euroretol.com\/ca\/wp-json\/wp\/v2\/pages"}],"about":[{"href":"https:\/\/www.euroretol.com\/ca\/wp-json\/wp\/v2\/types\/page"}],"author":[{"embeddable":true,"href":"https:\/\/www.euroretol.com\/ca\/wp-json\/wp\/v2\/users\/1"}],"replies":[{"embeddable":true,"href":"https:\/\/www.euroretol.com\/ca\/wp-json\/wp\/v2\/comments?post=1864"}],"version-history":[{"count":0,"href":"https:\/\/www.euroretol.com\/ca\/wp-json\/wp\/v2\/pages\/1864\/revisions"}],"up":[{"embeddable":true,"href":"https:\/\/www.euroretol.com\/ca\/wp-json\/wp\/v2\/pages\/1863"}],"wp:attachment":[{"href":"https:\/\/www.euroretol.com\/ca\/wp-json\/wp\/v2\/media?parent=1864"}],"curies":[{"name":"wp","href":"https:\/\/api.w.org\/{rel}","templated":true}]}}