{"id":1865,"date":"2023-07-31T09:39:07","date_gmt":"2023-07-31T09:39:07","guid":{"rendered":"https:\/\/www.euroretol.com\/productes\/expositors-pop-up\/expositors-roll-up-fixos\/"},"modified":"2023-08-07T07:53:53","modified_gmt":"2023-08-07T07:53:53","slug":"expositors-roll-up-fixos","status":"publish","type":"page","link":"https:\/\/www.euroretol.com\/ca\/retols-publicitat\/expositors-pop-up\/expositors-roll-up-fixos\/","title":{"rendered":"Expositors roll up fixos"},"content":{"rendered":"<div class=\"img-cabecera full-width\"><img decoding=\"async\" src=\"https:\/\/www.euroretol.com\/wp-content\/uploads\/2023\/07\/roll-up-fijos.jpg\" title=\"Expositors roll up fixos\" alt=\"Expositors roll up fixos\"><\/div>\n<h1 class=\"titulo-con-cabecera\">Expositors roll up fixos<\/h1>\n<h2>Expositors publicitaris port\u00e0tils<\/h2>\n<div class=\"estrecho\">\n<p>El <strong>Roll Up fix<\/strong> \u00e9s ideal per a esdeveniments, fires, hotels, entrades de negocis\u2026<\/p>\n<p>\u00c9s tracta d&#8217;un <strong>expositor publicitari port\u00e0til fix<\/strong>. \u00c9s un element ideal per <strong>publicitar la teva empresa o negoci<\/strong>. Encara que avui dia hi ha gran diversitat de models de   <strong>roll up fixos<\/strong>, tots ells es componen d&#8217;una base d&#8217;alumini, que alhora de servir de peu per al <strong>expositor roll up<\/strong>, al seu interior es protegeix la impressi\u00f3, que en enlairar-la ajudat d&#8217;un tub modular queda perfectament estirada. La gr\u00e0fica pot ser impresa en alta definici\u00f3 (1440 ppp) en un material flexible com el paper, polipropil\u00e8 o lona al seu <strong>roll up fix<\/strong>. <\/p>\n<ul class=\"lista-ok\">\n<li>F\u00e0cil de transportar, en recollir-se no ocupa pr\u00e0cticament espai.<\/li>\n<li>Segur perqu\u00e8 la impressi\u00f3 va protegida dins la base.<\/li>\n<li>Lleuger amb prou feines pesa aproximadament 2 kg depenent de l&#8217;amplada i del model.<\/li>\n<li>C\u00f2mode en recollir-se en una bossa de nil\u00f3 adaptada a la mida del roll-up, perqu\u00e8 pugui ser transportada f\u00e0cilment.<\/li>\n<\/ul>\n<p>Envia&#8217;ns el teu disseny o fotografia i t&#8217;ho imprimim a punt per exposar-lo en un <strong>roll up fix<\/strong>.<\/p>\n<p>Mides de: 85x200Cm. 100x200Cm. 120x200Cm.  <\/p>\n<\/div>\n<p class=\"boton-presupuesto\"><a href=\"https:\/\/www.euroretol.com\/ca\/empresa-retolacio\/\" title=\"Sol\u00b7licitar pressupostos d'expositors roll up fixos\">Sol\u00b7licitar pressupost<\/a><\/p>\n<div class=\"galerias\"><div class=\"rl-gallery-container rl-loading\" id=\"rl-gallery-container-1\" data-gallery_id=\"1352\"> <div class=\"rl-gallery rl-basicgrid-gallery \" id=\"rl-gallery-1\" data-gallery_no=\"1\"> <div class=\"rl-gallery-item\"><a href=\"https:\/\/www.euroretol.com\/wp-content\/uploads\/2023\/07\/02-PRODUCTOS-Y-SERVICIOS-19-ROLL-UP-03-e1569145696799.jpg\" title=\"\" data-rl_title=\"\" class=\"rl-gallery-link\" data-rl_caption=\"\" data-rel=\"lightbox-gallery-1\"><img fetchpriority=\"high\" decoding=\"async\" src=\"https:\/\/www.euroretol.com\/wp-content\/uploads\/2023\/07\/02-PRODUCTOS-Y-SERVICIOS-19-ROLL-UP-03-e1569145696799-225x300.jpg\" width=\"225\" height=\"300\" alt=\"\"\/><\/a><\/div><div class=\"rl-gallery-item\"><a href=\"https:\/\/www.euroretol.com\/wp-content\/uploads\/2023\/07\/IMG_1417-e1572733209475-scaled.jpg\" title=\"\" data-rl_title=\"\" class=\"rl-gallery-link\" data-rl_caption=\"\" data-rel=\"lightbox-gallery-1\"><img decoding=\"async\" src=\"https:\/\/www.euroretol.com\/wp-content\/uploads\/2023\/07\/IMG_1417-e1572733209475-225x300.jpg\" width=\"225\" height=\"300\" alt=\"\"\/><\/a><\/div> <\/div> <\/div><\/div>\n","protected":false},"excerpt":{"rendered":"<p>Expositors roll up fixos Expositors publicitaris port\u00e0tils El Roll Up fix \u00e9s ideal per a esdeveniments, fires, hotels, entrades de negocis\u2026 \u00c9s tracta d&#8217;un expositor publicitari port\u00e0til fix. \u00c9s un element ideal per publicitar la teva empresa o negoci. Encara que avui dia hi ha gran diversitat de models de roll up fixos, tots ells [&hellip;]<\/p>\n","protected":false},"author":1,"featured_media":0,"parent":1863,"menu_order":0,"comment_status":"closed","ping_status":"closed","template":"","meta":{"site-sidebar-layout":"default","site-content-layout":"default","ast-site-content-layout":"","site-content-style":"default","site-sidebar-style":"default","ast-global-header-display":"","ast-banner-title-visibility":"","ast-main-header-display":"","ast-hfb-above-header-display":"","ast-hfb-below-header-display":"","ast-hfb-mobile-header-display":"","site-post-title":"disabled","ast-breadcrumbs-content":"","ast-featured-img":"disabled","footer-sml-layout":"","theme-transparent-header-meta":"default","adv-header-id-meta":"","stick-header-meta":"","header-above-stick-meta":"","header-main-stick-meta":"","header-below-stick-meta":"","astra-migrate-meta-layouts":"default","ast-page-background-enabled":"default","ast-page-background-meta":{"desktop":{"background-color":"var(--ast-global-color-4)","background-image":"","background-repeat":"repeat","background-position":"center center","background-size":"auto","background-attachment":"scroll","background-type":"","background-media":"","overlay-type":"","overlay-color":"","overlay-opacity":"","overlay-gradient":""},"tablet":{"background-color":"","background-image":"","background-repeat":"repeat","background-position":"center center","background-size":"auto","background-attachment":"scroll","background-type":"","background-media":"","overlay-type":"","overlay-color":"","overlay-opacity":"","overlay-gradient":""},"mobile":{"background-color":"","background-image":"","background-repeat":"repeat","background-position":"center center","background-size":"auto","background-attachment":"scroll","background-type":"","background-media":"","overlay-type":"","overlay-color":"","overlay-opacity":"","overlay-gradient":""}},"ast-content-background-meta":{"desktop":{"background-color":"var(--ast-global-color-5)","background-image":"","background-repeat":"repeat","background-position":"center center","background-size":"auto","background-attachment":"scroll","background-type":"","background-media":"","overlay-type":"","overlay-color":"","overlay-opacity":"","overlay-gradient":""},"tablet":{"background-color":"var(--ast-global-color-5)","background-image":"","background-repeat":"repeat","background-position":"center center","background-size":"auto","background-attachment":"scroll","background-type":"","background-media":"","overlay-type":"","overlay-color":"","overlay-opacity":"","overlay-gradient":""},"mobile":{"background-color":"var(--ast-global-color-5)","background-image":"","background-repeat":"repeat","background-position":"center center","background-size":"auto","background-attachment":"scroll","background-type":"","background-media":"","overlay-type":"","overlay-color":"","overlay-opacity":"","overlay-gradient":""}},"footnotes":""},"class_list":["post-1865","page","type-page","status-publish","hentry"],"yoast_head":"<!-- This site is optimized with the Yoast SEO plugin v27.0 - https:\/\/yoast.com\/product\/yoast-seo-wordpress\/ -->\n<title>Fabricants d&#039;expositors publicitaris roll up fixos<\/title>\n<meta name=\"description\" content=\"Empresa d&#039;impressi\u00f3 i fabricaci\u00f3 d&#039;expositors publicitaris tipus roll up fixos per a restaurants, terrasses, comer\u00e7os o esdeveniments\" \/>\n<meta name=\"robots\" content=\"index, follow, max-snippet:-1, max-image-preview:large, max-video-preview:-1\" \/>\n<link rel=\"canonical\" href=\"https:\/\/www.euroretol.com\/ca\/retols-publicitat\/expositors-pop-up\/expositors-roll-up-fixos\/\" \/>\n<meta property=\"og:locale\" content=\"ca_ES\" \/>\n<meta property=\"og:type\" content=\"article\" \/>\n<meta property=\"og:title\" content=\"Fabricants d&#039;expositors publicitaris roll up fixos\" \/>\n<meta property=\"og:description\" content=\"Empresa d&#039;impressi\u00f3 i fabricaci\u00f3 d&#039;expositors publicitaris tipus roll up fixos per a restaurants, terrasses, comer\u00e7os o esdeveniments\" \/>\n<meta property=\"og:url\" content=\"https:\/\/www.euroretol.com\/ca\/retols-publicitat\/expositors-pop-up\/expositors-roll-up-fixos\/\" \/>\n<meta property=\"og:site_name\" content=\"Euroretol - R\u00e8tols, publicitat i impressi\u00f3 digital\" \/>\n<meta property=\"article:modified_time\" content=\"2023-08-07T07:53:53+00:00\" \/>\n<meta property=\"og:image\" content=\"https:\/\/www.euroretol.com\/wp-content\/uploads\/2023\/07\/roll-up-fijos.jpg\" \/>\n<meta name=\"twitter:label1\" content=\"Temps estimat de lectura\" \/>\n\t<meta name=\"twitter:data1\" content=\"2 minuts\" \/>\n<script type=\"application\/ld+json\" class=\"yoast-schema-graph\">{\"@context\":\"https:\/\/schema.org\",\"@graph\":[{\"@type\":\"WebPage\",\"@id\":\"https:\/\/www.euroretol.com\/ca\/retols-publicitat\/expositors-pop-up\/expositors-roll-up-fixos\/\",\"url\":\"https:\/\/www.euroretol.com\/ca\/retols-publicitat\/expositors-pop-up\/expositors-roll-up-fixos\/\",\"name\":\"Fabricants d'expositors publicitaris roll up fixos\",\"isPartOf\":{\"@id\":\"https:\/\/www.euroretol.com\/ca\/#website\"},\"primaryImageOfPage\":{\"@id\":\"https:\/\/www.euroretol.com\/ca\/retols-publicitat\/expositors-pop-up\/expositors-roll-up-fixos\/#primaryimage\"},\"image\":{\"@id\":\"https:\/\/www.euroretol.com\/ca\/retols-publicitat\/expositors-pop-up\/expositors-roll-up-fixos\/#primaryimage\"},\"thumbnailUrl\":\"https:\/\/www.euroretol.com\/wp-content\/uploads\/2023\/07\/roll-up-fijos.jpg\",\"datePublished\":\"2023-07-31T09:39:07+00:00\",\"dateModified\":\"2023-08-07T07:53:53+00:00\",\"description\":\"Empresa d'impressi\u00f3 i fabricaci\u00f3 d'expositors publicitaris tipus roll up fixos per a restaurants, terrasses, comer\u00e7os o esdeveniments\",\"breadcrumb\":{\"@id\":\"https:\/\/www.euroretol.com\/ca\/retols-publicitat\/expositors-pop-up\/expositors-roll-up-fixos\/#breadcrumb\"},\"inLanguage\":\"ca\",\"potentialAction\":[{\"@type\":\"ReadAction\",\"target\":[\"https:\/\/www.euroretol.com\/ca\/retols-publicitat\/expositors-pop-up\/expositors-roll-up-fixos\/\"]}]},{\"@type\":\"ImageObject\",\"inLanguage\":\"ca\",\"@id\":\"https:\/\/www.euroretol.com\/ca\/retols-publicitat\/expositors-pop-up\/expositors-roll-up-fixos\/#primaryimage\",\"url\":\"https:\/\/www.euroretol.com\/wp-content\/uploads\/2023\/07\/roll-up-fijos.jpg\",\"contentUrl\":\"https:\/\/www.euroretol.com\/wp-content\/uploads\/2023\/07\/roll-up-fijos.jpg\"},{\"@type\":\"BreadcrumbList\",\"@id\":\"https:\/\/www.euroretol.com\/ca\/retols-publicitat\/expositors-pop-up\/expositors-roll-up-fixos\/#breadcrumb\",\"itemListElement\":[{\"@type\":\"ListItem\",\"position\":1,\"name\":\"Productes\",\"item\":\"https:\/\/www.euroretol.com\/ca\/retols-publicitat\/\"},{\"@type\":\"ListItem\",\"position\":2,\"name\":\"Expositors pop up\",\"item\":\"https:\/\/www.euroretol.com\/ca\/retols-publicitat\/expositors-pop-up\/\"},{\"@type\":\"ListItem\",\"position\":3,\"name\":\"Expositors roll up fixos\"}]},{\"@type\":\"WebSite\",\"@id\":\"https:\/\/www.euroretol.com\/ca\/#website\",\"url\":\"https:\/\/www.euroretol.com\/ca\/\",\"name\":\"Euroretol - R\u00e8tols, publicitat i impressi\u00f3 digital\",\"description\":\"Serveis de rotulaci\u00f3\",\"publisher\":{\"@id\":\"https:\/\/www.euroretol.com\/ca\/#organization\"},\"potentialAction\":[{\"@type\":\"SearchAction\",\"target\":{\"@type\":\"EntryPoint\",\"urlTemplate\":\"https:\/\/www.euroretol.com\/ca\/?s={search_term_string}\"},\"query-input\":{\"@type\":\"PropertyValueSpecification\",\"valueRequired\":true,\"valueName\":\"search_term_string\"}}],\"inLanguage\":\"ca\"},{\"@type\":\"Organization\",\"@id\":\"https:\/\/www.euroretol.com\/ca\/#organization\",\"name\":\"Euroretol - R\u00e8tols, publicitat i impressi\u00f3 digital\",\"url\":\"https:\/\/www.euroretol.com\/ca\/\",\"logo\":{\"@type\":\"ImageObject\",\"inLanguage\":\"ca\",\"@id\":\"https:\/\/www.euroretol.com\/ca\/#\/schema\/logo\/image\/\",\"url\":\"https:\/\/www.euroretol.com\/wp-content\/uploads\/2024\/02\/euroretol-420x120-2.png\",\"contentUrl\":\"https:\/\/www.euroretol.com\/wp-content\/uploads\/2024\/02\/euroretol-420x120-2.png\",\"width\":420,\"height\":120,\"caption\":\"Euroretol - R\u00e8tols, publicitat i impressi\u00f3 digital\"},\"image\":{\"@id\":\"https:\/\/www.euroretol.com\/ca\/#\/schema\/logo\/image\/\"}}]}<\/script>\n<!-- \/ Yoast SEO plugin. -->","yoast_head_json":{"title":"Fabricants d'expositors publicitaris roll up fixos","description":"Empresa d'impressi\u00f3 i fabricaci\u00f3 d'expositors publicitaris tipus roll up fixos per a restaurants, terrasses, comer\u00e7os o esdeveniments","robots":{"index":"index","follow":"follow","max-snippet":"max-snippet:-1","max-image-preview":"max-image-preview:large","max-video-preview":"max-video-preview:-1"},"canonical":"https:\/\/www.euroretol.com\/ca\/retols-publicitat\/expositors-pop-up\/expositors-roll-up-fixos\/","og_locale":"ca_ES","og_type":"article","og_title":"Fabricants d'expositors publicitaris roll up fixos","og_description":"Empresa d'impressi\u00f3 i fabricaci\u00f3 d'expositors publicitaris tipus roll up fixos per a restaurants, terrasses, comer\u00e7os o esdeveniments","og_url":"https:\/\/www.euroretol.com\/ca\/retols-publicitat\/expositors-pop-up\/expositors-roll-up-fixos\/","og_site_name":"Euroretol - R\u00e8tols, publicitat i impressi\u00f3 digital","article_modified_time":"2023-08-07T07:53:53+00:00","og_image":[{"url":"https:\/\/www.euroretol.com\/wp-content\/uploads\/2023\/07\/roll-up-fijos.jpg","type":"","width":"","height":""}],"twitter_misc":{"Temps estimat de lectura":"2 minuts"},"schema":{"@context":"https:\/\/schema.org","@graph":[{"@type":"WebPage","@id":"https:\/\/www.euroretol.com\/ca\/retols-publicitat\/expositors-pop-up\/expositors-roll-up-fixos\/","url":"https:\/\/www.euroretol.com\/ca\/retols-publicitat\/expositors-pop-up\/expositors-roll-up-fixos\/","name":"Fabricants d'expositors publicitaris roll up fixos","isPartOf":{"@id":"https:\/\/www.euroretol.com\/ca\/#website"},"primaryImageOfPage":{"@id":"https:\/\/www.euroretol.com\/ca\/retols-publicitat\/expositors-pop-up\/expositors-roll-up-fixos\/#primaryimage"},"image":{"@id":"https:\/\/www.euroretol.com\/ca\/retols-publicitat\/expositors-pop-up\/expositors-roll-up-fixos\/#primaryimage"},"thumbnailUrl":"https:\/\/www.euroretol.com\/wp-content\/uploads\/2023\/07\/roll-up-fijos.jpg","datePublished":"2023-07-31T09:39:07+00:00","dateModified":"2023-08-07T07:53:53+00:00","description":"Empresa d'impressi\u00f3 i fabricaci\u00f3 d'expositors publicitaris tipus roll up fixos per a restaurants, terrasses, comer\u00e7os o esdeveniments","breadcrumb":{"@id":"https:\/\/www.euroretol.com\/ca\/retols-publicitat\/expositors-pop-up\/expositors-roll-up-fixos\/#breadcrumb"},"inLanguage":"ca","potentialAction":[{"@type":"ReadAction","target":["https:\/\/www.euroretol.com\/ca\/retols-publicitat\/expositors-pop-up\/expositors-roll-up-fixos\/"]}]},{"@type":"ImageObject","inLanguage":"ca","@id":"https:\/\/www.euroretol.com\/ca\/retols-publicitat\/expositors-pop-up\/expositors-roll-up-fixos\/#primaryimage","url":"https:\/\/www.euroretol.com\/wp-content\/uploads\/2023\/07\/roll-up-fijos.jpg","contentUrl":"https:\/\/www.euroretol.com\/wp-content\/uploads\/2023\/07\/roll-up-fijos.jpg"},{"@type":"BreadcrumbList","@id":"https:\/\/www.euroretol.com\/ca\/retols-publicitat\/expositors-pop-up\/expositors-roll-up-fixos\/#breadcrumb","itemListElement":[{"@type":"ListItem","position":1,"name":"Productes","item":"https:\/\/www.euroretol.com\/ca\/retols-publicitat\/"},{"@type":"ListItem","position":2,"name":"Expositors pop up","item":"https:\/\/www.euroretol.com\/ca\/retols-publicitat\/expositors-pop-up\/"},{"@type":"ListItem","position":3,"name":"Expositors roll up fixos"}]},{"@type":"WebSite","@id":"https:\/\/www.euroretol.com\/ca\/#website","url":"https:\/\/www.euroretol.com\/ca\/","name":"Euroretol - R\u00e8tols, publicitat i impressi\u00f3 digital","description":"Serveis de rotulaci\u00f3","publisher":{"@id":"https:\/\/www.euroretol.com\/ca\/#organization"},"potentialAction":[{"@type":"SearchAction","target":{"@type":"EntryPoint","urlTemplate":"https:\/\/www.euroretol.com\/ca\/?s={search_term_string}"},"query-input":{"@type":"PropertyValueSpecification","valueRequired":true,"valueName":"search_term_string"}}],"inLanguage":"ca"},{"@type":"Organization","@id":"https:\/\/www.euroretol.com\/ca\/#organization","name":"Euroretol - R\u00e8tols, publicitat i impressi\u00f3 digital","url":"https:\/\/www.euroretol.com\/ca\/","logo":{"@type":"ImageObject","inLanguage":"ca","@id":"https:\/\/www.euroretol.com\/ca\/#\/schema\/logo\/image\/","url":"https:\/\/www.euroretol.com\/wp-content\/uploads\/2024\/02\/euroretol-420x120-2.png","contentUrl":"https:\/\/www.euroretol.com\/wp-content\/uploads\/2024\/02\/euroretol-420x120-2.png","width":420,"height":120,"caption":"Euroretol - R\u00e8tols, publicitat i impressi\u00f3 digital"},"image":{"@id":"https:\/\/www.euroretol.com\/ca\/#\/schema\/logo\/image\/"}}]}},"_links":{"self":[{"href":"https:\/\/www.euroretol.com\/ca\/wp-json\/wp\/v2\/pages\/1865","targetHints":{"allow":["GET"]}}],"collection":[{"href":"https:\/\/www.euroretol.com\/ca\/wp-json\/wp\/v2\/pages"}],"about":[{"href":"https:\/\/www.euroretol.com\/ca\/wp-json\/wp\/v2\/types\/page"}],"author":[{"embeddable":true,"href":"https:\/\/www.euroretol.com\/ca\/wp-json\/wp\/v2\/users\/1"}],"replies":[{"embeddable":true,"href":"https:\/\/www.euroretol.com\/ca\/wp-json\/wp\/v2\/comments?post=1865"}],"version-history":[{"count":0,"href":"https:\/\/www.euroretol.com\/ca\/wp-json\/wp\/v2\/pages\/1865\/revisions"}],"up":[{"embeddable":true,"href":"https:\/\/www.euroretol.com\/ca\/wp-json\/wp\/v2\/pages\/1863"}],"wp:attachment":[{"href":"https:\/\/www.euroretol.com\/ca\/wp-json\/wp\/v2\/media?parent=1865"}],"curies":[{"name":"wp","href":"https:\/\/api.w.org\/{rel}","templated":true}]}}