{"id":1876,"date":"2019-01-03T16:45:54","date_gmt":"2019-01-03T16:45:54","guid":{"rendered":"https:\/\/www.euroretol.com\/politica-de-privacidad\/"},"modified":"2019-01-03T16:45:54","modified_gmt":"2019-01-03T16:45:54","slug":"politica-de-privacidad","status":"publish","type":"page","link":"https:\/\/www.euroretol.com\/ca\/politica-de-privacidad\/","title":{"rendered":"Pol\u00edtica de privacidad"},"content":{"rendered":"<div style=\"text-align: justify;\">\n<h1 style=\"color: #1A1A1A!important\">Pol\u00edtica de privacidad<\/h1>\n<h2>AVISO LEGAL Y CONDICIONES DE USO<\/h2>\n<h3>INFORMACI\u00d3N GENERAL<\/h3>\n<p>Dado cumplimiento de la obligaci\u00f3n impuesta por el art\u00edculo 10 de la Ley 34\/2002 Servicios de la Sociedad de la Informaci\u00f3n y de Comercio Electr\u00f3nico, le informamos que el titular de esta p\u00e1gina web <a href=\"https:\/\/www.euroretol.com\">www.euroretol.com<\/a> es EURO RETOLS SL. con CIF B61996724 y Domicilio Social: C\/ Sant Ferran, 24 Nave, 17 &#8211; 08940 Cornell\u00e0 de Llobregat (Barcelona). Contando con la siguiente direcci\u00f3n de correo electr\u00f3nico para contactar con EURO RETOLS SL: <a href=\"mailto:euroretol@euroretol.com\">euroretol@euroretol.com<\/a> <\/p>\n<h2>PRIVACIDAD DE DATOS PERSONALES<\/h2>\n<p>EURO RETOLS SL le informa de los tratamientos de datos de car\u00e1cter personal que realiza, como responsable, por medio del sitio web <a href=\"https:\/\/www.euroretol.com\">www.euroretol.com<\/a>, entendiendo por datos de car\u00e1cter personal a cualquier informaci\u00f3n num\u00e9rica, alfab\u00e9tica, gr\u00e1fica, fotogr\u00e1fica, ac\u00fastica o de cualquier otro tipo concerniente a personas f\u00edsicas identificadas o identificables y por tratamiento de datos personales las operaciones y procedimientos t\u00e9cnicos de car\u00e1cter automatizado o no, que permitan la recogida, grabaci\u00f3n, conservaci\u00f3n, elaboraci\u00f3n, modificaci\u00f3n, bloqueo y cancelaci\u00f3n, as\u00ed como las cesiones de datos que resulten de comunicaciones, consultas, interconexiones y transferencias.<\/p>\n<h3>Recogida de datos de car\u00e1cter personal<\/h3>\n<p>EURO RETOLS SL les informa que la recogida de datos de car\u00e1cter personal de las personas que acceden y usan la p\u00e1gina web, ya sean los recabados mediante formulario o por env\u00edo de los datos a la direcci\u00f3n electr\u00f3nica de EURO RETOLS SL, son totalmente voluntarios, pues para navegar por la p\u00e1gina no se obliga al usuario a dejar sus datos. Los datos de car\u00e1cter personal que pueda facilitar a EURO RETOLS SL por medio del correo electr\u00f3nico o la cumplimentaci\u00f3n de formularios ser\u00e1n tratados por EURO RETOLS SL con la m\u00e1xima confidencialidad, en calidad de responsable de los ficheros. Si el usuario no desea que EURO RETOLS SL someta a tratamiento sus datos personales, deber\u00e1 abstenerse de remitir correos electr\u00f3nicos y cumplimentar los formularios existentes en el sitio web. En cualquier caso EURO RETOLS SL le informar\u00e1 de las condiciones en que se recogen datos personales y las finalidades con las que van a ser utilizados, de la obligaci\u00f3n de facilitarlos o no, de los derechos que asisten al usuario, de las condiciones en que se pueden ejercitar, y de cualquier otra informaci\u00f3n complementaria que resulte necesaria. Si la persona que facilita sus datos de car\u00e1cter personal es incapaz o menor de edad, se le advierte que debe contar con el consentimiento de su representante legal o tutor para comunicar sus datos y consentir los tratamientos de datos, debiendo abstenerse de facilitar sus datos si no cuenta con el consentimiento de su representante legal o tutor, no siendo en su caso EURO RETOLS SL responsable de las actuaciones del incapaz o menor. <\/p>\n<h3>Finalidades de los tratamientos<\/h3>\n<p>Respecto a las finalidades de los tratamientos de datos de car\u00e1cter personal recogidos por medio de los correos electr\u00f3nicos y los formularios, ser\u00e1n informadas en los formularios de recogida y la indicaci\u00f3n de las cuentas de correo electr\u00f3nico donde dirigir los e-mails, que en su caso ser\u00e1n atender las peticiones y consultas realizadas, remitirles informaci\u00f3n y documentaci\u00f3n solicitada y poder contactar con el usuario para cualquier otro tratamiento que de sus datos tenga que realizarse. Los datos se incluir\u00e1n en los ficheros de contactos de EURO RETOLS SL, manteni\u00e9ndose un hist\u00f3rico de las relaciones y comunicaciones realizadas. Al facilitar sus datos de car\u00e1cter personal tanto por correo electr\u00f3nico como por la cumplimentaci\u00f3n de los formularios, el usuario consiente el tratamiento de sus datos para los fines que se le indican. EURO RETOLS SL no realizar\u00e1 tratamientos no autorizados, con los datos personales que identifiquen a los usuarios, sin la previa autorizaci\u00f3n de \u00e9stos.<\/p>\n<h3>Derechos de los usuarios<\/h3>\n<p>EURO RETOLS SL, informa a los usuarios de los derechos que le asisten como titulares de los datos de car\u00e1cter personal que pueden facilitar por medio del correo electr\u00f3nico o la cumplimentaci\u00f3n de los formularios. El usuario podr\u00e1 en todo momento conocer qu\u00e9 datos han sido recabados y tratados por EURO RETOLS SL sobre su persona; rectificar la informaci\u00f3n que resulte inexacta; cancelar dichos datos u oponerse a su tratamiento, limitado este \u00faltimo derecho a los casos en que no sea necesario su consentimiento para el tratamiento de sus datos, siempre que una ley no disponga lo contrario. El usuario podr\u00e1 acceder, modificar o cancelar sus datos comunic\u00e1ndolo a EURO RETOLS SL cualquier momento, si bien el ejercicio formal de estos derechos por parte del usuario al amparo de la Ley Org\u00e1nica 15\/1999 de protecci\u00f3n de datos de car\u00e1cter personal deber\u00e1 realizarse por alg\u00fan medio que demuestre la identidad de la persona, como una comunicaci\u00f3n escrita, junto con la fotocopia del Documento Nacional de Identidad u otro medio v\u00e1lido en derecho que acredite la identidad del usuario, a la siguiente direcci\u00f3n: C\/ Sant Ferran, 24 Nave, 17.08940, Cornell\u00e0 de Llobregat. Barcelona, o aquella que le sustituya en el Registro General de Protecci\u00f3n de Datos; o por medio de un correo electr\u00f3nico firmado con firma electr\u00f3nica avanzada. Las comunicaciones contendr\u00e1n la siguiente informaci\u00f3n: nombre y apellidos del usuario, petici\u00f3n que solicita, domicilio a efectos de notificaci\u00f3n, fecha y firma, y en su caso, los documentos acreditativos de la petici\u00f3n que formula. Estos derechos de acceso, rectificaci\u00f3n, oposici\u00f3n y cancelaci\u00f3n son personales, pudiendo \u00fanicamente el usuario titular de los datos ejercitarlos. No obstante, cuando as\u00ed se admita, el representante legal autorizado por el usuario, podr\u00e1 ejercitar los derechos del titular de los datos, siempre que acompa\u00f1e al ejercicio del derecho el documento que acredite tal representaci\u00f3n. Seguridad y Confidencialidad EURO RETOLS SL custodia los datos de car\u00e1cter personal recabados de los usuarios, implantando las medidas de seguridad exigidas por la normativa sobre protecci\u00f3n de datos de car\u00e1cter personal, y exigiendo la confidencialidad de los datos de car\u00e1cter personal a todas las personas bajo su responsabilidad que accedan o traten los datos personales.<\/p>\n<\/div>\n","protected":false},"excerpt":{"rendered":"<p>Pol\u00edtica de privacidad AVISO LEGAL Y CONDICIONES DE USO INFORMACI\u00d3N GENERAL Dado cumplimiento de la obligaci\u00f3n impuesta por el art\u00edculo 10 de la Ley 34\/2002 Servicios de la Sociedad de la Informaci\u00f3n y de Comercio Electr\u00f3nico, le informamos que el titular de esta p\u00e1gina web www.euroretol.com es EURO RETOLS SL. con CIF B61996724 y Domicilio [&hellip;]<\/p>\n","protected":false},"author":2,"featured_media":0,"parent":0,"menu_order":0,"comment_status":"closed","ping_status":"closed","template":"","meta":{"site-sidebar-layout":"default","site-content-layout":"default","ast-site-content-layout":"","site-content-style":"default","site-sidebar-style":"default","ast-global-header-display":"","ast-banner-title-visibility":"","ast-main-header-display":"","ast-hfb-above-header-display":"","ast-hfb-below-header-display":"","ast-hfb-mobile-header-display":"","site-post-title":"disabled","ast-breadcrumbs-content":"","ast-featured-img":"","footer-sml-layout":"","theme-transparent-header-meta":"default","adv-header-id-meta":"","stick-header-meta":"","header-above-stick-meta":"","header-main-stick-meta":"","header-below-stick-meta":"","astra-migrate-meta-layouts":"default","ast-page-background-enabled":"default","ast-page-background-meta":{"desktop":{"background-color":"var(--ast-global-color-4)","background-image":"","background-repeat":"repeat","background-position":"center center","background-size":"auto","background-attachment":"scroll","background-type":"","background-media":"","overlay-type":"","overlay-color":"","overlay-opacity":"","overlay-gradient":""},"tablet":{"background-color":"","background-image":"","background-repeat":"repeat","background-position":"center center","background-size":"auto","background-attachment":"scroll","background-type":"","background-media":"","overlay-type":"","overlay-color":"","overlay-opacity":"","overlay-gradient":""},"mobile":{"background-color":"","background-image":"","background-repeat":"repeat","background-position":"center center","background-size":"auto","background-attachment":"scroll","background-type":"","background-media":"","overlay-type":"","overlay-color":"","overlay-opacity":"","overlay-gradient":""}},"ast-content-background-meta":{"desktop":{"background-color":"var(--ast-global-color-5)","background-image":"","background-repeat":"repeat","background-position":"center center","background-size":"auto","background-attachment":"scroll","background-type":"","background-media":"","overlay-type":"","overlay-color":"","overlay-opacity":"","overlay-gradient":""},"tablet":{"background-color":"var(--ast-global-color-5)","background-image":"","background-repeat":"repeat","background-position":"center center","background-size":"auto","background-attachment":"scroll","background-type":"","background-media":"","overlay-type":"","overlay-color":"","overlay-opacity":"","overlay-gradient":""},"mobile":{"background-color":"var(--ast-global-color-5)","background-image":"","background-repeat":"repeat","background-position":"center center","background-size":"auto","background-attachment":"scroll","background-type":"","background-media":"","overlay-type":"","overlay-color":"","overlay-opacity":"","overlay-gradient":""}},"footnotes":""},"class_list":["post-1876","page","type-page","status-publish","hentry"],"yoast_head":"<!-- This site is optimized with the Yoast SEO plugin v27.0 - https:\/\/yoast.com\/product\/yoast-seo-wordpress\/ -->\n<title>Pol\u00edtica de privacidad - Euroretol - R\u00e8tols, publicitat i impressi\u00f3 digital<\/title>\n<meta name=\"robots\" content=\"index, follow, max-snippet:-1, max-image-preview:large, max-video-preview:-1\" \/>\n<link rel=\"canonical\" href=\"https:\/\/www.euroretol.com\/ca\/politica-de-privacidad\/\" \/>\n<meta property=\"og:locale\" content=\"ca_ES\" \/>\n<meta property=\"og:type\" content=\"article\" \/>\n<meta property=\"og:title\" content=\"Pol\u00edtica de privacidad - Euroretol - R\u00e8tols, publicitat i impressi\u00f3 digital\" \/>\n<meta property=\"og:description\" content=\"Pol\u00edtica de privacidad AVISO LEGAL Y CONDICIONES DE USO INFORMACI\u00d3N GENERAL Dado cumplimiento de la obligaci\u00f3n impuesta por el art\u00edculo 10 de la Ley 34\/2002 Servicios de la Sociedad de la Informaci\u00f3n y de Comercio Electr\u00f3nico, le informamos que el titular de esta p\u00e1gina web www.euroretol.com es EURO RETOLS SL. con CIF B61996724 y Domicilio [&hellip;]\" \/>\n<meta property=\"og:url\" content=\"https:\/\/www.euroretol.com\/ca\/politica-de-privacidad\/\" \/>\n<meta property=\"og:site_name\" content=\"Euroretol - R\u00e8tols, publicitat i impressi\u00f3 digital\" \/>\n<meta name=\"twitter:label1\" content=\"Temps estimat de lectura\" \/>\n\t<meta name=\"twitter:data1\" content=\"5 minuts\" \/>\n<script type=\"application\/ld+json\" class=\"yoast-schema-graph\">{\"@context\":\"https:\/\/schema.org\",\"@graph\":[{\"@type\":\"WebPage\",\"@id\":\"https:\/\/www.euroretol.com\/ca\/politica-de-privacidad\/\",\"url\":\"https:\/\/www.euroretol.com\/ca\/politica-de-privacidad\/\",\"name\":\"Pol\u00edtica de privacidad - Euroretol - R\u00e8tols, publicitat i impressi\u00f3 digital\",\"isPartOf\":{\"@id\":\"https:\/\/www.euroretol.com\/ca\/#website\"},\"datePublished\":\"2019-01-03T16:45:54+00:00\",\"inLanguage\":\"ca\",\"potentialAction\":[{\"@type\":\"ReadAction\",\"target\":[\"https:\/\/www.euroretol.com\/ca\/politica-de-privacidad\/\"]}]},{\"@type\":\"WebSite\",\"@id\":\"https:\/\/www.euroretol.com\/ca\/#website\",\"url\":\"https:\/\/www.euroretol.com\/ca\/\",\"name\":\"Euroretol - R\u00e8tols, publicitat i impressi\u00f3 digital\",\"description\":\"Serveis de rotulaci\u00f3\",\"publisher\":{\"@id\":\"https:\/\/www.euroretol.com\/ca\/#organization\"},\"potentialAction\":[{\"@type\":\"SearchAction\",\"target\":{\"@type\":\"EntryPoint\",\"urlTemplate\":\"https:\/\/www.euroretol.com\/ca\/?s={search_term_string}\"},\"query-input\":{\"@type\":\"PropertyValueSpecification\",\"valueRequired\":true,\"valueName\":\"search_term_string\"}}],\"inLanguage\":\"ca\"},{\"@type\":\"Organization\",\"@id\":\"https:\/\/www.euroretol.com\/ca\/#organization\",\"name\":\"Euroretol - R\u00e8tols, publicitat i impressi\u00f3 digital\",\"url\":\"https:\/\/www.euroretol.com\/ca\/\",\"logo\":{\"@type\":\"ImageObject\",\"inLanguage\":\"ca\",\"@id\":\"https:\/\/www.euroretol.com\/ca\/#\/schema\/logo\/image\/\",\"url\":\"https:\/\/www.euroretol.com\/wp-content\/uploads\/2024\/02\/euroretol-420x120-2.png\",\"contentUrl\":\"https:\/\/www.euroretol.com\/wp-content\/uploads\/2024\/02\/euroretol-420x120-2.png\",\"width\":420,\"height\":120,\"caption\":\"Euroretol - R\u00e8tols, publicitat i impressi\u00f3 digital\"},\"image\":{\"@id\":\"https:\/\/www.euroretol.com\/ca\/#\/schema\/logo\/image\/\"}}]}<\/script>\n<!-- \/ Yoast SEO plugin. -->","yoast_head_json":{"title":"Pol\u00edtica de privacidad - Euroretol - R\u00e8tols, publicitat i impressi\u00f3 digital","robots":{"index":"index","follow":"follow","max-snippet":"max-snippet:-1","max-image-preview":"max-image-preview:large","max-video-preview":"max-video-preview:-1"},"canonical":"https:\/\/www.euroretol.com\/ca\/politica-de-privacidad\/","og_locale":"ca_ES","og_type":"article","og_title":"Pol\u00edtica de privacidad - Euroretol - R\u00e8tols, publicitat i impressi\u00f3 digital","og_description":"Pol\u00edtica de privacidad AVISO LEGAL Y CONDICIONES DE USO INFORMACI\u00d3N GENERAL Dado cumplimiento de la obligaci\u00f3n impuesta por el art\u00edculo 10 de la Ley 34\/2002 Servicios de la Sociedad de la Informaci\u00f3n y de Comercio Electr\u00f3nico, le informamos que el titular de esta p\u00e1gina web www.euroretol.com es EURO RETOLS SL. con CIF B61996724 y Domicilio [&hellip;]","og_url":"https:\/\/www.euroretol.com\/ca\/politica-de-privacidad\/","og_site_name":"Euroretol - R\u00e8tols, publicitat i impressi\u00f3 digital","twitter_misc":{"Temps estimat de lectura":"5 minuts"},"schema":{"@context":"https:\/\/schema.org","@graph":[{"@type":"WebPage","@id":"https:\/\/www.euroretol.com\/ca\/politica-de-privacidad\/","url":"https:\/\/www.euroretol.com\/ca\/politica-de-privacidad\/","name":"Pol\u00edtica de privacidad - Euroretol - R\u00e8tols, publicitat i impressi\u00f3 digital","isPartOf":{"@id":"https:\/\/www.euroretol.com\/ca\/#website"},"datePublished":"2019-01-03T16:45:54+00:00","inLanguage":"ca","potentialAction":[{"@type":"ReadAction","target":["https:\/\/www.euroretol.com\/ca\/politica-de-privacidad\/"]}]},{"@type":"WebSite","@id":"https:\/\/www.euroretol.com\/ca\/#website","url":"https:\/\/www.euroretol.com\/ca\/","name":"Euroretol - R\u00e8tols, publicitat i impressi\u00f3 digital","description":"Serveis de rotulaci\u00f3","publisher":{"@id":"https:\/\/www.euroretol.com\/ca\/#organization"},"potentialAction":[{"@type":"SearchAction","target":{"@type":"EntryPoint","urlTemplate":"https:\/\/www.euroretol.com\/ca\/?s={search_term_string}"},"query-input":{"@type":"PropertyValueSpecification","valueRequired":true,"valueName":"search_term_string"}}],"inLanguage":"ca"},{"@type":"Organization","@id":"https:\/\/www.euroretol.com\/ca\/#organization","name":"Euroretol - R\u00e8tols, publicitat i impressi\u00f3 digital","url":"https:\/\/www.euroretol.com\/ca\/","logo":{"@type":"ImageObject","inLanguage":"ca","@id":"https:\/\/www.euroretol.com\/ca\/#\/schema\/logo\/image\/","url":"https:\/\/www.euroretol.com\/wp-content\/uploads\/2024\/02\/euroretol-420x120-2.png","contentUrl":"https:\/\/www.euroretol.com\/wp-content\/uploads\/2024\/02\/euroretol-420x120-2.png","width":420,"height":120,"caption":"Euroretol - R\u00e8tols, publicitat i impressi\u00f3 digital"},"image":{"@id":"https:\/\/www.euroretol.com\/ca\/#\/schema\/logo\/image\/"}}]}},"_links":{"self":[{"href":"https:\/\/www.euroretol.com\/ca\/wp-json\/wp\/v2\/pages\/1876","targetHints":{"allow":["GET"]}}],"collection":[{"href":"https:\/\/www.euroretol.com\/ca\/wp-json\/wp\/v2\/pages"}],"about":[{"href":"https:\/\/www.euroretol.com\/ca\/wp-json\/wp\/v2\/types\/page"}],"author":[{"embeddable":true,"href":"https:\/\/www.euroretol.com\/ca\/wp-json\/wp\/v2\/users\/2"}],"replies":[{"embeddable":true,"href":"https:\/\/www.euroretol.com\/ca\/wp-json\/wp\/v2\/comments?post=1876"}],"version-history":[{"count":0,"href":"https:\/\/www.euroretol.com\/ca\/wp-json\/wp\/v2\/pages\/1876\/revisions"}],"wp:attachment":[{"href":"https:\/\/www.euroretol.com\/ca\/wp-json\/wp\/v2\/media?parent=1876"}],"curies":[{"name":"wp","href":"https:\/\/api.w.org\/{rel}","templated":true}]}}