{"id":2130,"date":"2025-05-14T07:39:56","date_gmt":"2025-05-14T07:39:56","guid":{"rendered":"https:\/\/www.euroretol.com\/?page_id=2130"},"modified":"2025-05-14T08:18:50","modified_gmt":"2025-05-14T08:18:50","slug":"impressio-samarretes-personalitzades","status":"publish","type":"page","link":"https:\/\/www.euroretol.com\/ca\/impressio-samarretes-personalitzades\/","title":{"rendered":"Impressi\u00f3 de samarretes personalitzades"},"content":{"rendered":"<div class=\"img-cabecera-camisetas full-width\"><img decoding=\"async\" src=\"https:\/\/www.euroretol.com\/wp-content\/uploads\/2025\/05\/impresion-camisetas-personalizadas.jpg\" title=\"Impressi\u00f3 de samarretes personalitzades\" alt=\"Impressi\u00f3 de samarretes personalitzades\"><\/div>\n<h1 class=\"titulo-con-cabecera\">Impressi\u00f3 de samarretes personalitzades<\/h1>\n<h2>El teu disseny favorit impr\u00e8s a la samarreta<\/h2>\n<div class=\"estrecho\">\n<p>La nostra <strong>impressi\u00f3 de samarretes personalitzades<\/strong> per a publicitat, esdeveniments o regals, estan disponibles amb diferents longituds de m\u00e0niga de la <strong>samarreta personalitzada<\/strong>, talles i tipus de coll. Busques la samarreta que busquis, la tenim i li fem la <strong>gravaci\u00f3 que vulguis completament personalitzada<\/strong>.<\/p>\n<p>Realitzem impressi\u00f3 de <strong>samarretes en DTF<\/strong>, <strong>impressi\u00f3 de samarretes en vinil<\/strong>, <strong>impressi\u00f3 personalitzada de sudaderes<\/strong>, <strong>impressi\u00f3 de roba laboral<\/strong> per a publicitat i vestimenta de treballadors de la teva empresa, <strong>samarretes personalitzades per a esdeveniments<\/strong> o <strong>regalar samarretes o sudaderes personalitzades<\/strong> per a un dia especial.<\/p>\n<\/div>\n<p class=\"boton-presupuesto\"><a href=\"https:\/\/www.euroretol.com\/ca\/empresa-retolacio\/\" title=\"Sol\u00b7licitar pressupost de samarretes personalitzades\">Sol\u00b7licitar pressupost<\/a><\/p>\n<div class=\"galerias\"><div class=\"rl-gallery-container rl-loading\" id=\"rl-gallery-container-1\" data-gallery_id=\"2135\"> <div class=\"rl-gallery rl-basicgrid-gallery \" id=\"rl-gallery-1\" data-gallery_no=\"1\"> <div class=\"rl-gallery-item\"><a href=\"https:\/\/www.euroretol.com\/wp-content\/uploads\/2025\/05\/impresion-camisetas-personalizadas_04.jpg\" title=\"\" data-rl_title=\"\" class=\"rl-gallery-link\" data-rl_caption=\"\" data-rel=\"lightbox-gallery-1\"><img fetchpriority=\"high\" decoding=\"async\" src=\"https:\/\/www.euroretol.com\/wp-content\/uploads\/2025\/05\/impresion-camisetas-personalizadas_04-240x300.jpg\" width=\"240\" height=\"300\" alt=\"Impresi\u00f3n de camisetas personalizadas\"\/><\/a><\/div><div class=\"rl-gallery-item\"><a href=\"https:\/\/www.euroretol.com\/wp-content\/uploads\/2025\/05\/impresion-camisetas-personalizadas_03.jpg\" title=\"\" data-rl_title=\"\" class=\"rl-gallery-link\" data-rl_caption=\"\" data-rel=\"lightbox-gallery-1\"><img decoding=\"async\" src=\"https:\/\/www.euroretol.com\/wp-content\/uploads\/2025\/05\/impresion-camisetas-personalizadas_03-199x300.jpg\" width=\"199\" height=\"300\" alt=\"Impresi\u00f3n de camisetas personalizadas\"\/><\/a><\/div><div class=\"rl-gallery-item\"><a href=\"https:\/\/www.euroretol.com\/wp-content\/uploads\/2025\/05\/impresion-camisetas-personalizadas_02-scaled.jpg\" title=\"\" data-rl_title=\"\" class=\"rl-gallery-link\" data-rl_caption=\"\" data-rel=\"lightbox-gallery-1\"><img decoding=\"async\" src=\"https:\/\/www.euroretol.com\/wp-content\/uploads\/2025\/05\/impresion-camisetas-personalizadas_02-199x300.jpg\" width=\"199\" height=\"300\" alt=\"Impresi\u00f3n de camisetas personalizadas\"\/><\/a><\/div><div class=\"rl-gallery-item\"><a href=\"https:\/\/www.euroretol.com\/wp-content\/uploads\/2025\/05\/impresion-camisetas-personalizadas_01.jpg\" title=\"\" data-rl_title=\"\" class=\"rl-gallery-link\" data-rl_caption=\"\" data-rel=\"lightbox-gallery-1\"><img loading=\"lazy\" decoding=\"async\" src=\"https:\/\/www.euroretol.com\/wp-content\/uploads\/2025\/05\/impresion-camisetas-personalizadas_01-200x300.jpg\" width=\"200\" height=\"300\" alt=\"Impresi\u00f3n de camisetas personalizadas\"\/><\/a><\/div> <\/div> <\/div><\/div>\n","protected":false},"excerpt":{"rendered":"<p>Impressi\u00f3 de samarretes personalitzades El teu disseny favorit impr\u00e8s a la samarreta La nostra impressi\u00f3 de samarretes personalitzades per a publicitat, esdeveniments o regals, estan disponibles amb diferents longituds de m\u00e0niga de la samarreta personalitzada, talles i tipus de coll. Busques la samarreta que busquis, la tenim i li fem la gravaci\u00f3 que vulguis completament [&hellip;]<\/p>\n","protected":false},"author":1,"featured_media":0,"parent":0,"menu_order":0,"comment_status":"closed","ping_status":"closed","template":"","meta":{"site-sidebar-layout":"default","site-content-layout":"","ast-site-content-layout":"default","site-content-style":"default","site-sidebar-style":"default","ast-global-header-display":"","ast-banner-title-visibility":"","ast-main-header-display":"","ast-hfb-above-header-display":"","ast-hfb-below-header-display":"","ast-hfb-mobile-header-display":"","site-post-title":"disabled","ast-breadcrumbs-content":"","ast-featured-img":"","footer-sml-layout":"","theme-transparent-header-meta":"default","adv-header-id-meta":"","stick-header-meta":"","header-above-stick-meta":"","header-main-stick-meta":"","header-below-stick-meta":"","astra-migrate-meta-layouts":"set","ast-page-background-enabled":"default","ast-page-background-meta":{"desktop":{"background-color":"var(--ast-global-color-4)","background-image":"","background-repeat":"repeat","background-position":"center center","background-size":"auto","background-attachment":"scroll","background-type":"","background-media":"","overlay-type":"","overlay-color":"","overlay-opacity":"","overlay-gradient":""},"tablet":{"background-color":"","background-image":"","background-repeat":"repeat","background-position":"center center","background-size":"auto","background-attachment":"scroll","background-type":"","background-media":"","overlay-type":"","overlay-color":"","overlay-opacity":"","overlay-gradient":""},"mobile":{"background-color":"","background-image":"","background-repeat":"repeat","background-position":"center center","background-size":"auto","background-attachment":"scroll","background-type":"","background-media":"","overlay-type":"","overlay-color":"","overlay-opacity":"","overlay-gradient":""}},"ast-content-background-meta":{"desktop":{"background-color":"var(--ast-global-color-5)","background-image":"","background-repeat":"repeat","background-position":"center center","background-size":"auto","background-attachment":"scroll","background-type":"","background-media":"","overlay-type":"","overlay-color":"","overlay-opacity":"","overlay-gradient":""},"tablet":{"background-color":"var(--ast-global-color-5)","background-image":"","background-repeat":"repeat","background-position":"center center","background-size":"auto","background-attachment":"scroll","background-type":"","background-media":"","overlay-type":"","overlay-color":"","overlay-opacity":"","overlay-gradient":""},"mobile":{"background-color":"var(--ast-global-color-5)","background-image":"","background-repeat":"repeat","background-position":"center center","background-size":"auto","background-attachment":"scroll","background-type":"","background-media":"","overlay-type":"","overlay-color":"","overlay-opacity":"","overlay-gradient":""}},"footnotes":""},"class_list":["post-2130","page","type-page","status-publish","hentry"],"yoast_head":"<!-- This site is optimized with the Yoast SEO plugin v27.0 - https:\/\/yoast.com\/product\/yoast-seo-wordpress\/ -->\n<title>Impressi\u00f3 personalitzada de samarretes<\/title>\n<meta name=\"description\" content=\"Realitzem la impressi\u00f3 personalitzada per a la teva samarreta, per a regals, dies especials, esdeveniments o publicitat de la teva empresa a samarretes\" \/>\n<meta name=\"robots\" content=\"index, follow, max-snippet:-1, max-image-preview:large, max-video-preview:-1\" \/>\n<link rel=\"canonical\" href=\"https:\/\/www.euroretol.com\/ca\/impressio-samarretes-personalitzades\/\" \/>\n<meta property=\"og:locale\" content=\"ca_ES\" \/>\n<meta property=\"og:type\" content=\"article\" \/>\n<meta property=\"og:title\" content=\"Impressi\u00f3 personalitzada de samarretes\" \/>\n<meta property=\"og:description\" content=\"Realitzem la impressi\u00f3 personalitzada per a la teva samarreta, per a regals, dies especials, esdeveniments o publicitat de la teva empresa a samarretes\" \/>\n<meta property=\"og:url\" content=\"https:\/\/www.euroretol.com\/ca\/impressio-samarretes-personalitzades\/\" \/>\n<meta property=\"og:site_name\" content=\"Euroretol - R\u00e8tols, publicitat i impressi\u00f3 digital\" \/>\n<meta property=\"article:modified_time\" content=\"2025-05-14T08:18:50+00:00\" \/>\n<meta property=\"og:image\" content=\"https:\/\/www.euroretol.com\/wp-content\/uploads\/2025\/05\/impresion-camisetas-personalizadas.jpg\" \/>\n<meta name=\"twitter:label1\" content=\"Temps estimat de lectura\" \/>\n\t<meta name=\"twitter:data1\" content=\"1 minut\" \/>\n<script type=\"application\/ld+json\" class=\"yoast-schema-graph\">{\"@context\":\"https:\/\/schema.org\",\"@graph\":[{\"@type\":\"WebPage\",\"@id\":\"https:\/\/www.euroretol.com\/ca\/impressio-samarretes-personalitzades\/\",\"url\":\"https:\/\/www.euroretol.com\/ca\/impressio-samarretes-personalitzades\/\",\"name\":\"Impressi\u00f3 personalitzada de samarretes\",\"isPartOf\":{\"@id\":\"https:\/\/www.euroretol.com\/ca\/#website\"},\"primaryImageOfPage\":{\"@id\":\"https:\/\/www.euroretol.com\/ca\/impressio-samarretes-personalitzades\/#primaryimage\"},\"image\":{\"@id\":\"https:\/\/www.euroretol.com\/ca\/impressio-samarretes-personalitzades\/#primaryimage\"},\"thumbnailUrl\":\"https:\/\/www.euroretol.com\/wp-content\/uploads\/2025\/05\/impresion-camisetas-personalizadas.jpg\",\"datePublished\":\"2025-05-14T07:39:56+00:00\",\"dateModified\":\"2025-05-14T08:18:50+00:00\",\"description\":\"Realitzem la impressi\u00f3 personalitzada per a la teva samarreta, per a regals, dies especials, esdeveniments o publicitat de la teva empresa a samarretes\",\"inLanguage\":\"ca\",\"potentialAction\":[{\"@type\":\"ReadAction\",\"target\":[\"https:\/\/www.euroretol.com\/ca\/impressio-samarretes-personalitzades\/\"]}]},{\"@type\":\"ImageObject\",\"inLanguage\":\"ca\",\"@id\":\"https:\/\/www.euroretol.com\/ca\/impressio-samarretes-personalitzades\/#primaryimage\",\"url\":\"https:\/\/www.euroretol.com\/wp-content\/uploads\/2025\/05\/impresion-camisetas-personalizadas.jpg\",\"contentUrl\":\"https:\/\/www.euroretol.com\/wp-content\/uploads\/2025\/05\/impresion-camisetas-personalizadas.jpg\"},{\"@type\":\"WebSite\",\"@id\":\"https:\/\/www.euroretol.com\/ca\/#website\",\"url\":\"https:\/\/www.euroretol.com\/ca\/\",\"name\":\"Euroretol - R\u00e8tols, publicitat i impressi\u00f3 digital\",\"description\":\"Serveis de rotulaci\u00f3\",\"publisher\":{\"@id\":\"https:\/\/www.euroretol.com\/ca\/#organization\"},\"potentialAction\":[{\"@type\":\"SearchAction\",\"target\":{\"@type\":\"EntryPoint\",\"urlTemplate\":\"https:\/\/www.euroretol.com\/ca\/?s={search_term_string}\"},\"query-input\":{\"@type\":\"PropertyValueSpecification\",\"valueRequired\":true,\"valueName\":\"search_term_string\"}}],\"inLanguage\":\"ca\"},{\"@type\":\"Organization\",\"@id\":\"https:\/\/www.euroretol.com\/ca\/#organization\",\"name\":\"Euroretol - R\u00e8tols, publicitat i impressi\u00f3 digital\",\"url\":\"https:\/\/www.euroretol.com\/ca\/\",\"logo\":{\"@type\":\"ImageObject\",\"inLanguage\":\"ca\",\"@id\":\"https:\/\/www.euroretol.com\/ca\/#\/schema\/logo\/image\/\",\"url\":\"https:\/\/www.euroretol.com\/wp-content\/uploads\/2024\/02\/euroretol-420x120-2.png\",\"contentUrl\":\"https:\/\/www.euroretol.com\/wp-content\/uploads\/2024\/02\/euroretol-420x120-2.png\",\"width\":420,\"height\":120,\"caption\":\"Euroretol - R\u00e8tols, publicitat i impressi\u00f3 digital\"},\"image\":{\"@id\":\"https:\/\/www.euroretol.com\/ca\/#\/schema\/logo\/image\/\"}}]}<\/script>\n<!-- \/ Yoast SEO plugin. -->","yoast_head_json":{"title":"Impressi\u00f3 personalitzada de samarretes","description":"Realitzem la impressi\u00f3 personalitzada per a la teva samarreta, per a regals, dies especials, esdeveniments o publicitat de la teva empresa a samarretes","robots":{"index":"index","follow":"follow","max-snippet":"max-snippet:-1","max-image-preview":"max-image-preview:large","max-video-preview":"max-video-preview:-1"},"canonical":"https:\/\/www.euroretol.com\/ca\/impressio-samarretes-personalitzades\/","og_locale":"ca_ES","og_type":"article","og_title":"Impressi\u00f3 personalitzada de samarretes","og_description":"Realitzem la impressi\u00f3 personalitzada per a la teva samarreta, per a regals, dies especials, esdeveniments o publicitat de la teva empresa a samarretes","og_url":"https:\/\/www.euroretol.com\/ca\/impressio-samarretes-personalitzades\/","og_site_name":"Euroretol - R\u00e8tols, publicitat i impressi\u00f3 digital","article_modified_time":"2025-05-14T08:18:50+00:00","og_image":[{"url":"https:\/\/www.euroretol.com\/wp-content\/uploads\/2025\/05\/impresion-camisetas-personalizadas.jpg","type":"","width":"","height":""}],"twitter_misc":{"Temps estimat de lectura":"1 minut"},"schema":{"@context":"https:\/\/schema.org","@graph":[{"@type":"WebPage","@id":"https:\/\/www.euroretol.com\/ca\/impressio-samarretes-personalitzades\/","url":"https:\/\/www.euroretol.com\/ca\/impressio-samarretes-personalitzades\/","name":"Impressi\u00f3 personalitzada de samarretes","isPartOf":{"@id":"https:\/\/www.euroretol.com\/ca\/#website"},"primaryImageOfPage":{"@id":"https:\/\/www.euroretol.com\/ca\/impressio-samarretes-personalitzades\/#primaryimage"},"image":{"@id":"https:\/\/www.euroretol.com\/ca\/impressio-samarretes-personalitzades\/#primaryimage"},"thumbnailUrl":"https:\/\/www.euroretol.com\/wp-content\/uploads\/2025\/05\/impresion-camisetas-personalizadas.jpg","datePublished":"2025-05-14T07:39:56+00:00","dateModified":"2025-05-14T08:18:50+00:00","description":"Realitzem la impressi\u00f3 personalitzada per a la teva samarreta, per a regals, dies especials, esdeveniments o publicitat de la teva empresa a samarretes","inLanguage":"ca","potentialAction":[{"@type":"ReadAction","target":["https:\/\/www.euroretol.com\/ca\/impressio-samarretes-personalitzades\/"]}]},{"@type":"ImageObject","inLanguage":"ca","@id":"https:\/\/www.euroretol.com\/ca\/impressio-samarretes-personalitzades\/#primaryimage","url":"https:\/\/www.euroretol.com\/wp-content\/uploads\/2025\/05\/impresion-camisetas-personalizadas.jpg","contentUrl":"https:\/\/www.euroretol.com\/wp-content\/uploads\/2025\/05\/impresion-camisetas-personalizadas.jpg"},{"@type":"WebSite","@id":"https:\/\/www.euroretol.com\/ca\/#website","url":"https:\/\/www.euroretol.com\/ca\/","name":"Euroretol - R\u00e8tols, publicitat i impressi\u00f3 digital","description":"Serveis de rotulaci\u00f3","publisher":{"@id":"https:\/\/www.euroretol.com\/ca\/#organization"},"potentialAction":[{"@type":"SearchAction","target":{"@type":"EntryPoint","urlTemplate":"https:\/\/www.euroretol.com\/ca\/?s={search_term_string}"},"query-input":{"@type":"PropertyValueSpecification","valueRequired":true,"valueName":"search_term_string"}}],"inLanguage":"ca"},{"@type":"Organization","@id":"https:\/\/www.euroretol.com\/ca\/#organization","name":"Euroretol - R\u00e8tols, publicitat i impressi\u00f3 digital","url":"https:\/\/www.euroretol.com\/ca\/","logo":{"@type":"ImageObject","inLanguage":"ca","@id":"https:\/\/www.euroretol.com\/ca\/#\/schema\/logo\/image\/","url":"https:\/\/www.euroretol.com\/wp-content\/uploads\/2024\/02\/euroretol-420x120-2.png","contentUrl":"https:\/\/www.euroretol.com\/wp-content\/uploads\/2024\/02\/euroretol-420x120-2.png","width":420,"height":120,"caption":"Euroretol - R\u00e8tols, publicitat i impressi\u00f3 digital"},"image":{"@id":"https:\/\/www.euroretol.com\/ca\/#\/schema\/logo\/image\/"}}]}},"_links":{"self":[{"href":"https:\/\/www.euroretol.com\/ca\/wp-json\/wp\/v2\/pages\/2130","targetHints":{"allow":["GET"]}}],"collection":[{"href":"https:\/\/www.euroretol.com\/ca\/wp-json\/wp\/v2\/pages"}],"about":[{"href":"https:\/\/www.euroretol.com\/ca\/wp-json\/wp\/v2\/types\/page"}],"author":[{"embeddable":true,"href":"https:\/\/www.euroretol.com\/ca\/wp-json\/wp\/v2\/users\/1"}],"replies":[{"embeddable":true,"href":"https:\/\/www.euroretol.com\/ca\/wp-json\/wp\/v2\/comments?post=2130"}],"version-history":[{"count":0,"href":"https:\/\/www.euroretol.com\/ca\/wp-json\/wp\/v2\/pages\/2130\/revisions"}],"wp:attachment":[{"href":"https:\/\/www.euroretol.com\/ca\/wp-json\/wp\/v2\/media?parent=2130"}],"curies":[{"name":"wp","href":"https:\/\/api.w.org\/{rel}","templated":true}]}}