{"id":2149,"date":"2026-03-23T09:38:51","date_gmt":"2026-03-23T09:38:51","guid":{"rendered":"https:\/\/www.euroretol.com\/?page_id=2149"},"modified":"2026-03-23T10:01:31","modified_gmt":"2026-03-23T10:01:31","slug":"vinils-promocionals","status":"publish","type":"page","link":"https:\/\/www.euroretol.com\/ca\/retols-publicitat\/vinils\/vinils-promocionals\/","title":{"rendered":"Vinils promocionals"},"content":{"rendered":"<div class=\"img-cabecera full-width\"><img decoding=\"async\" src=\"https:\/\/www.euroretol.com\/wp-content\/uploads\/2026\/03\/vinilos-promocionales.jpg\" title=\"Vinils promocionals\" alt=\"Vinils per a promocions\"><\/div>\n<h1 class=\"titulo-con-cabecera\">Vinils promocionals<\/h1>\n<h2>Vinils impresos i retallats a mida per a promocions<\/h2>\n<div class=\"estrecho\">\n<p>Dissenyem <strong>vinils promocionals<\/strong>.<\/p>\n<p>Si teniu una <strong>prmoci\u00f3 a destacar<\/strong> anuncia-la de forma visual amb un <strong>vinil per a promocions<\/strong>, ja sigui per a rebaixes en botigues, promocions immobili\u00e0ries per a pisos en venda, etc.<\/p>\n<p>Els nostres <strong>vinils per a promocions<\/strong> s\u00f3n personalitzats i \u00fanics.<\/p>\n<p><strong>Imprimim vinils<\/strong> preparats per aplicar en diferents materials: PVC, metacrilat, alumini, vidrieres, parets, vehicles, estands de fira, r\u00e8tols\u2026 Per col\u00b7locar sobre qualsevol superf\u00edcie.<\/p>\n<p>Feu-nos saber la vostra idea i nosaltres la posarem en pr\u00e0ctica amb un <strong>vinil promocional a mida<\/strong>.<\/p>\n<\/div>\n<p class=\"boton-presupuesto\"><a href=\"https:\/\/www.euroretol.com\/ca\/empresa-retolacio\/\" title=\"Sol\u00b7licitar pressupostos de vinils ppromocionals\">Sol\u00b7licitar pressupost<\/a><\/p>\n<div class=\"galerias\"><div class=\"rl-gallery-container rl-loading\" id=\"rl-gallery-container-1\" data-gallery_id=\"2150\"> <div class=\"rl-gallery rl-basicgrid-gallery \" id=\"rl-gallery-1\" data-gallery_no=\"1\"> <div class=\"rl-gallery-item\"><a href=\"https:\/\/www.euroretol.com\/wp-content\/uploads\/2026\/03\/viilos-promocionales_03.jpg\" title=\"\" data-rl_title=\"\" class=\"rl-gallery-link\" data-rl_caption=\"\" data-rel=\"lightbox-gallery-1\"><img fetchpriority=\"high\" decoding=\"async\" src=\"https:\/\/www.euroretol.com\/wp-content\/uploads\/2026\/03\/viilos-promocionales_03-300x225.jpg\" width=\"300\" height=\"225\" alt=\"Vinilos promocionales\"\/><\/a><\/div><div class=\"rl-gallery-item\"><a href=\"https:\/\/www.euroretol.com\/wp-content\/uploads\/2026\/03\/viilos-promocionales_02.jpg\" title=\"\" data-rl_title=\"\" class=\"rl-gallery-link\" data-rl_caption=\"\" data-rel=\"lightbox-gallery-1\"><img decoding=\"async\" src=\"https:\/\/www.euroretol.com\/wp-content\/uploads\/2026\/03\/viilos-promocionales_02-300x169.jpg\" width=\"300\" height=\"169\" alt=\"Vinilos promocionales\"\/><\/a><\/div><div class=\"rl-gallery-item\"><a href=\"https:\/\/www.euroretol.com\/wp-content\/uploads\/2026\/03\/viilos-promocionales_01.jpg\" title=\"\" data-rl_title=\"\" class=\"rl-gallery-link\" data-rl_caption=\"\" data-rel=\"lightbox-gallery-1\"><img decoding=\"async\" src=\"https:\/\/www.euroretol.com\/wp-content\/uploads\/2026\/03\/viilos-promocionales_01-283x300.jpg\" width=\"283\" height=\"300\" alt=\"Vinilos promocionales\"\/><\/a><\/div> <\/div> <\/div><\/div>\n","protected":false},"excerpt":{"rendered":"<p>Vinils promocionals Vinils impresos i retallats a mida per a promocions Dissenyem vinils promocionals. Si teniu una prmoci\u00f3 a destacar anuncia-la de forma visual amb un vinil per a promocions, ja sigui per a rebaixes en botigues, promocions immobili\u00e0ries per a pisos en venda, etc. Els nostres vinils per a promocions s\u00f3n personalitzats i \u00fanics. [&hellip;]<\/p>\n","protected":false},"author":1,"featured_media":1739,"parent":1848,"menu_order":0,"comment_status":"closed","ping_status":"closed","template":"","meta":{"site-sidebar-layout":"default","site-content-layout":"default","ast-site-content-layout":"default","site-content-style":"default","site-sidebar-style":"default","ast-global-header-display":"","ast-banner-title-visibility":"","ast-main-header-display":"","ast-hfb-above-header-display":"","ast-hfb-below-header-display":"","ast-hfb-mobile-header-display":"","site-post-title":"disabled","ast-breadcrumbs-content":"","ast-featured-img":"disabled","footer-sml-layout":"","theme-transparent-header-meta":"default","adv-header-id-meta":"","stick-header-meta":"","header-above-stick-meta":"","header-main-stick-meta":"","header-below-stick-meta":"","astra-migrate-meta-layouts":"set","ast-page-background-enabled":"default","ast-page-background-meta":{"desktop":{"background-color":"var(--ast-global-color-4)","background-image":"","background-repeat":"repeat","background-position":"center center","background-size":"auto","background-attachment":"scroll","background-type":"","background-media":"","overlay-type":"","overlay-color":"","overlay-opacity":"","overlay-gradient":""},"tablet":{"background-color":"","background-image":"","background-repeat":"repeat","background-position":"center center","background-size":"auto","background-attachment":"scroll","background-type":"","background-media":"","overlay-type":"","overlay-color":"","overlay-opacity":"","overlay-gradient":""},"mobile":{"background-color":"","background-image":"","background-repeat":"repeat","background-position":"center center","background-size":"auto","background-attachment":"scroll","background-type":"","background-media":"","overlay-type":"","overlay-color":"","overlay-opacity":"","overlay-gradient":""}},"ast-content-background-meta":{"desktop":{"background-color":"var(--ast-global-color-5)","background-image":"","background-repeat":"repeat","background-position":"center center","background-size":"auto","background-attachment":"scroll","background-type":"","background-media":"","overlay-type":"","overlay-color":"","overlay-opacity":"","overlay-gradient":""},"tablet":{"background-color":"var(--ast-global-color-5)","background-image":"","background-repeat":"repeat","background-position":"center center","background-size":"auto","background-attachment":"scroll","background-type":"","background-media":"","overlay-type":"","overlay-color":"","overlay-opacity":"","overlay-gradient":""},"mobile":{"background-color":"var(--ast-global-color-5)","background-image":"","background-repeat":"repeat","background-position":"center center","background-size":"auto","background-attachment":"scroll","background-type":"","background-media":"","overlay-type":"","overlay-color":"","overlay-opacity":"","overlay-gradient":""}},"footnotes":""},"class_list":["post-2149","page","type-page","status-publish","has-post-thumbnail","hentry"],"yoast_head":"<!-- This site is optimized with the Yoast SEO plugin v27.0 - https:\/\/yoast.com\/product\/yoast-seo-wordpress\/ -->\n<title>Impressi\u00f3 i col\u00b7locaci\u00f3 de vinils promocionals<\/title>\n<meta name=\"description\" content=\"Empresa per a la impressi\u00f3, retallada i col\u00b7locaci\u00f3 de vinils promocionals en qualsevol tipus de superf\u00edcie amb opci\u00f3 de muntatge personal\" \/>\n<meta name=\"robots\" content=\"index, follow, max-snippet:-1, max-image-preview:large, max-video-preview:-1\" \/>\n<link rel=\"canonical\" href=\"https:\/\/www.euroretol.com\/ca\/retols-publicitat\/vinils\/vinils-promocionals\/\" \/>\n<meta property=\"og:locale\" content=\"ca_ES\" \/>\n<meta property=\"og:type\" content=\"article\" \/>\n<meta property=\"og:title\" content=\"Impressi\u00f3 i col\u00b7locaci\u00f3 de vinils promocionals\" \/>\n<meta property=\"og:description\" content=\"Empresa per a la impressi\u00f3, retallada i col\u00b7locaci\u00f3 de vinils promocionals en qualsevol tipus de superf\u00edcie amb opci\u00f3 de muntatge personal\" \/>\n<meta property=\"og:url\" content=\"https:\/\/www.euroretol.com\/ca\/retols-publicitat\/vinils\/vinils-promocionals\/\" \/>\n<meta property=\"og:site_name\" content=\"Euroretol - R\u00e8tols, publicitat i impressi\u00f3 digital\" \/>\n<meta property=\"article:modified_time\" content=\"2026-03-23T10:01:31+00:00\" \/>\n<meta property=\"og:image\" content=\"https:\/\/www.euroretol.com\/wp-content\/uploads\/2023\/07\/vinilos-para-cristal-1.jpg\" \/>\n\t<meta property=\"og:image:width\" content=\"900\" \/>\n\t<meta property=\"og:image:height\" content=\"675\" \/>\n\t<meta property=\"og:image:type\" content=\"image\/jpeg\" \/>\n<meta name=\"twitter:label1\" content=\"Temps estimat de lectura\" \/>\n\t<meta name=\"twitter:data1\" content=\"1 minut\" \/>\n<script type=\"application\/ld+json\" class=\"yoast-schema-graph\">{\"@context\":\"https:\/\/schema.org\",\"@graph\":[{\"@type\":\"WebPage\",\"@id\":\"https:\/\/www.euroretol.com\/ca\/retols-publicitat\/vinils\/vinils-promocionals\/\",\"url\":\"https:\/\/www.euroretol.com\/ca\/retols-publicitat\/vinils\/vinils-promocionals\/\",\"name\":\"Impressi\u00f3 i col\u00b7locaci\u00f3 de vinils promocionals\",\"isPartOf\":{\"@id\":\"https:\/\/www.euroretol.com\/ca\/#website\"},\"primaryImageOfPage\":{\"@id\":\"https:\/\/www.euroretol.com\/ca\/retols-publicitat\/vinils\/vinils-promocionals\/#primaryimage\"},\"image\":{\"@id\":\"https:\/\/www.euroretol.com\/ca\/retols-publicitat\/vinils\/vinils-promocionals\/#primaryimage\"},\"thumbnailUrl\":\"https:\/\/www.euroretol.com\/wp-content\/uploads\/2023\/07\/vinilos-para-cristal-1.jpg\",\"datePublished\":\"2026-03-23T09:38:51+00:00\",\"dateModified\":\"2026-03-23T10:01:31+00:00\",\"description\":\"Empresa per a la impressi\u00f3, retallada i col\u00b7locaci\u00f3 de vinils promocionals en qualsevol tipus de superf\u00edcie amb opci\u00f3 de muntatge personal\",\"breadcrumb\":{\"@id\":\"https:\/\/www.euroretol.com\/ca\/retols-publicitat\/vinils\/vinils-promocionals\/#breadcrumb\"},\"inLanguage\":\"ca\",\"potentialAction\":[{\"@type\":\"ReadAction\",\"target\":[\"https:\/\/www.euroretol.com\/ca\/retols-publicitat\/vinils\/vinils-promocionals\/\"]}]},{\"@type\":\"ImageObject\",\"inLanguage\":\"ca\",\"@id\":\"https:\/\/www.euroretol.com\/ca\/retols-publicitat\/vinils\/vinils-promocionals\/#primaryimage\",\"url\":\"https:\/\/www.euroretol.com\/wp-content\/uploads\/2023\/07\/vinilos-para-cristal-1.jpg\",\"contentUrl\":\"https:\/\/www.euroretol.com\/wp-content\/uploads\/2023\/07\/vinilos-para-cristal-1.jpg\",\"width\":900,\"height\":675,\"caption\":\"Vinilos personalizados en cristaleras\"},{\"@type\":\"BreadcrumbList\",\"@id\":\"https:\/\/www.euroretol.com\/ca\/retols-publicitat\/vinils\/vinils-promocionals\/#breadcrumb\",\"itemListElement\":[{\"@type\":\"ListItem\",\"position\":1,\"name\":\"Productes\",\"item\":\"https:\/\/www.euroretol.com\/ca\/retols-publicitat\/\"},{\"@type\":\"ListItem\",\"position\":2,\"name\":\"Vinils\",\"item\":\"https:\/\/www.euroretol.com\/ca\/retols-publicitat\/vinils\/\"},{\"@type\":\"ListItem\",\"position\":3,\"name\":\"Vinils promocionals\"}]},{\"@type\":\"WebSite\",\"@id\":\"https:\/\/www.euroretol.com\/ca\/#website\",\"url\":\"https:\/\/www.euroretol.com\/ca\/\",\"name\":\"Euroretol - R\u00e8tols, publicitat i impressi\u00f3 digital\",\"description\":\"Serveis de rotulaci\u00f3\",\"publisher\":{\"@id\":\"https:\/\/www.euroretol.com\/ca\/#organization\"},\"potentialAction\":[{\"@type\":\"SearchAction\",\"target\":{\"@type\":\"EntryPoint\",\"urlTemplate\":\"https:\/\/www.euroretol.com\/ca\/?s={search_term_string}\"},\"query-input\":{\"@type\":\"PropertyValueSpecification\",\"valueRequired\":true,\"valueName\":\"search_term_string\"}}],\"inLanguage\":\"ca\"},{\"@type\":\"Organization\",\"@id\":\"https:\/\/www.euroretol.com\/ca\/#organization\",\"name\":\"Euroretol - R\u00e8tols, publicitat i impressi\u00f3 digital\",\"url\":\"https:\/\/www.euroretol.com\/ca\/\",\"logo\":{\"@type\":\"ImageObject\",\"inLanguage\":\"ca\",\"@id\":\"https:\/\/www.euroretol.com\/ca\/#\/schema\/logo\/image\/\",\"url\":\"https:\/\/www.euroretol.com\/wp-content\/uploads\/2024\/02\/euroretol-420x120-2.png\",\"contentUrl\":\"https:\/\/www.euroretol.com\/wp-content\/uploads\/2024\/02\/euroretol-420x120-2.png\",\"width\":420,\"height\":120,\"caption\":\"Euroretol - R\u00e8tols, publicitat i impressi\u00f3 digital\"},\"image\":{\"@id\":\"https:\/\/www.euroretol.com\/ca\/#\/schema\/logo\/image\/\"}}]}<\/script>\n<!-- \/ Yoast SEO plugin. -->","yoast_head_json":{"title":"Impressi\u00f3 i col\u00b7locaci\u00f3 de vinils promocionals","description":"Empresa per a la impressi\u00f3, retallada i col\u00b7locaci\u00f3 de vinils promocionals en qualsevol tipus de superf\u00edcie amb opci\u00f3 de muntatge personal","robots":{"index":"index","follow":"follow","max-snippet":"max-snippet:-1","max-image-preview":"max-image-preview:large","max-video-preview":"max-video-preview:-1"},"canonical":"https:\/\/www.euroretol.com\/ca\/retols-publicitat\/vinils\/vinils-promocionals\/","og_locale":"ca_ES","og_type":"article","og_title":"Impressi\u00f3 i col\u00b7locaci\u00f3 de vinils promocionals","og_description":"Empresa per a la impressi\u00f3, retallada i col\u00b7locaci\u00f3 de vinils promocionals en qualsevol tipus de superf\u00edcie amb opci\u00f3 de muntatge personal","og_url":"https:\/\/www.euroretol.com\/ca\/retols-publicitat\/vinils\/vinils-promocionals\/","og_site_name":"Euroretol - R\u00e8tols, publicitat i impressi\u00f3 digital","article_modified_time":"2026-03-23T10:01:31+00:00","og_image":[{"width":900,"height":675,"url":"https:\/\/www.euroretol.com\/wp-content\/uploads\/2023\/07\/vinilos-para-cristal-1.jpg","type":"image\/jpeg"}],"twitter_misc":{"Temps estimat de lectura":"1 minut"},"schema":{"@context":"https:\/\/schema.org","@graph":[{"@type":"WebPage","@id":"https:\/\/www.euroretol.com\/ca\/retols-publicitat\/vinils\/vinils-promocionals\/","url":"https:\/\/www.euroretol.com\/ca\/retols-publicitat\/vinils\/vinils-promocionals\/","name":"Impressi\u00f3 i col\u00b7locaci\u00f3 de vinils promocionals","isPartOf":{"@id":"https:\/\/www.euroretol.com\/ca\/#website"},"primaryImageOfPage":{"@id":"https:\/\/www.euroretol.com\/ca\/retols-publicitat\/vinils\/vinils-promocionals\/#primaryimage"},"image":{"@id":"https:\/\/www.euroretol.com\/ca\/retols-publicitat\/vinils\/vinils-promocionals\/#primaryimage"},"thumbnailUrl":"https:\/\/www.euroretol.com\/wp-content\/uploads\/2023\/07\/vinilos-para-cristal-1.jpg","datePublished":"2026-03-23T09:38:51+00:00","dateModified":"2026-03-23T10:01:31+00:00","description":"Empresa per a la impressi\u00f3, retallada i col\u00b7locaci\u00f3 de vinils promocionals en qualsevol tipus de superf\u00edcie amb opci\u00f3 de muntatge personal","breadcrumb":{"@id":"https:\/\/www.euroretol.com\/ca\/retols-publicitat\/vinils\/vinils-promocionals\/#breadcrumb"},"inLanguage":"ca","potentialAction":[{"@type":"ReadAction","target":["https:\/\/www.euroretol.com\/ca\/retols-publicitat\/vinils\/vinils-promocionals\/"]}]},{"@type":"ImageObject","inLanguage":"ca","@id":"https:\/\/www.euroretol.com\/ca\/retols-publicitat\/vinils\/vinils-promocionals\/#primaryimage","url":"https:\/\/www.euroretol.com\/wp-content\/uploads\/2023\/07\/vinilos-para-cristal-1.jpg","contentUrl":"https:\/\/www.euroretol.com\/wp-content\/uploads\/2023\/07\/vinilos-para-cristal-1.jpg","width":900,"height":675,"caption":"Vinilos personalizados en cristaleras"},{"@type":"BreadcrumbList","@id":"https:\/\/www.euroretol.com\/ca\/retols-publicitat\/vinils\/vinils-promocionals\/#breadcrumb","itemListElement":[{"@type":"ListItem","position":1,"name":"Productes","item":"https:\/\/www.euroretol.com\/ca\/retols-publicitat\/"},{"@type":"ListItem","position":2,"name":"Vinils","item":"https:\/\/www.euroretol.com\/ca\/retols-publicitat\/vinils\/"},{"@type":"ListItem","position":3,"name":"Vinils promocionals"}]},{"@type":"WebSite","@id":"https:\/\/www.euroretol.com\/ca\/#website","url":"https:\/\/www.euroretol.com\/ca\/","name":"Euroretol - R\u00e8tols, publicitat i impressi\u00f3 digital","description":"Serveis de rotulaci\u00f3","publisher":{"@id":"https:\/\/www.euroretol.com\/ca\/#organization"},"potentialAction":[{"@type":"SearchAction","target":{"@type":"EntryPoint","urlTemplate":"https:\/\/www.euroretol.com\/ca\/?s={search_term_string}"},"query-input":{"@type":"PropertyValueSpecification","valueRequired":true,"valueName":"search_term_string"}}],"inLanguage":"ca"},{"@type":"Organization","@id":"https:\/\/www.euroretol.com\/ca\/#organization","name":"Euroretol - R\u00e8tols, publicitat i impressi\u00f3 digital","url":"https:\/\/www.euroretol.com\/ca\/","logo":{"@type":"ImageObject","inLanguage":"ca","@id":"https:\/\/www.euroretol.com\/ca\/#\/schema\/logo\/image\/","url":"https:\/\/www.euroretol.com\/wp-content\/uploads\/2024\/02\/euroretol-420x120-2.png","contentUrl":"https:\/\/www.euroretol.com\/wp-content\/uploads\/2024\/02\/euroretol-420x120-2.png","width":420,"height":120,"caption":"Euroretol - R\u00e8tols, publicitat i impressi\u00f3 digital"},"image":{"@id":"https:\/\/www.euroretol.com\/ca\/#\/schema\/logo\/image\/"}}]}},"_links":{"self":[{"href":"https:\/\/www.euroretol.com\/ca\/wp-json\/wp\/v2\/pages\/2149","targetHints":{"allow":["GET"]}}],"collection":[{"href":"https:\/\/www.euroretol.com\/ca\/wp-json\/wp\/v2\/pages"}],"about":[{"href":"https:\/\/www.euroretol.com\/ca\/wp-json\/wp\/v2\/types\/page"}],"author":[{"embeddable":true,"href":"https:\/\/www.euroretol.com\/ca\/wp-json\/wp\/v2\/users\/1"}],"replies":[{"embeddable":true,"href":"https:\/\/www.euroretol.com\/ca\/wp-json\/wp\/v2\/comments?post=2149"}],"version-history":[{"count":0,"href":"https:\/\/www.euroretol.com\/ca\/wp-json\/wp\/v2\/pages\/2149\/revisions"}],"up":[{"embeddable":true,"href":"https:\/\/www.euroretol.com\/ca\/wp-json\/wp\/v2\/pages\/1848"}],"wp:featuredmedia":[{"embeddable":true,"href":"https:\/\/www.euroretol.com\/ca\/wp-json\/wp\/v2\/media\/1739"}],"wp:attachment":[{"href":"https:\/\/www.euroretol.com\/ca\/wp-json\/wp\/v2\/media?parent=2149"}],"curies":[{"name":"wp","href":"https:\/\/api.w.org\/{rel}","templated":true}]}}